{"id":87,"date":"2011-06-04T19:20:08","date_gmt":"2011-06-04T19:20:08","guid":{"rendered":"http:\/\/localhost\/?page_id=87"},"modified":"2025-08-21T22:12:44","modified_gmt":"2025-08-21T22:12:44","slug":"privacy","status":"publish","type":"page","link":"https:\/\/k-demo.it\/intra\/privacy\/","title":{"rendered":"Informazioni sulla Privacy Policy di questo sito"},"content":{"rendered":"<div id = \"privacy-policy\">\n<strong>INFORMAZIONI SUL TRATTAMENTO DEI DATI PERSONALI <\/strong>degli utenti che consultano il sito web <a href=\"https:\/\/studiointra.it\/\">https:\/\/studiointra.it\/<\/a><\/p>\n<p><strong><u>INFORMAZIONI GENERALI ED INFORMAZIONI SPECIFICHE SUI <em>COOKIE TECNICI<\/em><\/u><\/strong><\/p>\n<p><strong>PERCH\u00c9 QUESTE INFORMAZIONI<\/strong><\/p>\n<p>Ai sensi del Regolamento (UE) 2016\/679 (di seguito &#8220;Regolamento&#8221;), questa pagina descrive le modalit\u00e0 di trattamento dei dati personali degli utenti che consultano il sito web <a href=\"https:\/\/studiointra.it\/\">https:\/\/studiointra.it\/<\/a>.<\/p>\n<p>Le presenti informazioni non riguardano altri siti, pagine o servizi online raggiungibili tramite link ipertestuali eventualmente pubblicati nel sito ma riferiti a risorse esterne al dominio del Titolare.<\/p>\n<p>Il Titolare fornisce la presente informativa anche in relazione ai <em>cookie <\/em>tecnici necessari per la funzionalit\u00e0 del sito e per fornire i servizi richiesti, secondo le indicazioni fornite dal Garante per la Protezione dei Dati Personali nelle <em>Linee Guida cookie e altri strumenti di tracciamento<\/em>, 10 giugno 2021.<\/p>\n<p><strong>TITOLARE DEL TRATTAMENTO<\/strong><\/p>\n<p>Titolare del trattamento \u00e8 INTRA S.n.c. di Ermacora C. e Totis M., con sede in (33100) Udine, viale Venezia n. 111\/A, codice fiscale e partita i.v.a. 03039870302, e-mail studiointra@studiointra.it PEC intrasnc@casellapec.com, telefono 0432 531010.<\/p>\n<p><strong><u>TIPI DI DATI TRATTATI &#8211; FINALIT\u00c0 DEL TRATTAMENTO <\/u><\/strong><\/p>\n<p><strong><u>Dati forniti volontariamente dall\u2019utente:<\/u><\/strong><\/p>\n<p><strong><u>Modulo contatti<\/u><\/strong><\/p>\n<p>L\u2019invio volontario di posta elettronica agli indirizzi indicati e\/o mediante compilazione del modulo \u201ccontatti\u201d presente su questo sito comporta la successiva acquisizione dell\u2019indirizzo del mittente, necessario per rispondere alle richieste, nonch\u00e9 degli eventuali altri dati personali inseriti nella missiva (nome, cognome, e-mail).<\/p>\n<p>Analogamente, la richiesta da parte dell\u2019utente di invio di materiale informativo da parte di Intra S.n.c. comporta l\u2019acquisizione dell\u2019indirizzo di posta elettronica dell\u2019utente, necessario per l\u2019invio delle comunicazioni come richieste dall\u2019utente.<\/p>\n<p>Dopo l\u2019evasione della richiesta, il Titolare si astiene da ogni ulteriore trattamento riguardante i dati forniti, salvo diversa ed espressa indicazione dell\u2019interessato.<\/p>\n<p><strong><u>Modulo per la richiesta di un preventivo <\/u><\/strong><\/p>\n<p>La richiesta di preventivo rivolta ad Intra S.n.c. mediante invio volontario di comunicazioni di posta elettronica agli indirizzi indicati e\/o mediante compilazione del modulo on-line \u201crichiesta di un preventivo gratuito\u201d presente su questo sito comporta la successiva acquisizione dell\u2019indirizzo del mittente, necessario per rispondere alle richieste, nonch\u00e9 degli eventuali altri dati personali inseriti nella missiva e\/o nel modulo on-line contenente i seguenti campi: nome, cognome, privato\/azienda, Provincia\/Stato estero, telefono, e-mail).<\/p>\n<p>Fermo restando la libert\u00e0 nel conferimento dei dati personali da parte dell\u2019interessato, si fa presente che la mancata\/errata comunicazione dei dati potrebbe comportare l\u2019impossibilit\u00e0, per il titolare, di elaborare correttamente il preventivo.<\/p>\n<p><strong>L\u2019interessato non dovr\u00e0 comunicare dati rientranti in particolari categorie (\u201cdati sensibili\u201d)<\/strong>. Non dovranno essere trasmessi dati che rivelino l\u2019origine razziale o etnica, le opinioni politiche, le convinzioni religiose o filosofiche, l\u2019appartenenza sindacale, dati genetici, biometrici, dati relativi alla vita sessuale o all\u2019orientamento sessuale, e tutte le informazioni comunque riconducibili alle particolari categorie di cui all\u2019art. 9 comma 1 del Regolamento. Qualora nel materiale inviato al Titolare siano comunque contenuti anche dati rientranti in tali categorie, il Titolare, nell\u2019impossibilit\u00e0 di procedere a una separazione dei dati ai fini della valutazione richiesta, chieder\u00e0 all\u2019interessato di inviare il materiale privo dei dati stessi, astenendosi dal trattare i dati in precedenza forniti.<\/p>\n<p>Il conferimento dei dati per le finalit\u00e0 sopra indicate non richiede il consenso dell\u2019interessato, in quanto riconducibile alla necessit\u00e0 di esecuzione di un contratto di cui l\u2019interessato \u00e8 parte o all\u2019esecuzione di misure precontrattuali adottate su richiesta dello stesso.<\/p>\n<p>Dopo l\u2019evasione della richiesta, il Titolare si astiene da ogni ulteriore trattamento riguardante i dati forniti, salvo diversa ed espressa indicazione dell\u2019interessato.<\/p>\n<p><strong><u>Dati forniti dall\u2019utente per l\u2019invio di comunicazioni commerciali e promozionali<\/u><\/strong><\/p>\n<p>Qualora Lei acconsenta espressamente, i Suoi dati personali (nome, cognome, indirizzo, e-mail) saranno trattati per finalit\u00e0 informative e promozionali realizzate con modalit\u00e0 automatizzate (ad es. invio di newsletter, e-mail) e con modalit\u00e0 non automatizzate (ad es. posta ordinaria, telefono con operatore, ecc.).<\/p>\n<p>Il trattamento per finalit\u00e0 di marketing potr\u00e0 pertanto avvenire solo a seguito del Suo consenso e finch\u00e9 tale consenso non sia revocato. Rimane fermo il diritto di opposizione al trattamento.<\/p>\n<p><strong><u>COOKIE POLICY<\/u><\/strong><\/p>\n<p><strong><u>Cookie tecnici<\/u><\/strong><\/p>\n<p>Il Titolare fornisce la presente informativa specifica sui <em>cookie<\/em> secondo le indicazioni fornite dal Garante per la Protezione dei Dati Personali nelle <em>Linee Guida cookie e altri strumenti di tracciamento<\/em>, 10 giugno 2021.<\/p>\n<p>Un \u201ccookie\u201d \u00e8 un piccolo file di testo creato sul computer dell\u2019utente nel momento in cui questo visita un determinato sito. Il suo scopo \u00e8 di conservare informazioni sulle preferenze dei visitatori, per migliorare le funzionalit\u00e0 del sito, per semplificarne la navigazione automatizzando alcune procedure (es. login, lingua sito, ecc.) e per analisi statistiche dell\u2019uso del sito o per acquisire informazioni sul tipo di dispositivo utilizzato per navigare nel sito.<\/p>\n<p>L\u2019utilizzo di Cookie o di altri strumenti di tracciamento da parte di questo sito o dei titolari dei servizi terzi utilizzati da questo sito, ove non diversamente precisato, ha finalit\u00e0 strettamente legate all\u2019erogazione del servizio richiesto dall\u2019Utente ed alla funzionalit\u00e0 del sito.<\/p>\n<p>Viene quindi fatto uso solo di <strong>cookie tecnici <\/strong>in modo strettamente limitato a quanto necessario per la navigazione sicura ed efficiente dei siti.<\/p>\n<p><strong><u>Cookie di analisi di servizi di terze parti<\/u><\/strong><\/p>\n<p>Questi cookie sono utilizzati al fine di raccogliere informazioni sull\u2019uso del sito da parte degli utenti in forma anonima quali: pagine visitate, tempo di permanenza, origini del traffico di provenienza, provenienza geografica, et\u00e0, genere e interessi ai fini di campagne di marketing. Questi cookie sono inviati da domini di terze parti esterni al sito.<\/p>\n<p>I cookie di analisi di prime e terze parti sono equiparabili ai cookie e agli altri identificatori tecnici solo se:<\/p>\n<p>&#8211; vengono utilizzati unicamente per produrre statistiche aggregate e in relazione ad un singolo sito o una sola applicazione mobile;<\/p>\n<p>&#8211; viene mascherata, per quelli di terze parti, almeno la quarta componente dell\u2019indirizzo IP;<\/p>\n<p>&#8211; le terze parti si astengono dal combinare i cookie analytics, cos\u00ec minimizzati, con altre elaborazioni (file dei clienti o statistiche di visite ad altri siti, ad esempio) o dal trasmetterli ad ulteriori terzi. \u00c8 tuttavia consentita alle terze parti la produzione di statistiche con dati relativi a pi\u00f9 domini, siti web o app che siano riconducibili al medesimo publisher o gruppo imprenditoriale.<\/p>\n<p>In particolare, il presente sito fa uso dei seguenti cookie tecnici:<\/p>\n<p>&#8211; _grecaptcha Origine: https:\/\/www.gstatic.com\/recaptcha\/releases\/-FJg Yf1d3d Z_QPcZP7bd85hc\/recaptcha__en.js tramite https:\/\/studiointra.it\/wp-content\/plugins\/contact-form-7\/modules\/recaptcha\/index.js?ver= 5.4.1 Tempo di conservazione: persistente<\/p>\n<p>&#8211; _GRECAPTCHA Origine: https:\/\/www.google.com\/recaptcha\/api2\/reload ?k= 6LelPcAaAAAAAJd 9dw VA58iu mQSNa1Ck6Sz4Rsg E tramite http s:\/\/studioin tra.it\/wp-content\/plugins\/contact-form-7\/modules\/recaptcha\/index.js?ver=5.4.1 Tempo di conservazione: 179 giorni<\/p>\n<p>&#8211; cookielawinfo-checkbox-necessary Origine: https:\/\/studiointra.it\/wp -content\/plugin\/cookie-law-info \/public\/js\/cookie-law-info-public.js?ver= 2.0.1 Tempo di conservazione: 1 anno<\/p>\n<p>&#8211; cookielawinfo-checkbox-non-necessary Origine: https:\/\/studiointra.it\/wp -content\/plugin\/cookie-law-info \/public\/js\/cookie-law-info-public.js?ver= 2.0.1 Tempo di conservazione: 1 anno<\/p>\n<p>&#8211; rc::a https:\/\/www.google.com\/recaptcha\/api.js?render= 6LelPcAaAAAAAJd 9dw VA58iumQSNa1Ck6Sz4RsgEver= 3.0 Tempo di conservazione: persistente<\/p>\n<p>&#8211; rc::b Origine: https:\/\/www.google.com\/recaptcha\/api.js?render= 6LelPcAaAAAAAJd 9d w VA58iu mQSNa1Ck6Sz4RsgEver= 3.0 tramite https:\/\/studiointra.it\/wp-content\/plugins\/contact-form-7\/modules\/recaptcha\/index.js?ver= 5.4.1 Tempo di conservazione: sessione<\/p>\n<p>&#8211; rc::c Origine: https:\/\/www.google.com\/recaptcha\/api.js?render= 6LelPcAaAAAAAJd 9dw VA58iumQSNa1Ck6Sz4RsgEver= 3.0 tempo di conservazione: sessione<\/p>\n<p>&#8211; rc::d-# Origine: https:\/\/www.google.com\/recaptcha\/api.js?render= 6LelPcAaAAAAAJd 9dwVA58iu mQSNa1Ck6Sz4RsgEver= 3.0 tramite https:\/\/studiointra.it\/wp-content\/plugins\/contact-form-7\/modules\/recaptcha\/index.js?ver= 5.4.1 Tempo di conservazione: persistente<\/p>\n<p>Il presente sito fa uso dei seguenti cookie analitici configurati in modo da escludere trattamenti di dati identificativi (anonimizzati):<\/p>\n<p>&#8211; _ga Origine: https:\/\/www.google-analytics.com\/analytics.js Tempo di conservazione: 2 anni<\/p>\n<p>&#8211; _gat Origine: https:\/\/www.google-analytics.com\/analytics.js Tempo di conservazione: 1 giorno<\/p>\n<p>&#8211; _gid Origine: https:\/\/www.google-analytics.com\/analytics.js Tempo di conservazione: 1 giorno<\/p>\n<p>Il Titolare non utilizza cookie di terza parte \u2013 ovvero i cookie di un dominio diverso da quello del sito Web che si sta visitando- per pubblicit\u00e0 e marketing.<\/p>\n<p><u>Finalit\u00e0<\/u>: Tali dati sono necessari per la fruizione dei servizi web e vengono dunque trattati nella misura strettamente necessaria per erogare e consentire il funzionamento dei servizi offerti.<\/p>\n<p><u>Base giuridica<\/u>: Secondo la normativa vigente, non \u00e8 richiesto all\u2019interessato di esprimere il consenso per i cookie tecnici e di analytics anonimizzati (equiparati ai cookie tecnici) necessari per la funzionalit\u00e0 del sito ed a fornire i servizi richiesti. Pertanto, la base giuridica del trattamento \u00e8 data dalla esplicita richiesta dell\u2019interessato di accesso ai contenuti del sito.<\/p>\n<p><u>Modalit\u00e0 specifiche del trattamento<\/u>: I cookie tecnici non possono essere disattivati nei nostri sistemi. Di solito vengono impostati solo in risposta alle azioni effettuate dall\u2019utente e che costituiscono una richiesta di servizi, come l&#8217;impostazione delle preferenze di privacy, l&#8217;accesso o la compilazione di moduli. La memorizzazione dei cookie di sessione nei terminali o nei browser \u00e8 sotto il controllo dell&#8217;utente, restando registrati nei log dei servizi, con tempi di conservazione sopra indicati. \u00c8 possibile impostare il browser per bloccare o avere avvisi riguardo questi cookie, ma di conseguenza alcune parti del sito non funzioneranno.<\/p>\n<p><strong><u>Natura del conferimento dei dati e conseguenze di un eventuale rifiuto.<\/u><\/strong><\/p>\n<p>Tutte le informazioni personali da Lei fornite sono il risultato di una Sua libera scelta. Le informazioni e i dati di contatto da Lei forniti attraverso l\u2019invio di una e-mail e\/o attraverso la compilazione del modulo per la richiesta di preventivo, vengono utilizzate per rispondere alle Sue domande o per soddisfare richieste da Lei formulate, per il tempo necessario ad adempiere a tale finalit\u00e0.<\/p>\n<p><strong>BASE GIURIDICA DEL TRATTAMENTO<\/strong><\/p>\n<p>Il trattamento dei Suoi dati personali per gli scopi indicati nella presente informativa si basa su uno o pi\u00f9 dei seguenti fondamenti giuridici:<\/p>\n<ul>\n<li>\u00a0la Sua richiesta di informazioni e\/o di preventivo tramite i canali indicati nel sito render\u00e0 necessario trattare i dati spontaneamente forniti (esecuzione di misure precontrattuali)<\/li>\n<li><strong>consenso<\/strong>: il consenso costituisce la base giuridica per l\u2019invio della newsletter e per le attivit\u00e0 di marketing, pertanto solo a seguito del suo specifico consenso, acquisiremo i dati personali identificativi e di contatto, ai fini di fornirle le informazioni sulle nostre attivit\u00e0, invio di comunicazioni promozionali, materiale informativo e\/o pubblicitario, nonch\u00e9 altre comunicazioni di carattere periodico o saltuario, a mezzo posta o telefono e\/o mediante comunicazioni elettroniche, nonch\u00e9 per indagini statistiche;<\/li>\n<li><strong>obblighi di legge<\/strong>: quando strettamente necessario, tratteremo i suoi dati personali per adempiere ad un obbligo legale;<\/li>\n<li><strong>interesse legittimo<\/strong>: se e nei limiti in cui l\u2019utilizzo da parte del titolare non leda i diritti dell\u2019interessato, il trattamento avverr\u00e0 sulla base di un interesse legittimo del titolare utile per le finalit\u00e0 di tutela giudiziaria e di protezione dei Contitolari stessi.<\/li>\n<\/ul>\n<p>Quanto alla base giuridica per l\u2019installazione dei <em>cookie tecnici<\/em>, si rimanda a quanto previsto nella sezione <em>cookie policy<\/em>.<\/p>\n<p><strong>LUOGO DEL TRATTAMENTO DEI DATI E SOGGETTI AUTORIZZATI AL TRATTAMENTO<\/strong><\/p>\n<p>I trattamenti connessi ai servizi web di questo sito hanno luogo presso la sede del Titolare e sono curati da soggetti espressamente autorizzati al trattamento. Le attivit\u00e0 di manutenzione possono essere affidate a soggetti espressamente designati dal Titolare. I dati relativi al sito sono essere conservati in data center all\u2019interno dell\u2019Unione Europea.<\/p>\n<p>Il Titolare del trattamento non comunica n\u00e9 diffonde a terzi le informazioni degli interessati, salvo ove richiesto dalla legge o sia strettamente necessario per l\u2019adempimento delle richieste.<\/p>\n<p>L\u2019elenco dei responsabili del trattamento dei dati personali pu\u00f2 essere richiesto inviando apposita richiesta all\u2019indirizzo del titolare.<\/p>\n<p>&nbsp;<\/p>\n<p><strong>MODALIT\u00c0 DEL TRATTAMENTO<\/strong><\/p>\n<p>I dati personali saranno eventualmente trattati da Intra S.n.c. con strumenti automatizzati o su supporto cartaceo per il tempo strettamente necessario a conseguire gli scopi per cui sono stati raccolti.<\/p>\n<p><strong>TEMPI DI CONSERVAZIONE<\/strong><\/p>\n<p>I dati personali raccolti per le finalit\u00e0 sopra descritte saranno trattati per il tempo strettamente necessario a raggiungere le finalit\u00e0 stesse e, in ogni caso, fino al tempo permesso dalla normativa italiana a tutela degli interessi del Titolare. Il periodo di conservazione dei dati personali varia in base alla finalit\u00e0 di trattamento per cui sono stati raccolti:<\/p>\n<ul>\n<li>dati utilizzati per rispondere a richieste d\u2019informazione e dati personali forniti per richiedere preventivo: saranno impiegati per il tempo strettamente necessario a raggiungere le finalit\u00e0 stesse e successivamente saranno adottate le procedure, nei richiesti tempi tecnici, per la relativa eliminazione, fatte salve eventuali esigenze di protezione degli interessi del Titolare dalle possibili responsabilit\u00e0 basate su tali trattamenti;<\/li>\n<li>dati personali raccolti e trattati per finalit\u00e0 di marketing: due (2) anni, dopo di che saranno cancellati o resi anonimi in modo permanente.<\/li>\n<li><em>cookie tecnici<\/em>: consultare la relativa sezione.<\/li>\n<\/ul>\n<p>&nbsp;<\/p>\n<p>I trattamenti riferiti all\u2019esecuzione dei contratti intercorrenti tra il Titolare e l\u2019interessato sono oggetto di separata informativa.<\/p>\n<p><strong>\u00a0<\/strong><\/p>\n<p><strong>DIRITTI DEGLI INTERESSATI<\/strong><\/p>\n<p>Ai sensi del Regolamento europeo 2016\/679 (GDPR) e tenuto conto della tipologica dei trattamenti svolti dal Titolare attraverso il presente sito, l&#8217;Utente pu\u00f2, secondo le modalit\u00e0 e nei limiti previsti dalla vigente normativa, esercitare i seguenti diritti:<\/p>\n<p>&#8211; richiedere la conferma dell&#8217;esistenza di dati personali che lo riguardano (diritto di accesso); &#8211; revocare il consenso ed opporsi in tutto o in parte, per motivi legittimi al trattamento dei dati personali che lo riguardano &#8211; conoscerne l&#8217;origine; &#8211; riceverne comunicazione intelligibile; &#8211; avere informazioni circa la logica, le modalit\u00e0 e le finalit\u00e0 del trattamento; &#8211; richiederne l&#8217;aggiornamento, la rettifica, l&#8217;integrazione, la cancellazione, la trasformazione in forma anonima, il blocco dei dati trattati in violazione di legge, ivi compresi quelli non pi\u00f9 necessari al perseguimento degli scopi per i quali sono stati raccolti, nonch\u00e9, pi\u00f9 in generale, esercitare tutti i diritti che gli sono riconosciuti dalle vigenti disposizioni di legge (artt. 15 e ss. del Regolamento).<\/p>\n<p>L&#8217;apposita istanza pu\u00f2 essere inviata all\u2019indirizzo del Titolare, INTRA S.n.c. di Ermacora C. e Totis M., (33100) Udine, viale Venezia n. 111\/A, e-mail <a href=\"mailto:studiointra@studiointra.it\">studiointra@studiointra.it<\/a>, PEC intrasnc@casellapec.com, telefono 0432 531010.<\/p>\n<p><strong>DIRITTO DI RECLAMO<\/strong><\/p>\n<p>Gli interessati che ritengono che il trattamento dei dati personali a loro riferiti effettuato attraverso questo sito avvenga in violazione di quanto previsto dal Regolamento hanno il diritto di proporre reclamo al Garante, Piazza Venezia, 11, 00187, Roma o di adire le opportune sedi giudiziarie.<\/p>\n<p>&nbsp;<\/p>\n<p>&nbsp;<\/p>\n<p>&nbsp;<\/p>\n<p>Informativa del 01\/02\/2022<\/p>\n<p>&nbsp;<\/p>\n<p>&nbsp;<br \/>\n<strong>COOKIE POLICY<\/strong><br \/>\n&nbsp;<br \/>\n<script id=\"CookieDeclaration\" src=\"https:\/\/consent.cookiebot.com\/66ee567b-b6fe-4d6e-b24a-7cac0b295020\/cd.js\" type=\"text\/javascript\" async><\/script><\/p>\n<p>&nbsp;\n<\/p><\/div>\n","protected":false},"excerpt":{"rendered":"<p>INFORMAZIONI SUL TRATTAMENTO DEI DATI PERSONALI degli utenti che consultano il sito web https:\/\/studiointra.it\/ INFORMAZIONI GENERALI ED INFORMAZIONI SPECIFICHE SUI COOKIE TECNICI PERCH\u00c9 QUESTE INFORMAZIONI Ai sensi del Regolamento (UE) 2016\/679 (di seguito &#8220;Regolamento&#8221;), questa pagina descrive le modalit\u00e0 di trattamento dei dati personali degli utenti che consultano il sito web https:\/\/studiointra.it\/. Le presenti informazioni [&hellip;]<\/p>\n","protected":false},"author":2,"featured_media":0,"parent":0,"menu_order":0,"comment_status":"open","ping_status":"open","template":"","meta":{"_acf_changed":false,"footnotes":""},"class_list":["post-87","page","type-page","status-publish","hentry"],"acf":[],"yoast_head":"<!-- This site is optimized with the Yoast SEO plugin v27.6 - https:\/\/yoast.com\/product\/yoast-seo-wordpress\/ -->\n<title>Informazioni sulla Privacy Policy di questo sito | Studio INTRA Specialist Translators<\/title>\n<meta name=\"description\" content=\"INFORMAZIONI SUL TRATTAMENTO DEI DATI PERSONALI degli utenti che consultano il sito web https:\/\/studiointra.it\/ INFORMAZIONI GENERALI ED INFORMAZIONI\" \/>\n<meta name=\"robots\" content=\"index, follow, max-snippet:-1, max-image-preview:large, max-video-preview:-1\" \/>\n<link rel=\"canonical\" href=\"https:\/\/k-demo.it\/intra\/privacy\/\" \/>\n<meta property=\"og:locale\" content=\"it_IT\" \/>\n<meta property=\"og:type\" content=\"article\" \/>\n<meta property=\"og:title\" content=\"Informazioni sulla Privacy Policy di questo sito | Studio INTRA Specialist Translators\" \/>\n<meta property=\"og:description\" content=\"INFORMAZIONI SUL TRATTAMENTO DEI DATI PERSONALI degli utenti che consultano il sito web https:\/\/studiointra.it\/ INFORMAZIONI GENERALI ED INFORMAZIONI\" \/>\n<meta property=\"og:url\" content=\"https:\/\/k-demo.it\/intra\/privacy\/\" \/>\n<meta property=\"og:site_name\" content=\"Studio INTRA\" \/>\n<meta property=\"article:modified_time\" content=\"2025-08-21T22:12:44+00:00\" \/>\n<meta name=\"twitter:card\" content=\"summary_large_image\" \/>\n<meta name=\"twitter:label1\" content=\"Tempo di lettura stimato\" \/>\n\t<meta name=\"twitter:data1\" content=\"12 minuti\" \/>\n<script type=\"application\/ld+json\" class=\"yoast-schema-graph\">{\"@context\":\"https:\\\/\\\/schema.org\",\"@graph\":[{\"@type\":\"WebPage\",\"@id\":\"https:\\\/\\\/k-demo.it\\\/intra\\\/privacy\\\/\",\"url\":\"https:\\\/\\\/k-demo.it\\\/intra\\\/privacy\\\/\",\"name\":\"Informazioni sulla Privacy Policy di questo sito | Studio INTRA Specialist Translators\",\"isPartOf\":{\"@id\":\"https:\\\/\\\/k-demo.it\\\/intra\\\/#website\"},\"datePublished\":\"2011-06-04T19:20:08+00:00\",\"dateModified\":\"2025-08-21T22:12:44+00:00\",\"description\":\"INFORMAZIONI SUL TRATTAMENTO DEI DATI PERSONALI degli utenti che consultano il sito web https:\\\/\\\/studiointra.it\\\/ INFORMAZIONI GENERALI ED INFORMAZIONI\",\"breadcrumb\":{\"@id\":\"https:\\\/\\\/k-demo.it\\\/intra\\\/privacy\\\/#breadcrumb\"},\"inLanguage\":\"it-IT\",\"potentialAction\":[{\"@type\":\"ReadAction\",\"target\":[\"https:\\\/\\\/k-demo.it\\\/intra\\\/privacy\\\/\"]}]},{\"@type\":\"BreadcrumbList\",\"@id\":\"https:\\\/\\\/k-demo.it\\\/intra\\\/privacy\\\/#breadcrumb\",\"itemListElement\":[{\"@type\":\"ListItem\",\"position\":1,\"name\":\"Home\",\"item\":\"https:\\\/\\\/k-demo.it\\\/intra\\\/\"},{\"@type\":\"ListItem\",\"position\":2,\"name\":\"Informazioni sulla Privacy Policy di questo sito\"}]},{\"@type\":\"WebSite\",\"@id\":\"https:\\\/\\\/k-demo.it\\\/intra\\\/#website\",\"url\":\"https:\\\/\\\/k-demo.it\\\/intra\\\/\",\"name\":\"Studio INTRA\",\"description\":\"Specialist Translators\",\"potentialAction\":[{\"@type\":\"SearchAction\",\"target\":{\"@type\":\"EntryPoint\",\"urlTemplate\":\"https:\\\/\\\/k-demo.it\\\/intra\\\/?s={search_term_string}\"},\"query-input\":{\"@type\":\"PropertyValueSpecification\",\"valueRequired\":true,\"valueName\":\"search_term_string\"}}],\"inLanguage\":\"it-IT\"}]}<\/script>\n<!-- \/ Yoast SEO plugin. -->","yoast_head_json":{"title":"Informazioni sulla Privacy Policy di questo sito | Studio INTRA Specialist Translators","description":"INFORMAZIONI SUL TRATTAMENTO DEI DATI PERSONALI degli utenti che consultano il sito web https:\/\/studiointra.it\/ INFORMAZIONI GENERALI ED INFORMAZIONI","robots":{"index":"index","follow":"follow","max-snippet":"max-snippet:-1","max-image-preview":"max-image-preview:large","max-video-preview":"max-video-preview:-1"},"canonical":"https:\/\/k-demo.it\/intra\/privacy\/","og_locale":"it_IT","og_type":"article","og_title":"Informazioni sulla Privacy Policy di questo sito | Studio INTRA Specialist Translators","og_description":"INFORMAZIONI SUL TRATTAMENTO DEI DATI PERSONALI degli utenti che consultano il sito web https:\/\/studiointra.it\/ INFORMAZIONI GENERALI ED INFORMAZIONI","og_url":"https:\/\/k-demo.it\/intra\/privacy\/","og_site_name":"Studio INTRA","article_modified_time":"2025-08-21T22:12:44+00:00","twitter_card":"summary_large_image","twitter_misc":{"Tempo di lettura stimato":"12 minuti"},"schema":{"@context":"https:\/\/schema.org","@graph":[{"@type":"WebPage","@id":"https:\/\/k-demo.it\/intra\/privacy\/","url":"https:\/\/k-demo.it\/intra\/privacy\/","name":"Informazioni sulla Privacy Policy di questo sito | Studio INTRA Specialist Translators","isPartOf":{"@id":"https:\/\/k-demo.it\/intra\/#website"},"datePublished":"2011-06-04T19:20:08+00:00","dateModified":"2025-08-21T22:12:44+00:00","description":"INFORMAZIONI SUL TRATTAMENTO DEI DATI PERSONALI degli utenti che consultano il sito web https:\/\/studiointra.it\/ INFORMAZIONI GENERALI ED INFORMAZIONI","breadcrumb":{"@id":"https:\/\/k-demo.it\/intra\/privacy\/#breadcrumb"},"inLanguage":"it-IT","potentialAction":[{"@type":"ReadAction","target":["https:\/\/k-demo.it\/intra\/privacy\/"]}]},{"@type":"BreadcrumbList","@id":"https:\/\/k-demo.it\/intra\/privacy\/#breadcrumb","itemListElement":[{"@type":"ListItem","position":1,"name":"Home","item":"https:\/\/k-demo.it\/intra\/"},{"@type":"ListItem","position":2,"name":"Informazioni sulla Privacy Policy di questo sito"}]},{"@type":"WebSite","@id":"https:\/\/k-demo.it\/intra\/#website","url":"https:\/\/k-demo.it\/intra\/","name":"Studio INTRA","description":"Specialist Translators","potentialAction":[{"@type":"SearchAction","target":{"@type":"EntryPoint","urlTemplate":"https:\/\/k-demo.it\/intra\/?s={search_term_string}"},"query-input":{"@type":"PropertyValueSpecification","valueRequired":true,"valueName":"search_term_string"}}],"inLanguage":"it-IT"}]}},"_links":{"self":[{"href":"https:\/\/k-demo.it\/intra\/wp-json\/wp\/v2\/pages\/87","targetHints":{"allow":["GET"]}}],"collection":[{"href":"https:\/\/k-demo.it\/intra\/wp-json\/wp\/v2\/pages"}],"about":[{"href":"https:\/\/k-demo.it\/intra\/wp-json\/wp\/v2\/types\/page"}],"author":[{"embeddable":true,"href":"https:\/\/k-demo.it\/intra\/wp-json\/wp\/v2\/users\/2"}],"replies":[{"embeddable":true,"href":"https:\/\/k-demo.it\/intra\/wp-json\/wp\/v2\/comments?post=87"}],"version-history":[{"count":9,"href":"https:\/\/k-demo.it\/intra\/wp-json\/wp\/v2\/pages\/87\/revisions"}],"predecessor-version":[{"id":8632,"href":"https:\/\/k-demo.it\/intra\/wp-json\/wp\/v2\/pages\/87\/revisions\/8632"}],"wp:attachment":[{"href":"https:\/\/k-demo.it\/intra\/wp-json\/wp\/v2\/media?parent=87"}],"curies":[{"name":"wp","href":"https:\/\/api.w.org\/{rel}","templated":true}]}}