{"id":9010,"date":"2025-09-16T01:18:58","date_gmt":"2025-09-16T01:18:58","guid":{"rendered":"https:\/\/k-demo.it\/intra\/kontakt\/"},"modified":"2025-09-16T01:18:58","modified_gmt":"2025-09-16T01:18:58","slug":"kontakt","status":"publish","type":"page","link":"https:\/\/k-demo.it\/intra\/de\/kontakt\/","title":{"rendered":"Kontakt"},"content":{"rendered":"<p>Unser \u00dcbersetzungsb\u00fcro ist in Udine, unsere Kunden sind \u00fcberall!<\/p>\n<p>Die Sprache ist keine Barriere, auch nicht die Entfernung.<\/p>\n","protected":false},"excerpt":{"rendered":"<p>Unser \u00dcbersetzungsb\u00fcro ist in Udine, unsere Kunden sind \u00fcberall! Die Sprache ist keine Barriere, auch nicht die Entfernung.<\/p>\n","protected":false},"author":8,"featured_media":0,"parent":0,"menu_order":0,"comment_status":"closed","ping_status":"closed","template":"page-contatti.php","meta":{"_acf_changed":false,"footnotes":""},"class_list":["post-9010","page","type-page","status-publish","hentry"],"acf":[],"yoast_head":"<!-- This site is optimized with the Yoast SEO plugin v27.6 - https:\/\/yoast.com\/product\/yoast-seo-wordpress\/ -->\n<title>Kontakt | Studio INTRA Specialist Translators<\/title>\n<meta name=\"description\" content=\"Unser \u00dcbersetzungsb\u00fcro ist in Udine, unsere Kunden sind \u00fcberall!  Die Sprache ist keine Barriere, auch nicht die Entfernung.\" \/>\n<meta name=\"robots\" content=\"index, follow, max-snippet:-1, max-image-preview:large, max-video-preview:-1\" \/>\n<link rel=\"canonical\" href=\"https:\/\/k-demo.it\/intra\/kontakt\/\" \/>\n<meta property=\"og:locale\" content=\"de_DE\" \/>\n<meta property=\"og:type\" content=\"article\" \/>\n<meta property=\"og:title\" content=\"Kontakt | Studio INTRA Specialist Translators\" \/>\n<meta property=\"og:description\" content=\"Unser \u00dcbersetzungsb\u00fcro ist in Udine, unsere Kunden sind \u00fcberall!  Die Sprache ist keine Barriere, auch nicht die Entfernung.\" \/>\n<meta property=\"og:url\" content=\"https:\/\/k-demo.it\/intra\/kontakt\/\" \/>\n<meta property=\"og:site_name\" content=\"Studio INTRA\" \/>\n<meta name=\"twitter:card\" content=\"summary_large_image\" \/>\n<script type=\"application\/ld+json\" class=\"yoast-schema-graph\">{\"@context\":\"https:\\\/\\\/schema.org\",\"@graph\":[{\"@type\":\"WebPage\",\"@id\":\"https:\\\/\\\/k-demo.it\\\/intra\\\/kontakt\\\/\",\"url\":\"https:\\\/\\\/k-demo.it\\\/intra\\\/kontakt\\\/\",\"name\":\"Kontakt | Studio INTRA Specialist Translators\",\"isPartOf\":{\"@id\":\"https:\\\/\\\/k-demo.it\\\/intra\\\/#website\"},\"datePublished\":\"2025-09-16T01:18:58+00:00\",\"description\":\"Unser \u00dcbersetzungsb\u00fcro ist in Udine, unsere Kunden sind \u00fcberall! Die Sprache ist keine Barriere, auch nicht die Entfernung.\",\"breadcrumb\":{\"@id\":\"https:\\\/\\\/k-demo.it\\\/intra\\\/kontakt\\\/#breadcrumb\"},\"inLanguage\":\"de\",\"potentialAction\":[{\"@type\":\"ReadAction\",\"target\":[\"https:\\\/\\\/k-demo.it\\\/intra\\\/kontakt\\\/\"]}]},{\"@type\":\"BreadcrumbList\",\"@id\":\"https:\\\/\\\/k-demo.it\\\/intra\\\/kontakt\\\/#breadcrumb\",\"itemListElement\":[{\"@type\":\"ListItem\",\"position\":1,\"name\":\"Home\",\"item\":\"https:\\\/\\\/k-demo.it\\\/intra\\\/\"},{\"@type\":\"ListItem\",\"position\":2,\"name\":\"Kontakt\"}]},{\"@type\":\"WebSite\",\"@id\":\"https:\\\/\\\/k-demo.it\\\/intra\\\/#website\",\"url\":\"https:\\\/\\\/k-demo.it\\\/intra\\\/\",\"name\":\"Studio INTRA\",\"description\":\"Specialist Translators\",\"potentialAction\":[{\"@type\":\"SearchAction\",\"target\":{\"@type\":\"EntryPoint\",\"urlTemplate\":\"https:\\\/\\\/k-demo.it\\\/intra\\\/?s={search_term_string}\"},\"query-input\":{\"@type\":\"PropertyValueSpecification\",\"valueRequired\":true,\"valueName\":\"search_term_string\"}}],\"inLanguage\":\"de\"}]}<\/script>\n<!-- \/ Yoast SEO plugin. -->","yoast_head_json":{"title":"Kontakt | Studio INTRA Specialist Translators","description":"Unser \u00dcbersetzungsb\u00fcro ist in Udine, unsere Kunden sind \u00fcberall!  Die Sprache ist keine Barriere, auch nicht die Entfernung.","robots":{"index":"index","follow":"follow","max-snippet":"max-snippet:-1","max-image-preview":"max-image-preview:large","max-video-preview":"max-video-preview:-1"},"canonical":"https:\/\/k-demo.it\/intra\/kontakt\/","og_locale":"de_DE","og_type":"article","og_title":"Kontakt | Studio INTRA Specialist Translators","og_description":"Unser \u00dcbersetzungsb\u00fcro ist in Udine, unsere Kunden sind \u00fcberall!  Die Sprache ist keine Barriere, auch nicht die Entfernung.","og_url":"https:\/\/k-demo.it\/intra\/kontakt\/","og_site_name":"Studio INTRA","twitter_card":"summary_large_image","schema":{"@context":"https:\/\/schema.org","@graph":[{"@type":"WebPage","@id":"https:\/\/k-demo.it\/intra\/kontakt\/","url":"https:\/\/k-demo.it\/intra\/kontakt\/","name":"Kontakt | Studio INTRA Specialist Translators","isPartOf":{"@id":"https:\/\/k-demo.it\/intra\/#website"},"datePublished":"2025-09-16T01:18:58+00:00","description":"Unser \u00dcbersetzungsb\u00fcro ist in Udine, unsere Kunden sind \u00fcberall! Die Sprache ist keine Barriere, auch nicht die Entfernung.","breadcrumb":{"@id":"https:\/\/k-demo.it\/intra\/kontakt\/#breadcrumb"},"inLanguage":"de","potentialAction":[{"@type":"ReadAction","target":["https:\/\/k-demo.it\/intra\/kontakt\/"]}]},{"@type":"BreadcrumbList","@id":"https:\/\/k-demo.it\/intra\/kontakt\/#breadcrumb","itemListElement":[{"@type":"ListItem","position":1,"name":"Home","item":"https:\/\/k-demo.it\/intra\/"},{"@type":"ListItem","position":2,"name":"Kontakt"}]},{"@type":"WebSite","@id":"https:\/\/k-demo.it\/intra\/#website","url":"https:\/\/k-demo.it\/intra\/","name":"Studio INTRA","description":"Specialist Translators","potentialAction":[{"@type":"SearchAction","target":{"@type":"EntryPoint","urlTemplate":"https:\/\/k-demo.it\/intra\/?s={search_term_string}"},"query-input":{"@type":"PropertyValueSpecification","valueRequired":true,"valueName":"search_term_string"}}],"inLanguage":"de"}]}},"_links":{"self":[{"href":"https:\/\/k-demo.it\/intra\/de\/wp-json\/wp\/v2\/pages\/9010","targetHints":{"allow":["GET"]}}],"collection":[{"href":"https:\/\/k-demo.it\/intra\/de\/wp-json\/wp\/v2\/pages"}],"about":[{"href":"https:\/\/k-demo.it\/intra\/de\/wp-json\/wp\/v2\/types\/page"}],"author":[{"embeddable":true,"href":"https:\/\/k-demo.it\/intra\/de\/wp-json\/wp\/v2\/users\/8"}],"replies":[{"embeddable":true,"href":"https:\/\/k-demo.it\/intra\/de\/wp-json\/wp\/v2\/comments?post=9010"}],"version-history":[{"count":0,"href":"https:\/\/k-demo.it\/intra\/de\/wp-json\/wp\/v2\/pages\/9010\/revisions"}],"wp:attachment":[{"href":"https:\/\/k-demo.it\/intra\/de\/wp-json\/wp\/v2\/media?parent=9010"}],"curies":[{"name":"wp","href":"https:\/\/api.w.org\/{rel}","templated":true}]}}