{"id":8996,"date":"2025-08-16T22:33:04","date_gmt":"2025-08-16T22:33:04","guid":{"rendered":"https:\/\/k-demo.it\/intra\/newsletter\/"},"modified":"2025-09-18T16:37:25","modified_gmt":"2025-09-18T16:37:25","slug":"newsletter","status":"publish","type":"page","link":"https:\/\/k-demo.it\/intra\/de\/newsletter\/","title":{"rendered":"Newsletter"},"content":{"rendered":"<p>Welche Wirkung l\u00e4sst sich durch Sprache erzielen?<br \/>\nWie entwickelt sich die \u00dcbersetzungsbranche?<br \/>\nWie l\u00e4sst sich Internationalisierung kosteng\u00fcnstig umsetzen?<br \/>\nWarum verfehlen meine Texte ihren Zweck?<br \/>\nUnd wie genau funktioniert Textkompetenz?<\/p>\n<p>Auf diese und viele andere Fragen versuchen wir in unserem Newsletter Antwort zu geben \u2013 mit einem monatlichen Einblick in aktuell relevante Themen rund um Ihre mehrsprachige Kommunikation.<\/p>\n<p>Abonnieren Sie unseren Newsletter, um \u00fcber Aktuelles aus unseren Themenwelten auf dem Laufenden zu bleiben.<\/p>\n<p>Als Wertsch\u00e4tzung f\u00fcr Ihre Anmeldung senden wir Ihnen einen Begr\u00fc\u00dfungsrabatt sowie kostenlose Materialien f\u00fcr eine bewusste und erfolgreiche Internationalisierung.<\/p>\n","protected":false},"excerpt":{"rendered":"<p>Welche Wirkung l\u00e4sst sich durch Sprache erzielen? Wie entwickelt sich die \u00dcbersetzungsbranche? Wie l\u00e4sst sich Internationalisierung kosteng\u00fcnstig umsetzen? Warum verfehlen meine Texte ihren Zweck? Und wie genau funktioniert Textkompetenz? Auf diese und viele andere Fragen versuchen wir in unserem Newsletter Antwort zu geben \u2013 mit einem monatlichen Einblick in aktuell relevante Themen rund um Ihre [&hellip;]<\/p>\n","protected":false},"author":8,"featured_media":8828,"parent":0,"menu_order":0,"comment_status":"closed","ping_status":"closed","template":"page-newsletter.php","meta":{"_acf_changed":false,"footnotes":""},"class_list":["post-8996","page","type-page","status-publish","has-post-thumbnail","hentry"],"acf":[],"yoast_head":"<!-- This site is optimized with the Yoast SEO plugin v27.6 - https:\/\/yoast.com\/product\/yoast-seo-wordpress\/ -->\n<title>Newsletter | Studio INTRA | Specialist Translators<\/title>\n<meta name=\"description\" content=\"Abonnieren Sie unseren Newsletter und bleiben Sie monatlich auf dem Laufenden \u00fcber aktuelle Themen aus der Welt von Studio INTRA und rund um Ihre mehrsprachige Kommunikation.\" \/>\n<meta name=\"robots\" content=\"index, follow, max-snippet:-1, max-image-preview:large, max-video-preview:-1\" \/>\n<link rel=\"canonical\" href=\"https:\/\/k-demo.it\/intra\/de\/newsletter\/\" \/>\n<meta property=\"og:locale\" content=\"de_DE\" \/>\n<meta property=\"og:type\" content=\"article\" \/>\n<meta property=\"og:title\" content=\"Newsletter | Studio INTRA | Specialist Translators\" \/>\n<meta property=\"og:description\" content=\"Abonnieren Sie unseren Newsletter und bleiben Sie monatlich auf dem Laufenden \u00fcber aktuelle Themen aus der Welt von Studio INTRA und rund um Ihre mehrsprachige Kommunikation.\" \/>\n<meta property=\"og:url\" content=\"https:\/\/k-demo.it\/intra\/de\/newsletter\/\" \/>\n<meta property=\"og:site_name\" content=\"Studio INTRA\" \/>\n<meta property=\"article:modified_time\" content=\"2025-09-18T16:37:25+00:00\" \/>\n<meta property=\"og:image\" content=\"https:\/\/k-demo.it\/intra\/wp-content\/uploads\/2025\/09\/Fumetti.png\" \/>\n\t<meta property=\"og:image:width\" content=\"528\" \/>\n\t<meta property=\"og:image:height\" content=\"396\" \/>\n\t<meta property=\"og:image:type\" content=\"image\/png\" \/>\n<meta name=\"twitter:card\" content=\"summary_large_image\" \/>\n<meta name=\"twitter:label1\" content=\"Gesch\u00e4tzte Lesezeit\" \/>\n\t<meta name=\"twitter:data1\" content=\"1\u00a0Minute\" \/>\n<script type=\"application\/ld+json\" class=\"yoast-schema-graph\">{\"@context\":\"https:\\\/\\\/schema.org\",\"@graph\":[{\"@type\":\"WebPage\",\"@id\":\"https:\\\/\\\/k-demo.it\\\/intra\\\/de\\\/newsletter\\\/\",\"url\":\"https:\\\/\\\/k-demo.it\\\/intra\\\/de\\\/newsletter\\\/\",\"name\":\"Newsletter | Studio INTRA | Specialist Translators\",\"isPartOf\":{\"@id\":\"https:\\\/\\\/k-demo.it\\\/intra\\\/#website\"},\"primaryImageOfPage\":{\"@id\":\"https:\\\/\\\/k-demo.it\\\/intra\\\/de\\\/newsletter\\\/#primaryimage\"},\"image\":{\"@id\":\"https:\\\/\\\/k-demo.it\\\/intra\\\/de\\\/newsletter\\\/#primaryimage\"},\"thumbnailUrl\":\"https:\\\/\\\/k-demo.it\\\/intra\\\/wp-content\\\/uploads\\\/2025\\\/09\\\/Fumetti.png\",\"datePublished\":\"2025-08-16T22:33:04+00:00\",\"dateModified\":\"2025-09-18T16:37:25+00:00\",\"description\":\"Abonnieren Sie unseren Newsletter und bleiben Sie monatlich auf dem Laufenden \u00fcber aktuelle Themen aus der Welt von Studio INTRA und rund um Ihre mehrsprachige Kommunikation.\",\"breadcrumb\":{\"@id\":\"https:\\\/\\\/k-demo.it\\\/intra\\\/de\\\/newsletter\\\/#breadcrumb\"},\"inLanguage\":\"de\",\"potentialAction\":[{\"@type\":\"ReadAction\",\"target\":[\"https:\\\/\\\/k-demo.it\\\/intra\\\/de\\\/newsletter\\\/\"]}]},{\"@type\":\"ImageObject\",\"inLanguage\":\"de\",\"@id\":\"https:\\\/\\\/k-demo.it\\\/intra\\\/de\\\/newsletter\\\/#primaryimage\",\"url\":\"https:\\\/\\\/k-demo.it\\\/intra\\\/wp-content\\\/uploads\\\/2025\\\/09\\\/Fumetti.png\",\"contentUrl\":\"https:\\\/\\\/k-demo.it\\\/intra\\\/wp-content\\\/uploads\\\/2025\\\/09\\\/Fumetti.png\",\"width\":528,\"height\":396,\"caption\":\"Fumetti Newsletter INTRA\"},{\"@type\":\"BreadcrumbList\",\"@id\":\"https:\\\/\\\/k-demo.it\\\/intra\\\/de\\\/newsletter\\\/#breadcrumb\",\"itemListElement\":[{\"@type\":\"ListItem\",\"position\":1,\"name\":\"Home\",\"item\":\"https:\\\/\\\/k-demo.it\\\/intra\\\/\"},{\"@type\":\"ListItem\",\"position\":2,\"name\":\"Newsletter\"}]},{\"@type\":\"WebSite\",\"@id\":\"https:\\\/\\\/k-demo.it\\\/intra\\\/#website\",\"url\":\"https:\\\/\\\/k-demo.it\\\/intra\\\/\",\"name\":\"Studio INTRA\",\"description\":\"Specialist Translators\",\"potentialAction\":[{\"@type\":\"SearchAction\",\"target\":{\"@type\":\"EntryPoint\",\"urlTemplate\":\"https:\\\/\\\/k-demo.it\\\/intra\\\/?s={search_term_string}\"},\"query-input\":{\"@type\":\"PropertyValueSpecification\",\"valueRequired\":true,\"valueName\":\"search_term_string\"}}],\"inLanguage\":\"de\"}]}<\/script>\n<!-- \/ Yoast SEO plugin. -->","yoast_head_json":{"title":"Newsletter | Studio INTRA | Specialist Translators","description":"Abonnieren Sie unseren Newsletter und bleiben Sie monatlich auf dem Laufenden \u00fcber aktuelle Themen aus der Welt von Studio INTRA und rund um Ihre mehrsprachige Kommunikation.","robots":{"index":"index","follow":"follow","max-snippet":"max-snippet:-1","max-image-preview":"max-image-preview:large","max-video-preview":"max-video-preview:-1"},"canonical":"https:\/\/k-demo.it\/intra\/de\/newsletter\/","og_locale":"de_DE","og_type":"article","og_title":"Newsletter | Studio INTRA | Specialist Translators","og_description":"Abonnieren Sie unseren Newsletter und bleiben Sie monatlich auf dem Laufenden \u00fcber aktuelle Themen aus der Welt von Studio INTRA und rund um Ihre mehrsprachige Kommunikation.","og_url":"https:\/\/k-demo.it\/intra\/de\/newsletter\/","og_site_name":"Studio INTRA","article_modified_time":"2025-09-18T16:37:25+00:00","og_image":[{"width":528,"height":396,"url":"https:\/\/k-demo.it\/intra\/wp-content\/uploads\/2025\/09\/Fumetti.png","type":"image\/png"}],"twitter_card":"summary_large_image","twitter_misc":{"Gesch\u00e4tzte Lesezeit":"1\u00a0Minute"},"schema":{"@context":"https:\/\/schema.org","@graph":[{"@type":"WebPage","@id":"https:\/\/k-demo.it\/intra\/de\/newsletter\/","url":"https:\/\/k-demo.it\/intra\/de\/newsletter\/","name":"Newsletter | Studio INTRA | Specialist Translators","isPartOf":{"@id":"https:\/\/k-demo.it\/intra\/#website"},"primaryImageOfPage":{"@id":"https:\/\/k-demo.it\/intra\/de\/newsletter\/#primaryimage"},"image":{"@id":"https:\/\/k-demo.it\/intra\/de\/newsletter\/#primaryimage"},"thumbnailUrl":"https:\/\/k-demo.it\/intra\/wp-content\/uploads\/2025\/09\/Fumetti.png","datePublished":"2025-08-16T22:33:04+00:00","dateModified":"2025-09-18T16:37:25+00:00","description":"Abonnieren Sie unseren Newsletter und bleiben Sie monatlich auf dem Laufenden \u00fcber aktuelle Themen aus der Welt von Studio INTRA und rund um Ihre mehrsprachige Kommunikation.","breadcrumb":{"@id":"https:\/\/k-demo.it\/intra\/de\/newsletter\/#breadcrumb"},"inLanguage":"de","potentialAction":[{"@type":"ReadAction","target":["https:\/\/k-demo.it\/intra\/de\/newsletter\/"]}]},{"@type":"ImageObject","inLanguage":"de","@id":"https:\/\/k-demo.it\/intra\/de\/newsletter\/#primaryimage","url":"https:\/\/k-demo.it\/intra\/wp-content\/uploads\/2025\/09\/Fumetti.png","contentUrl":"https:\/\/k-demo.it\/intra\/wp-content\/uploads\/2025\/09\/Fumetti.png","width":528,"height":396,"caption":"Fumetti Newsletter INTRA"},{"@type":"BreadcrumbList","@id":"https:\/\/k-demo.it\/intra\/de\/newsletter\/#breadcrumb","itemListElement":[{"@type":"ListItem","position":1,"name":"Home","item":"https:\/\/k-demo.it\/intra\/"},{"@type":"ListItem","position":2,"name":"Newsletter"}]},{"@type":"WebSite","@id":"https:\/\/k-demo.it\/intra\/#website","url":"https:\/\/k-demo.it\/intra\/","name":"Studio INTRA","description":"Specialist Translators","potentialAction":[{"@type":"SearchAction","target":{"@type":"EntryPoint","urlTemplate":"https:\/\/k-demo.it\/intra\/?s={search_term_string}"},"query-input":{"@type":"PropertyValueSpecification","valueRequired":true,"valueName":"search_term_string"}}],"inLanguage":"de"}]}},"_links":{"self":[{"href":"https:\/\/k-demo.it\/intra\/de\/wp-json\/wp\/v2\/pages\/8996","targetHints":{"allow":["GET"]}}],"collection":[{"href":"https:\/\/k-demo.it\/intra\/de\/wp-json\/wp\/v2\/pages"}],"about":[{"href":"https:\/\/k-demo.it\/intra\/de\/wp-json\/wp\/v2\/types\/page"}],"author":[{"embeddable":true,"href":"https:\/\/k-demo.it\/intra\/de\/wp-json\/wp\/v2\/users\/8"}],"replies":[{"embeddable":true,"href":"https:\/\/k-demo.it\/intra\/de\/wp-json\/wp\/v2\/comments?post=8996"}],"version-history":[{"count":2,"href":"https:\/\/k-demo.it\/intra\/de\/wp-json\/wp\/v2\/pages\/8996\/revisions"}],"predecessor-version":[{"id":9021,"href":"https:\/\/k-demo.it\/intra\/de\/wp-json\/wp\/v2\/pages\/8996\/revisions\/9021"}],"wp:featuredmedia":[{"embeddable":true,"href":"https:\/\/k-demo.it\/intra\/de\/wp-json\/wp\/v2\/media\/8828"}],"wp:attachment":[{"href":"https:\/\/k-demo.it\/intra\/de\/wp-json\/wp\/v2\/media?parent=8996"}],"curies":[{"name":"wp","href":"https:\/\/api.w.org\/{rel}","templated":true}]}}