{"id":8876,"date":"2025-08-10T14:33:28","date_gmt":"2025-08-10T14:33:28","guid":{"rendered":"https:\/\/k-demo.it\/intra\/dienstleistungen\/"},"modified":"2025-09-13T10:14:19","modified_gmt":"2025-09-13T10:14:19","slug":"dienstleistungen","status":"publish","type":"page","link":"https:\/\/k-demo.it\/intra\/de\/dienstleistungen\/","title":{"rendered":"Dienstleistungen"},"content":{"rendered":"","protected":false},"excerpt":{"rendered":"","protected":false},"author":8,"featured_media":0,"parent":0,"menu_order":0,"comment_status":"closed","ping_status":"closed","template":"page-servizi.php","meta":{"_acf_changed":false,"footnotes":""},"class_list":["post-8876","page","type-page","status-publish","hentry"],"acf":[],"yoast_head":"<!-- This site is optimized with the Yoast SEO plugin v27.6 - https:\/\/yoast.com\/product\/yoast-seo-wordpress\/ -->\n<title>Lokalisierungs- und \u00dcbersetzungsdienste | Studio INTRA<\/title>\n<meta name=\"description\" content=\"Wir sind auf \u00dcbersetzungen spezialisiert, aber \u00dcbersetzen, auch gutes \u00dcbersetzen, ist nicht genug. Wir liefern nicht nur die richtigen Worte, sondern auch eine wirkungsvolle Art ihrer Pr\u00e4sentation.\" \/>\n<meta name=\"robots\" content=\"index, follow, max-snippet:-1, max-image-preview:large, max-video-preview:-1\" \/>\n<link rel=\"canonical\" href=\"https:\/\/k-demo.it\/intra\/servizi\/\" \/>\n<meta property=\"og:locale\" content=\"de_DE\" \/>\n<meta property=\"og:type\" content=\"article\" \/>\n<meta property=\"og:title\" content=\"Lokalisierungs- und \u00dcbersetzungsdienste | Studio INTRA\" \/>\n<meta property=\"og:description\" content=\"Wir sind auf \u00dcbersetzungen spezialisiert, aber \u00dcbersetzen, auch gutes \u00dcbersetzen, ist nicht genug. Wir liefern nicht nur die richtigen Worte, sondern auch eine wirkungsvolle Art ihrer Pr\u00e4sentation.\" \/>\n<meta property=\"og:url\" content=\"https:\/\/k-demo.it\/intra\/servizi\/\" \/>\n<meta property=\"og:site_name\" content=\"Studio INTRA\" \/>\n<meta property=\"article:modified_time\" content=\"2025-09-13T10:14:19+00:00\" \/>\n<meta name=\"twitter:card\" content=\"summary_large_image\" \/>\n<script type=\"application\/ld+json\" class=\"yoast-schema-graph\">{\"@context\":\"https:\\\/\\\/schema.org\",\"@graph\":[{\"@type\":\"WebPage\",\"@id\":\"https:\\\/\\\/k-demo.it\\\/intra\\\/servizi\\\/\",\"url\":\"https:\\\/\\\/k-demo.it\\\/intra\\\/servizi\\\/\",\"name\":\"Lokalisierungs- und \u00dcbersetzungsdienste | Studio INTRA\",\"isPartOf\":{\"@id\":\"https:\\\/\\\/k-demo.it\\\/intra\\\/#website\"},\"datePublished\":\"2025-08-10T14:33:28+00:00\",\"dateModified\":\"2025-09-13T10:14:19+00:00\",\"description\":\"Wir sind auf \u00dcbersetzungen spezialisiert, aber \u00dcbersetzen, auch gutes \u00dcbersetzen, ist nicht genug. Wir liefern nicht nur die richtigen Worte, sondern auch eine wirkungsvolle Art ihrer Pr\u00e4sentation.\",\"breadcrumb\":{\"@id\":\"https:\\\/\\\/k-demo.it\\\/intra\\\/servizi\\\/#breadcrumb\"},\"inLanguage\":\"de\",\"potentialAction\":[{\"@type\":\"ReadAction\",\"target\":[\"https:\\\/\\\/k-demo.it\\\/intra\\\/servizi\\\/\"]}]},{\"@type\":\"BreadcrumbList\",\"@id\":\"https:\\\/\\\/k-demo.it\\\/intra\\\/servizi\\\/#breadcrumb\",\"itemListElement\":[{\"@type\":\"ListItem\",\"position\":1,\"name\":\"Home\",\"item\":\"https:\\\/\\\/k-demo.it\\\/intra\\\/\"},{\"@type\":\"ListItem\",\"position\":2,\"name\":\"Dienstleistungen\"}]},{\"@type\":\"WebSite\",\"@id\":\"https:\\\/\\\/k-demo.it\\\/intra\\\/#website\",\"url\":\"https:\\\/\\\/k-demo.it\\\/intra\\\/\",\"name\":\"Studio INTRA\",\"description\":\"Specialist Translators\",\"potentialAction\":[{\"@type\":\"SearchAction\",\"target\":{\"@type\":\"EntryPoint\",\"urlTemplate\":\"https:\\\/\\\/k-demo.it\\\/intra\\\/?s={search_term_string}\"},\"query-input\":{\"@type\":\"PropertyValueSpecification\",\"valueRequired\":true,\"valueName\":\"search_term_string\"}}],\"inLanguage\":\"de\"}]}<\/script>\n<!-- \/ Yoast SEO plugin. -->","yoast_head_json":{"title":"Lokalisierungs- und \u00dcbersetzungsdienste | Studio INTRA","description":"Wir sind auf \u00dcbersetzungen spezialisiert, aber \u00dcbersetzen, auch gutes \u00dcbersetzen, ist nicht genug. Wir liefern nicht nur die richtigen Worte, sondern auch eine wirkungsvolle Art ihrer Pr\u00e4sentation.","robots":{"index":"index","follow":"follow","max-snippet":"max-snippet:-1","max-image-preview":"max-image-preview:large","max-video-preview":"max-video-preview:-1"},"canonical":"https:\/\/k-demo.it\/intra\/servizi\/","og_locale":"de_DE","og_type":"article","og_title":"Lokalisierungs- und \u00dcbersetzungsdienste | Studio INTRA","og_description":"Wir sind auf \u00dcbersetzungen spezialisiert, aber \u00dcbersetzen, auch gutes \u00dcbersetzen, ist nicht genug. Wir liefern nicht nur die richtigen Worte, sondern auch eine wirkungsvolle Art ihrer Pr\u00e4sentation.","og_url":"https:\/\/k-demo.it\/intra\/servizi\/","og_site_name":"Studio INTRA","article_modified_time":"2025-09-13T10:14:19+00:00","twitter_card":"summary_large_image","schema":{"@context":"https:\/\/schema.org","@graph":[{"@type":"WebPage","@id":"https:\/\/k-demo.it\/intra\/servizi\/","url":"https:\/\/k-demo.it\/intra\/servizi\/","name":"Lokalisierungs- und \u00dcbersetzungsdienste | Studio INTRA","isPartOf":{"@id":"https:\/\/k-demo.it\/intra\/#website"},"datePublished":"2025-08-10T14:33:28+00:00","dateModified":"2025-09-13T10:14:19+00:00","description":"Wir sind auf \u00dcbersetzungen spezialisiert, aber \u00dcbersetzen, auch gutes \u00dcbersetzen, ist nicht genug. Wir liefern nicht nur die richtigen Worte, sondern auch eine wirkungsvolle Art ihrer Pr\u00e4sentation.","breadcrumb":{"@id":"https:\/\/k-demo.it\/intra\/servizi\/#breadcrumb"},"inLanguage":"de","potentialAction":[{"@type":"ReadAction","target":["https:\/\/k-demo.it\/intra\/servizi\/"]}]},{"@type":"BreadcrumbList","@id":"https:\/\/k-demo.it\/intra\/servizi\/#breadcrumb","itemListElement":[{"@type":"ListItem","position":1,"name":"Home","item":"https:\/\/k-demo.it\/intra\/"},{"@type":"ListItem","position":2,"name":"Dienstleistungen"}]},{"@type":"WebSite","@id":"https:\/\/k-demo.it\/intra\/#website","url":"https:\/\/k-demo.it\/intra\/","name":"Studio INTRA","description":"Specialist Translators","potentialAction":[{"@type":"SearchAction","target":{"@type":"EntryPoint","urlTemplate":"https:\/\/k-demo.it\/intra\/?s={search_term_string}"},"query-input":{"@type":"PropertyValueSpecification","valueRequired":true,"valueName":"search_term_string"}}],"inLanguage":"de"}]}},"_links":{"self":[{"href":"https:\/\/k-demo.it\/intra\/de\/wp-json\/wp\/v2\/pages\/8876","targetHints":{"allow":["GET"]}}],"collection":[{"href":"https:\/\/k-demo.it\/intra\/de\/wp-json\/wp\/v2\/pages"}],"about":[{"href":"https:\/\/k-demo.it\/intra\/de\/wp-json\/wp\/v2\/types\/page"}],"author":[{"embeddable":true,"href":"https:\/\/k-demo.it\/intra\/de\/wp-json\/wp\/v2\/users\/8"}],"replies":[{"embeddable":true,"href":"https:\/\/k-demo.it\/intra\/de\/wp-json\/wp\/v2\/comments?post=8876"}],"version-history":[{"count":1,"href":"https:\/\/k-demo.it\/intra\/de\/wp-json\/wp\/v2\/pages\/8876\/revisions"}],"predecessor-version":[{"id":8910,"href":"https:\/\/k-demo.it\/intra\/de\/wp-json\/wp\/v2\/pages\/8876\/revisions\/8910"}],"wp:attachment":[{"href":"https:\/\/k-demo.it\/intra\/de\/wp-json\/wp\/v2\/media?parent=8876"}],"curies":[{"name":"wp","href":"https:\/\/api.w.org\/{rel}","templated":true}]}}