
{"id":6470,"date":"2019-01-19T11:36:34","date_gmt":"2019-01-19T11:36:34","guid":{"rendered":"http:\/\/www.emanuela-cardetta.com\/?page_id=6470"},"modified":"2019-01-19T11:38:52","modified_gmt":"2019-01-19T11:38:52","slug":"privacy-policy-sk","status":"publish","type":"page","link":"https:\/\/k-demo.it\/cardetta\/privacy-policy-sk\/","title":{"rendered":"Privacy policy SK"},"content":{"rendered":"<h1>S\u00fahrn politiky<\/h1>\n<h2>Osobn\u00e9 \u00fadaje s\u00fa zbieran\u00e9 na tieto \u00fa\u010dely a\u00a0pou\u017e\u00edvaj\u00fa tieto slu\u017eby<\/h2>\n<ul>\n<li>\n<h3>Analytick\u00e9 \u00fadaje<\/h3>\n<h4>WordPress Stats, Livestats Aruba a\u00a0analytick\u00e9 \u00fadaje s\u00fa zbieran\u00e9 priamo<\/h4>\n<p>Osobn\u00e9 \u00fadaje: s\u00fabory cookie a\u00a0\u00fadaje o\u00a0pou\u017e\u00edvan\u00ed<\/p>\n<\/li>\n<li>\n<h3>Kontaktovanie pou\u017e\u00edvate\u013ea<\/h3>\n<h4>zoznam e-mailov\u00fdch adries alebo newsletter<\/h4>\n<p>Osobn\u00e9 \u00fadaje: e-mailov\u00e1 adresa, krstn\u00e9 meno a\u00a0webov\u00e1 lokalita<\/p>\n<h4>Kontaktn\u00fd formul\u00e1r<\/h4>\n<p>Osobn\u00e9 \u00fadaje: e-mailov\u00e1 adresa, krstn\u00e9 meno a\u00a0telef\u00f3nne \u010d\u00edslo<\/p>\n<\/li>\n<li>\n<h3>Komentovanie obsahu<\/h3>\n<h4>Syst\u00e9m komentovania je v\u00a0priamej spr\u00e1ve<\/h4>\n<p>Osobn\u00e9 \u00fadaje: e-mailov\u00e1 adresa, krstn\u00e9 meno a\u00a0webov\u00e1 lokalita<\/p>\n<\/li>\n<li>\n<h3>Prenos \u00fadajov mimo E\u00da<\/h3>\n<h4>In\u00fd pr\u00e1vny z\u00e1klad pre prenos \u00fadajov do zahrani\u010dia a\u00a0prenos \u00fadajov z\u00a0E\u00da a\/alebo \u0160vaj\u010diarska do USA na z\u00e1klade programu Privacy Shield<\/h4>\n<p>Osobn\u00e9 \u00fadaje: r\u00f4zne typy \u00fadajov<\/p>\n<\/li>\n<li>\n<h3>Zobrazovanie obsahu z\u00a0extern\u00fdch platforiem<\/h3>\n<h4>Gravatar<\/h4>\n<p>Osobn\u00e9 \u00fadaje: e-mailov\u00e1 adresa, \u00fadaje o\u00a0pou\u017e\u00edvan\u00ed<\/p>\n<h4>YouTube video widget<\/h4>\n<p>Osobn\u00e9 \u00fadaje: s\u00fabory cookie a\u00a0\u00fadaje o\u00a0pou\u017e\u00edvan\u00ed<\/p>\n<\/li>\n<li>\n<h3>Interakcia s\u00a0extern\u00fdmi soci\u00e1lnymi sie\u0165ami a\u00a0platformami<\/h3>\n<h4>Tla\u010didlo Twitteru \u201eTweetnu\u0165\u201c a\u00a0soci\u00e1lne widgety, tla\u010didlo LinkedIn a\u00a0soci\u00e1lne widgety a\u00a0tla\u010didlo Facebooku \u201eP\u00e1\u010di sa mi to\u201c a\u00a0soci\u00e1lne widgety<\/h4>\n<p>Osobn\u00e9 \u00fadaje: s\u00fabory cookie a\u00a0\u00fadaje o\u00a0pou\u017e\u00edvan\u00ed<\/p>\n<\/li>\n<\/ul>\n<h2>\u010eal\u0161ie inform\u00e1cie o\u00a0osobn\u00fdch \u00fadajoch<\/h2>\n<h3>Anal\u00fdza a\u00a0predpovede na z\u00e1klade \u00fadajov pou\u017e\u00edvate\u013ea (\u201eprofilovanie\u201c)<\/h3>\n<p>Vlastn\u00edk m\u00f4\u017ee pou\u017ei\u0165 osobn\u00e9 \u00fadaje alebo \u00fadaje o\u00a0pou\u017e\u00edvan\u00ed zozbieran\u00e9 prostredn\u00edctvom lokality www.emanuela-cardetta.com pri vytv\u00e1ran\u00ed alebo aktualizovan\u00ed profilov pou\u017e\u00edvate\u013eov. Tento typ spracovania \u00fadajov umo\u017e\u0148uje vlastn\u00edkovi vyhodnocova\u0165 vo\u013eby pou\u017e\u00edvate\u013ea, jeho preferencie a\u00a0spr\u00e1vanie na \u00fa\u010dely stanoven\u00e9 v\u00a0pr\u00edslu\u0161nej \u010dasti tohto dokumentu.\u2028<\/p>\n<p>Profily pou\u017e\u00edvate\u013eov m\u00f4\u017eu by\u0165 tie\u017e vytvoren\u00e9 prostredn\u00edctvom uplatnenia automatizovan\u00fdch n\u00e1strojov, ako s\u00fa algoritmy, ktor\u00e9 m\u00f4\u017eu by\u0165 takisto poskytovan\u00e9 tret\u00edmi stranami. Ak si pou\u017e\u00edvatelia \u017eelaj\u00fa z\u00edska\u0165 \u010fal\u0161ie inform\u00e1cie o\u00a0vykon\u00e1van\u00fdch \u010dinnostiach profilovania, m\u00f4\u017eu si pre\u010d\u00edta\u0165 pr\u00edslu\u0161n\u00e9 \u010dasti tohto dokumentu.\u2028Pou\u017e\u00edvate\u013e m\u00e1 za ka\u017ed\u00fdch okolnost\u00ed pr\u00e1vo namieta\u0165 vo\u010di tomuto druhu \u010dinnosti profilovania.<\/p>\n<p>Ak si pou\u017e\u00edvate\u013e \u017eel\u00e1 z\u00edska\u0165 \u010fal\u0161ie inform\u00e1cie o\u00a0pr\u00e1vach pou\u017e\u00edvate\u013ea a\u00a0o tom, ako ich uplatni\u0165, pou\u017e\u00edvate\u013e je vyzvan\u00fd, aby konzultoval \u010das\u0165 tohto dokumentu, v\u00a0ktorom sa opisuj\u00fa pr\u00e1va pou\u017e\u00edvate\u013ea.<\/p>\n<h2>Kontaktn\u00e9 \u00fadaje<\/h2>\n<h3>Vlastn\u00edk a\u00a0spr\u00e1vca \u00fadajov<\/h3>\n<p>Emanuela Cardetta<\/p>\n<p><strong>Kontaktn\u00e1 e-mailov\u00e1 adresa vlastn\u00edka<\/strong>: <a href=\"mailto:info@emanuela-cardetta.com\">info@emanuela-cardetta.com<\/a><\/p><\/p>\n","protected":false},"excerpt":{"rendered":"<p>S\u00fahrn politiky Osobn\u00e9 \u00fadaje s\u00fa zbieran\u00e9 na tieto \u00fa\u010dely a\u00a0pou\u017e\u00edvaj\u00fa tieto slu\u017eby Analytick\u00e9 \u00fadaje WordPress Stats, Livestats Aruba a\u00a0analytick\u00e9 \u00fadaje s\u00fa zbieran\u00e9 priamo Osobn\u00e9 \u00fadaje: s\u00fabory cookie a\u00a0\u00fadaje o\u00a0pou\u017e\u00edvan\u00ed Kontaktovanie pou\u017e\u00edvate\u013ea zoznam e-mailov\u00fdch adries alebo newsletter Osobn\u00e9 \u00fadaje: e-mailov\u00e1 adresa, krstn\u00e9 meno a\u00a0webov\u00e1 lokalita Kontaktn\u00fd&#8230;<\/p>\n","protected":false},"author":4,"featured_media":0,"parent":0,"menu_order":0,"comment_status":"closed","ping_status":"closed","template":"","meta":{"jetpack_post_was_ever_published":false,"footnotes":""},"class_list":["post-6470","page","type-page","status-publish","hentry"],"yoast_head":"<!-- This site is optimized with the Yoast SEO plugin v23.1 - https:\/\/yoast.com\/wordpress\/plugins\/seo\/ -->\n<title>Privacy policy SK - Emanuela Cardetta<\/title>\n<meta name=\"robots\" content=\"index, follow, max-snippet:-1, max-image-preview:large, max-video-preview:-1\" \/>\n<link rel=\"canonical\" href=\"https:\/\/k-demo.it\/cardetta\/privacy-policy-sk\/\" \/>\n<meta property=\"og:locale\" content=\"it_IT\" \/>\n<meta property=\"og:type\" content=\"article\" \/>\n<meta property=\"og:title\" content=\"Privacy policy SK - Emanuela Cardetta\" \/>\n<meta property=\"og:description\" content=\"S\u00fahrn politiky Osobn\u00e9 \u00fadaje s\u00fa zbieran\u00e9 na tieto \u00fa\u010dely a\u00a0pou\u017e\u00edvaj\u00fa tieto slu\u017eby Analytick\u00e9 \u00fadaje WordPress Stats, Livestats Aruba a\u00a0analytick\u00e9 \u00fadaje s\u00fa zbieran\u00e9 priamo Osobn\u00e9 \u00fadaje: s\u00fabory cookie a\u00a0\u00fadaje o\u00a0pou\u017e\u00edvan\u00ed Kontaktovanie pou\u017e\u00edvate\u013ea zoznam e-mailov\u00fdch adries alebo newsletter Osobn\u00e9 \u00fadaje: e-mailov\u00e1 adresa, krstn\u00e9 meno a\u00a0webov\u00e1 lokalita Kontaktn\u00fd...\" \/>\n<meta property=\"og:url\" content=\"https:\/\/k-demo.it\/cardetta\/privacy-policy-sk\/\" \/>\n<meta property=\"og:site_name\" content=\"Emanuela Cardetta\" \/>\n<meta property=\"article:modified_time\" content=\"2019-01-19T11:38:52+00:00\" \/>\n<meta name=\"twitter:card\" content=\"summary_large_image\" \/>\n<meta name=\"twitter:site\" content=\"@EmanuelaParole\" \/>\n<meta name=\"twitter:label1\" content=\"Tempo di lettura stimato\" \/>\n\t<meta name=\"twitter:data1\" content=\"2 minuti\" \/>\n<script type=\"application\/ld+json\" class=\"yoast-schema-graph\">{\"@context\":\"https:\/\/schema.org\",\"@graph\":[{\"@type\":\"WebPage\",\"@id\":\"https:\/\/k-demo.it\/cardetta\/privacy-policy-sk\/\",\"url\":\"https:\/\/k-demo.it\/cardetta\/privacy-policy-sk\/\",\"name\":\"Privacy policy SK - Emanuela Cardetta\",\"isPartOf\":{\"@id\":\"https:\/\/k-demo.it\/cardetta\/#website\"},\"datePublished\":\"2019-01-19T11:36:34+00:00\",\"dateModified\":\"2019-01-19T11:38:52+00:00\",\"breadcrumb\":{\"@id\":\"https:\/\/k-demo.it\/cardetta\/privacy-policy-sk\/#breadcrumb\"},\"inLanguage\":\"it-IT\",\"potentialAction\":[{\"@type\":\"ReadAction\",\"target\":[\"https:\/\/k-demo.it\/cardetta\/privacy-policy-sk\/\"]}]},{\"@type\":\"BreadcrumbList\",\"@id\":\"https:\/\/k-demo.it\/cardetta\/privacy-policy-sk\/#breadcrumb\",\"itemListElement\":[{\"@type\":\"ListItem\",\"position\":1,\"name\":\"Home\",\"item\":\"https:\/\/k-demo.it\/cardetta\/homepage\/\"},{\"@type\":\"ListItem\",\"position\":2,\"name\":\"Privacy policy SK\"}]},{\"@type\":\"WebSite\",\"@id\":\"https:\/\/k-demo.it\/cardetta\/#website\",\"url\":\"https:\/\/k-demo.it\/cardetta\/\",\"name\":\"Emanuela Cardetta\",\"description\":\"Interprete e traduttrice\",\"potentialAction\":[{\"@type\":\"SearchAction\",\"target\":{\"@type\":\"EntryPoint\",\"urlTemplate\":\"https:\/\/k-demo.it\/cardetta\/?s={search_term_string}\"},\"query-input\":\"required name=search_term_string\"}],\"inLanguage\":\"it-IT\"}]}<\/script>\n<!-- \/ Yoast SEO plugin. -->","yoast_head_json":{"title":"Privacy policy SK - Emanuela Cardetta","robots":{"index":"index","follow":"follow","max-snippet":"max-snippet:-1","max-image-preview":"max-image-preview:large","max-video-preview":"max-video-preview:-1"},"canonical":"https:\/\/k-demo.it\/cardetta\/privacy-policy-sk\/","og_locale":"it_IT","og_type":"article","og_title":"Privacy policy SK - Emanuela Cardetta","og_description":"S\u00fahrn politiky Osobn\u00e9 \u00fadaje s\u00fa zbieran\u00e9 na tieto \u00fa\u010dely a\u00a0pou\u017e\u00edvaj\u00fa tieto slu\u017eby Analytick\u00e9 \u00fadaje WordPress Stats, Livestats Aruba a\u00a0analytick\u00e9 \u00fadaje s\u00fa zbieran\u00e9 priamo Osobn\u00e9 \u00fadaje: s\u00fabory cookie a\u00a0\u00fadaje o\u00a0pou\u017e\u00edvan\u00ed Kontaktovanie pou\u017e\u00edvate\u013ea zoznam e-mailov\u00fdch adries alebo newsletter Osobn\u00e9 \u00fadaje: e-mailov\u00e1 adresa, krstn\u00e9 meno a\u00a0webov\u00e1 lokalita Kontaktn\u00fd...","og_url":"https:\/\/k-demo.it\/cardetta\/privacy-policy-sk\/","og_site_name":"Emanuela Cardetta","article_modified_time":"2019-01-19T11:38:52+00:00","twitter_card":"summary_large_image","twitter_site":"@EmanuelaParole","twitter_misc":{"Tempo di lettura stimato":"2 minuti"},"schema":{"@context":"https:\/\/schema.org","@graph":[{"@type":"WebPage","@id":"https:\/\/k-demo.it\/cardetta\/privacy-policy-sk\/","url":"https:\/\/k-demo.it\/cardetta\/privacy-policy-sk\/","name":"Privacy policy SK - Emanuela Cardetta","isPartOf":{"@id":"https:\/\/k-demo.it\/cardetta\/#website"},"datePublished":"2019-01-19T11:36:34+00:00","dateModified":"2019-01-19T11:38:52+00:00","breadcrumb":{"@id":"https:\/\/k-demo.it\/cardetta\/privacy-policy-sk\/#breadcrumb"},"inLanguage":"it-IT","potentialAction":[{"@type":"ReadAction","target":["https:\/\/k-demo.it\/cardetta\/privacy-policy-sk\/"]}]},{"@type":"BreadcrumbList","@id":"https:\/\/k-demo.it\/cardetta\/privacy-policy-sk\/#breadcrumb","itemListElement":[{"@type":"ListItem","position":1,"name":"Home","item":"https:\/\/k-demo.it\/cardetta\/homepage\/"},{"@type":"ListItem","position":2,"name":"Privacy policy SK"}]},{"@type":"WebSite","@id":"https:\/\/k-demo.it\/cardetta\/#website","url":"https:\/\/k-demo.it\/cardetta\/","name":"Emanuela Cardetta","description":"Interprete e traduttrice","potentialAction":[{"@type":"SearchAction","target":{"@type":"EntryPoint","urlTemplate":"https:\/\/k-demo.it\/cardetta\/?s={search_term_string}"},"query-input":"required name=search_term_string"}],"inLanguage":"it-IT"}]}},"lang":"sk","translations":{"sk":6470,"en":6223,"it":6220,"fr":6232},"jetpack_shortlink":"https:\/\/wp.me\/P4rV1K-1Gm","jetpack_sharing_enabled":true,"jetpack-related-posts":[],"pll_sync_post":[],"post_mailing_queue_ids":[],"_links":{"self":[{"href":"https:\/\/k-demo.it\/cardetta\/wp-json\/wp\/v2\/pages\/6470","targetHints":{"allow":["GET"]}}],"collection":[{"href":"https:\/\/k-demo.it\/cardetta\/wp-json\/wp\/v2\/pages"}],"about":[{"href":"https:\/\/k-demo.it\/cardetta\/wp-json\/wp\/v2\/types\/page"}],"author":[{"embeddable":true,"href":"https:\/\/k-demo.it\/cardetta\/wp-json\/wp\/v2\/users\/4"}],"replies":[{"embeddable":true,"href":"https:\/\/k-demo.it\/cardetta\/wp-json\/wp\/v2\/comments?post=6470"}],"version-history":[{"count":3,"href":"https:\/\/k-demo.it\/cardetta\/wp-json\/wp\/v2\/pages\/6470\/revisions"}],"predecessor-version":[{"id":6474,"href":"https:\/\/k-demo.it\/cardetta\/wp-json\/wp\/v2\/pages\/6470\/revisions\/6474"}],"wp:attachment":[{"href":"https:\/\/k-demo.it\/cardetta\/wp-json\/wp\/v2\/media?parent=6470"}],"curies":[{"name":"wp","href":"https:\/\/api.w.org\/{rel}","templated":true}]}}