
{"id":6462,"date":"2019-01-18T15:14:46","date_gmt":"2019-01-18T15:14:46","guid":{"rendered":"http:\/\/www.emanuela-cardetta.com\/?page_id=6462"},"modified":"2019-01-21T16:00:08","modified_gmt":"2019-01-21T16:00:08","slug":"cookie-policy-sk","status":"publish","type":"page","link":"https:\/\/k-demo.it\/cardetta\/cookie-policy-sk\/","title":{"rendered":"Cookie Policy &#8211; SK"},"content":{"rendered":"<p>[vc_row][vc_column][vc_column_text]<\/p>\n<h2>Politika pou\u017e\u00edvania s\u00faborov cookie na lokalite www.emanuela-cardetta.com<\/h2>\n<p>S\u00fabory cookie pozost\u00e1vaj\u00fa z \u010dast\u00ed k\u00f3du in\u0161talovan\u00fdch do prehliada\u010da, ktor\u00e9 pom\u00e1haj\u00fa vlastn\u00edkovi pri poskytovan\u00ed slu\u017eby v s\u00falade s op\u00edsan\u00fdmi \u00fa\u010delmi. Niektor\u00e9 \u00fa\u010dely, na ktor\u00e9 s\u00fa s\u00fabory cookie in\u0161talovan\u00e9 si z\u00e1rove\u0148 m\u00f4\u017eu vy\u017eadova\u0165 s\u00fahlas pou\u017e\u00edvate\u013ea.<\/p>\n<p>Ak je in\u0161tal\u00e1cia s\u00faborov cookie zalo\u017een\u00e1 na s\u00fahlase, tento s\u00fahlas mo\u017eno kedyko\u013evek vo\u013ene zru\u0161i\u0165 pod\u013ea pokynov poskytnut\u00fdch v tomto dokumente.<\/p>\n<h3>Technick\u00e9 s\u00fabory cookie a s\u00fabory cookie na \u00fa\u010dely s\u00fahrnnej \u0161tatistiky<\/h3>\n<h4>Aktivita nutn\u00e1 pre fungovanie slu\u017eby<\/h4>\n<p>Lokalita www.emanuela-cardetta.com pou\u017e\u00edva s\u00fabory cookie na ulo\u017eenie rel\u00e1cie pou\u017e\u00edvate\u013ea a na vykon\u00e1vanie \u010fal\u0161\u00edch aktiv\u00edt, ktor\u00e9 s\u00fa striktne nutn\u00e9 pre fungovanie lokality www.emanuela-cardetta.com, napr. v s\u00favislosti s distrib\u00faciou prev\u00e1dzky.<\/p>\n<h4>Aktivita t\u00fdkaj\u00faca sa preferenci\u00ed, optimaliz\u00e1cie a \u0161tatistiky<\/h4>\n<p>Lokalita www.emanuela-cardetta.com pou\u017e\u00edva s\u00fabory cookie na ukladanie preferenci\u00ed prehliada\u010da a na optimaliz\u00e1ciu z\u00e1\u017eitku pou\u017e\u00edvate\u013ea pri prehliadan\u00ed. Medzi tieto s\u00fabory cookie patria napr\u00edklad s\u00fabory pou\u017e\u00edvan\u00e9 na nastavenie uprednost\u0148ovan\u00e9ho jazyka a meny alebo s\u00fabory na sprac\u00favanie prvostup\u0148ovej \u0161tatistiky, ktor\u00fa vyu\u017e\u00edva priamo vlastn\u00edk tejto lokality.<\/p>\n<h3>In\u00e9 typy s\u00faborov cookie alebo tret\u00edch str\u00e1n, ktor\u00e9 in\u0161taluj\u00fa s\u00fabory cookie<\/h3>\n<p>Prostredn\u00edctvom niektor\u00fdch slu\u017eieb vymenovan\u00fdch \u010falej v texte sa zbieraj\u00fa \u0161tatistiky v anonymizovanej a s\u00fahrnnej podobe, ktor\u00e9 si nemusia vy\u017eadova\u0165 s\u00fahlas pou\u017e\u00edvate\u013ea alebo ich m\u00f4\u017ee priamo sprac\u00fava\u0165 vlastn\u00edk bez pomoci tret\u00edch str\u00e1n (v z\u00e1vislosti od ich opisu).<\/p>\n<p>Ak sa v uvedenom zozname n\u00e1strojov nach\u00e1dzaj\u00fa ak\u00e9ko\u013evek slu\u017eby prev\u00e1dzkovan\u00e9 tret\u00edmi stranami, m\u00f4\u017eu sa pou\u017e\u00edva\u0165 na sledovanie zvykov pou\u017e\u00edvate\u013eov, a to doplnkovo k inform\u00e1ci\u00e1m spresnen\u00fdm v tomto texte a bez vedomia vlastn\u00edka. Odpor\u00fa\u010dame v\u00e1m pre\u010d\u00edta\u0165 si politiku ochrany s\u00fakromia slu\u017eieb uveden\u00fdch v zozname, v ktor\u00fdch n\u00e1jdete podrobn\u00e9 inform\u00e1cie.<\/p>\n<h4>Analytick\u00e9 \u00fadaje<\/h4>\n<p>Slu\u017eby zahrnut\u00e9 do tejto \u010dasti umo\u017e\u0148uj\u00fa vlastn\u00edkovi monitorova\u0165 a analyzova\u0165 webov\u00fa prev\u00e1dzku a m\u00f4\u017eu sa pou\u017e\u00edva\u0165 na sledovanie spr\u00e1vania pou\u017e\u00edvate\u013ea.<\/p>\n<h5>WordPress Stats (Automattic Inc.)<\/h5>\n<p>WordPress Stats je analytick\u00e1 slu\u017eba, ktor\u00fa poskytuje spolo\u010dnos\u0165 Automattic Inc.<\/p>\n<p>Zbieran\u00e9 osobn\u00e9 \u00fadaje: s\u00fabory cookie a \u00fadaje o pou\u017e\u00edvan\u00ed.<\/p>\n<p>Miesto spracovania: Spojen\u00e9 \u0161t\u00e1ty americk\u00e9 \u2013 Politika ochrany s\u00fakromia.<\/p>\n<h5>Livestats Aruba (Aruba)<\/h5>\n<p>Livestats je analytick\u00e1 slu\u017eba, ktor\u00fa poskytuje spolo\u010dnos\u0165 Aruba S.r.l.<\/p>\n<p>Zbieran\u00e9 osobn\u00e9 \u00fadaje: s\u00fabory cookie a \u00fadaje o pou\u017e\u00edvan\u00ed.<\/p>\n<p>Miesto spracovania: Taliansko \u2013 <a href=\"https:\/\/automattic.com\/privacy\/\" rel=\"external\">Politika ochrany s\u00fakromia<\/a>.<\/p>\n<h5>Priamo zbieran\u00e9 analytick\u00e9 \u00fadaje (www.emanuela-cardetta.com)<\/h5>\n<p>Na lokalite www.emanuela-cardetta.com sa pou\u017e\u00edva intern\u00fd analytick\u00fd syst\u00e9m, do sa nezap\u00e1jaj\u00fa tretie strany.<\/p>\n<p>Zbieran\u00e9 osobn\u00e9 \u00fadaje: s\u00fabory cookie a \u00fadaje o pou\u017e\u00edvan\u00ed.<\/p>\n<p>Miesto spracovania: Taliansko \u2013 <a href=\"https:\/\/kb.aruba.it\/kb\/a4230\/privacy-policy.aspx?translation-detect=false\" rel=\"external\">Politika ochrany s\u00fakromia<\/a>.<\/p>\n<h5>Priamo zbieran\u00e9 analytick\u00e9 \u00fadaje (www.emanuela-cardetta.com)<\/h5>\n<p>Na lokalite www.emanuela-cardetta.com sa pou\u017e\u00edva intern\u00fd analytick\u00fd syst\u00e9m, do sa nezap\u00e1jaj\u00fa tretie strany.<\/p>\n<h4>Zobrazovanie obsahu z\u00a0extern\u00fdch platforiem<\/h4>\n<p>Tento typ slu\u017eby v\u00e1m umo\u017e\u0148uje vidie\u0165 obsah hos\u0165ovan\u00fd na extern\u00fdch platform\u00e1ch priamo na str\u00e1nkach www.emanuela-cardetta.com a\u00a0vstupova\u0165 s\u00a0n\u00edm do interakcie.\u2028 Tento typ slu\u017eby m\u00f4\u017ee tie\u017e zbiera\u0165 \u00fadaje o\u00a0webovej prev\u00e1dzke v\u00a0s\u00favislosti so str\u00e1nkami, na ktor\u00fdch je t\u00e1to slu\u017eba nain\u0161talovan\u00e1, a\u00a0to dokonca aj vtedy, ak ju pou\u017e\u00edvatelia nepou\u017e\u00edvaj\u00fa.<\/p>\n<h5>YouTube video widget (Google Inc.)<\/h5>\n<p>YouTube je slu\u017eba na zobrazovanie videov\u00e9ho obsahu, ktor\u00fa poskytuje spolo\u010dnos\u0165 Google Inc., a\u00a0ktor\u00e1 umo\u017e\u0148uje lokalite www.emanuela-cardetta.com za\u010dle\u0148ova\u0165 obsah tohto druhu do svojich str\u00e1nok.<\/p>\n<p>Zbieran\u00e9 osobn\u00e9 \u00fadaje: s\u00fabory cookie a\u00a0\u00fadaje o\u00a0pou\u017e\u00edvan\u00ed.<\/p>\n<p>Miesto spracovania: Spojen\u00e9 \u0161t\u00e1ty americk\u00e9 \u2013 <a href=\"https:\/\/www.google.com\/intl\/sk\/policies\/privacy\/\" rel=\"external\">Politika ochrany s\u00fakromia<\/a>. \u00da\u010dastn\u00edk medzin\u00e1rodn\u00e9ho programu na ochranu s\u00fakromia (Privacy Shield).<\/p>\n<h4>Interakcia s\u00a0extern\u00fdmi soci\u00e1lnymi sie\u0165ami a\u00a0platformami<\/h4>\n<p>Tento typ slu\u017eby umo\u017e\u0148uje interakciu so soci\u00e1lnymi sie\u0165ami alebo in\u00fdmi extern\u00fdmi platformami priamo na str\u00e1nkach www.emanuela-cardetta.com.\u2028Interakcia a\u00a0inform\u00e1cie z\u00edskan\u00e9 cez lokalitu www.emanuela-cardetta.com v\u017edy podliehaj\u00fa pou\u017e\u00edvate\u013eov\u00fdm nastaveniam ochrany s\u00fakromia na jednotliv\u00fdch soci\u00e1lnych sie\u0165ach.<\/p>\n<p>Tento typ slu\u017eby m\u00f4\u017ee tie\u017e zbiera\u0165 \u00fadaje o\u00a0prev\u00e1dzke k\u00a0str\u00e1nkam, na ktor\u00fdch je t\u00e1to slu\u017eba nain\u0161talovan\u00e1, a\u00a0to dokonca aj vtedy, ak ju pou\u017e\u00edvatelia nepou\u017e\u00edvaj\u00fa.<\/p>\n<h5>Tla\u010didlo Twitteru \u201eTweetnu\u0165\u201c a\u00a0soci\u00e1lne widgety (Twitter, Inc.)<\/h5>\n<p>Tla\u010didlo Twitteru \u201eTweetnu\u0165\u201c a\u00a0soci\u00e1lne widgety s\u00fa slu\u017eby, ktor\u00e9 umo\u017e\u0148uj\u00fa interakciu so soci\u00e1lnou sie\u0165ou Twitter, ktor\u00fa prev\u00e1dzkuje spolo\u010dnos\u0165 Twitter, Inc.<\/p>\n<p>Zbieran\u00e9 osobn\u00e9 \u00fadaje: s\u00fabory cookie a\u00a0\u00fadaje o\u00a0pou\u017e\u00edvan\u00ed.<\/p>\n<p>Miesto spracovania: Spojen\u00e9 \u0161t\u00e1ty americk\u00e9 \u2013 <a href=\"https:\/\/twitter.com\/privacy\" rel=\"external\">Politika ochrany s\u00fakromia<\/a>. \u00da\u010dastn\u00edk medzin\u00e1rodn\u00e9ho programu na ochranu s\u00fakromia (Privacy Shield).<\/p>\n<h5>Tla\u010didlo LinkedInu a\u00a0soci\u00e1lne widgety (LinkedIn Corporation)<\/h5>\n<p>Tla\u010didlo LinkedInu a\u00a0soci\u00e1lne widgety s\u00fa slu\u017eby, ktor\u00e9 umo\u017e\u0148uj\u00fa interakciu so soci\u00e1lnou sie\u0165ou LinkedIn, ktor\u00fa prev\u00e1dzkuje spolo\u010dnos\u0165 LinkedIn Corporation.<\/p>\n<p>Zbieran\u00e9 osobn\u00e9 \u00fadaje: s\u00fabory cookie a\u00a0\u00fadaje o\u00a0pou\u017e\u00edvan\u00ed.<\/p>\n<p>Miesto spracovania: Spojen\u00e9 \u0161t\u00e1ty americk\u00e9 \u2013 <a href=\"https:\/\/www.linkedin.com\/legal\/privacy-policy\" rel=\"external\">Politika ochrany s\u00fakromia<\/a>. \u00da\u010dastn\u00edk medzin\u00e1rodn\u00e9ho programu na ochranu s\u00fakromia (Privacy Shield).<\/p>\n<h5>Tla\u010didlo Facebooku \u201eP\u00e1\u010di sa mi to\u201c a\u00a0soci\u00e1lne widgety (Facebook, Inc.)<\/h5>\n<p>Tla\u010didlo Facebooku \u201eP\u00e1\u010di sa mi to\u201c a\u00a0soci\u00e1lne widgety s\u00fa slu\u017eby, ktor\u00e9 umo\u017e\u0148uj\u00fa interakciu so soci\u00e1lnou sie\u0165ou Facebook, ktor\u00fa prev\u00e1dzkuje spolo\u010dnos\u0165 Facebook, Inc.<\/p>\n<p>Zbieran\u00e9 osobn\u00e9 \u00fadaje: s\u00fabory cookie a\u00a0\u00fadaje o\u00a0pou\u017e\u00edvan\u00ed.<\/p>\n<p>Miesto spracovania: Spojen\u00e9 \u0161t\u00e1ty americk\u00e9 \u2013 <a href=\"https:\/\/www.facebook.com\/privacy\/explanation\" rel=\"external\" class=\"broken_link\">Politika ochrany s\u00fakromia<\/a>. \u00da\u010dastn\u00edk medzin\u00e1rodn\u00e9ho programu na ochranu s\u00fakromia (Privacy Shield).<\/p>\n<h3>Ako poskytn\u00fa\u0165 alebo zru\u0161i\u0165 s\u00fahlas s\u00a0in\u0161tal\u00e1ciou s\u00faborov cookie<\/h3>\n<p>Okrem postupu, ktor\u00fd je spresnen\u00fd v\u00a0tomto dokumente, m\u00f4\u017ee pou\u017e\u00edvate\u013e spravova\u0165 preferencie t\u00fdkaj\u00face sa s\u00faborov cookie vo vlastnom prehliada\u010di, pri\u010dom m\u00f4\u017ee napr. zabr\u00e1ni\u0165, aby tretie strany mohli in\u0161talova\u0165 s\u00fabory cookie.<\/p>\n<p>Prostredn\u00edctvom preferenci\u00ed je tie\u017e mo\u017en\u00e9 vymaza\u0165 s\u00fabory cookie nain\u0161talovan\u00e9 v\u00a0minulosti vr\u00e1tane s\u00faborov cookie, ku ktor\u00fdm bol ulo\u017een\u00fd p\u00f4vodn\u00fd s\u00fahlas s\u00a0in\u0161tal\u00e1ciou s\u00faborov cookie touto lokalitou.<\/p>\n<p>Pou\u017e\u00edvatelia m\u00f4\u017eu napr\u00edklad n\u00e1js\u0165 inform\u00e1cie o\u00a0tom, ako spravova\u0165 s\u00fabory cookie v\u00a0najbe\u017enej\u0161ie pou\u017e\u00edvan\u00fdch prehliada\u010doch na t\u00fdchto adres\u00e1ch: <a href=\"https:\/\/support.google.com\/chrome\/answer\/95647?hl=sk&amp;p=cpn_cookies\" rel=\"external\">Google Chrome<\/a>, <a href=\"https:\/\/support.mozilla.org\/sk-SK\/kb\/enable-and-disable-cookies-website-preferences\" rel=\"external\">Mozilla Firefox<\/a>, <a href=\"https:\/\/support.apple.com\/guide\/safari\/manage-cookies-and-website-data-sfri11471\/\" rel=\"external\">Apple Safari<\/a> <a href=\"windows.microsoft.com\/sk-sk\/windows-vista\/block-or-allow-cookies\" rel=\"external\" class=\"broken_link\">a\u00a0Microsoft Internet Explorer<\/a>.<\/p>\n<p>Pokia\u013e ide o\u00a0s\u00fabory cookie nain\u0161talovan\u00e9 tret\u00edmi stranami, pou\u017e\u00edvatelia m\u00f4\u017eu spravova\u0165 svoje preferencie a\u00a0zru\u0161i\u0165 svoj s\u00fahlas kliknut\u00edm na pr\u00edslu\u0161n\u00fd odkaz na zamietnutie povolenia (ak je poskytnut\u00fd), pomocou prostriedkov uveden\u00fdch v\u00a0politike ochrany s\u00fakromia tret\u00edch str\u00e1n alebo kontaktovan\u00edm tretej strany.<\/p>\n<p>Bez oh\u013eadu na inform\u00e1cie uveden\u00e9 sk\u00f4r v\u00a0texte vlastn\u00edk informuje pou\u017e\u00edvate\u013eov, \u017ee sa m\u00f4\u017eu riadi\u0165 pokynmi poskytnut\u00fdmi v\u00a0nasleduj\u00facich iniciat\u00edvach s\u00a0odkazmi: <a href=\"www.youronlinechoices.eu\/\" rel=\"external\" class=\"broken_link\">EDAA<\/a> (E\u00da), <a href=\"https:\/\/www.networkadvertising.org\/understanding-digital-advertising\" rel=\"external\">Network Advertising Initiative<\/a> (USA) <a href=\"https:\/\/www.aboutads.info\/consumers\/\" rel=\"external\">a\u00a0Digital Advertising Alliance<\/a> (USA), <a href=\"https:\/\/youradchoices.ca\/understanding-online-advertising\/\" rel=\"external\">DAAC<\/a> (Kanada), <a href=\"www.ddai.info\/optout\" rel=\"external\" class=\"broken_link\">DDAI<\/a> (Japonsko) alebo in\u00e9 podobn\u00e9 slu\u017eby. Tieto iniciat\u00edvy umo\u017e\u0148uj\u00fa pou\u017e\u00edvate\u013eom nastavi\u0165 si preferencie sledovania v\u00a0s\u00favislosti s\u00a0v\u00e4\u010d\u0161inou reklamn\u00fdch n\u00e1strojov. Vlastn\u00edk teda odpor\u00fa\u010da, aby pou\u017e\u00edvatelia pou\u017e\u00edvali tieto zdroje doplnkovo k\u00a0inform\u00e1ci\u00e1m poskytnut\u00fdm v\u00a0tomto dokumente.<\/p>\n<h3>Vlastn\u00edk a\u00a0spr\u00e1vca \u00fadajov<\/h3>\n<p>Emanuela Cardetta<\/p>\n<p><strong>Kontaktn\u00e1 e-mailov\u00e1 adresa vlastn\u00edka<\/strong>: <a href=\"mailto:info@emanuela-cardetta.com\">info@emanuela-cardetta.com<\/a>. Ke\u010f\u017ee vlastn\u00edk nie je schopn\u00fd technicky riadi\u0165 in\u0161tal\u00e1ciu s\u00faborov cookie tret\u00edch str\u00e1n a\u00a0in\u00fdch sledovac\u00edch syst\u00e9mov prostredn\u00edctvom slu\u017eieb vyu\u017e\u00edvan\u00fdch na lokalite www.emanuela-cardetta.com, ak\u00e9ko\u013evek zvl\u00e1\u0161tne odkazy na s\u00fabory cookie a\u00a0sledovacie syst\u00e9my in\u0161talovan\u00e9 tret\u00edmi stranami je nutn\u00e9 pova\u017eova\u0165 za orienta\u010dn\u00e9. Ak si pou\u017e\u00edvate\u013e \u017eel\u00e1 z\u00edska\u0165 \u00fapln\u00e9 inform\u00e1cie, odpor\u00fa\u010dame mu konzultova\u0165 politiku ochrany s\u00fakromia k\u00a0pr\u00edslu\u0161n\u00fdm slu\u017eb\u00e1m tret\u00edch str\u00e1n uveden\u00fdm v\u00a0tomto dokumente.<\/p>\n<p>Vzh\u013eadom na objekt\u00edvnu zlo\u017eitos\u0165 v\u00a0s\u00favislosti s\u00a0identifik\u00e1ciou technol\u00f3gi\u00ed zalo\u017een\u00fdch s\u00faboroch cookie s\u00fa pou\u017e\u00edvatelia vyzvan\u00ed, aby sa obr\u00e1tili na vlastn\u00edka, ak si \u017eelaj\u00fa z\u00edska\u0165 \u010fal\u0161ie inform\u00e1cie o\u00a0pou\u017e\u00edvan\u00ed s\u00faborov cookies na lokalite www.emanuela-cardetta.com.<\/p>\n<h3>Defin\u00edcie a\u00a0pr\u00e1vne odkazy<\/h3>\n<h4>Osobn\u00e9 \u00fadaje (alebo \u00fadaje)<\/h4>\n<p>Ak\u00e9ko\u013evek inform\u00e1cie, ktor\u00e9 priamo, nepriamo alebo v\u00a0s\u00favislosti s\u00a0in\u00fdmi inform\u00e1ciami vr\u00e1tane osobn\u00e9ho identifika\u010dn\u00e9ho \u010d\u00edsla umo\u017e\u0148uj\u00fa identifik\u00e1ciu alebo identifikovate\u013enos\u0165 fyzickej osoby.<\/p>\n<h4>\u00dadaje o\u00a0pou\u017e\u00edvan\u00ed<\/h4>\n<p>Inform\u00e1cie zbieran\u00e9 automaticky prostredn\u00edctvom lokality www.emanuela-cardetta.com (alebo slu\u017eieb tret\u00edch str\u00e1n najat\u00fdch lokalitou www.emanuela-cardetta.com) m\u00f4\u017eu zah\u0155\u0148a\u0165: adresy IP alebo n\u00e1zvy dom\u00e9n priraden\u00e9 po\u010d\u00edta\u010dom, ktor\u00e9 pou\u017e\u00edvaj\u00fa pou\u017e\u00edvatelia nav\u0161tevuj\u00faci lokalitu www.emanuela-cardetta.com, adresy URI (jednotn\u00fd identifik\u00e1tor prostriedka), \u010das \u017eiadosti, met\u00f3du pou\u017eit\u00fa na odoslanie \u017eiadosti serveru, ve\u013ekos\u0165 s\u00faboru doru\u010den\u00e9ho v\u00a0odpovedi na \u017eiados\u0165, \u010d\u00edseln\u00fd k\u00f3d ozna\u010duj\u00faci stav odpovede serveru (\u00faspe\u0161n\u00fd v\u00fdsledok, chyba at\u010f.), krajinu p\u00f4vodu, funkcie prehliada\u010da a\u00a0opera\u010dn\u00fd syst\u00e9m pou\u017e\u00edvan\u00fd pou\u017e\u00edvate\u013eom, r\u00f4zne \u010dasov\u00e9 \u00fadaje k\u00a0n\u00e1v\u0161teve (napr. \u010das str\u00e1ven\u00fd na ka\u017edej str\u00e1nke v\u00a0r\u00e1mci aplik\u00e1cie) a\u00a0podrobnosti o\u00a0trase uplatnenej v\u00a0aplik\u00e1cii so zvl\u00e1\u0161tnym odkazom na sekvenciu nav\u0161t\u00edven\u00fdch str\u00e1nok a\u00a0\u010fal\u0161ie parametre o\u00a0opera\u010dnom syst\u00e9me zariadenia a\/alebo o\u00a0IT prostred\u00ed pou\u017e\u00edvate\u013ea.<\/p>\n<h4>Pou\u017e\u00edvate\u013e<\/h4>\n<p>Jednotlivec pou\u017e\u00edvaj\u00faci lokalitu www.emanuela-cardetta.com, pri\u010dom, ak nie je uveden\u00e9 inak, ide z\u00e1rove\u0148 o\u00a0dotknut\u00fa osobu.<\/p>\n<h4>Dotknut\u00e1 osoba<\/h4>\n<p>Fyzick\u00e1 osoba, ktorej sa t\u00fdkaj\u00fa osobn\u00e9 \u00fadaje.<\/p>\n<h4>Spracovate\u013e \u00fadajov (alebo dozorn\u00fd \u00faradn\u00edk pre ochranu \u00fadajov)<\/h4>\n<p>Fyzick\u00e1 alebo pr\u00e1vnick\u00e1 osoba, verejn\u00fd org\u00e1n, agent\u00fara alebo in\u00fd org\u00e1n, ktor\u00fd sprac\u00fava osobn\u00e9 \u00fadaje v\u00a0mene prev\u00e1dzkovate\u013ea v\u00a0s\u00falade s\u00a0ustanoveniami tejto politiky ochrany s\u00fakromia.<\/p>\n<h4>Spr\u00e1vca \u00fadajov (alebo vlastn\u00edk)<\/h4>\n<p>Fyzick\u00e1 alebo pr\u00e1vnick\u00e1 osoba, verejn\u00fd org\u00e1n, agent\u00fara alebo in\u00fd org\u00e1n, ktor\u00fd s\u00e1m alebo v\u00a0spojen\u00ed s\u00a0in\u00fdmi ur\u010duje \u00fa\u010dely a\u00a0prostriedky spracovania osobn\u00fdch \u00fadajov vr\u00e1tane bezpe\u010dnostn\u00fdch opatren\u00ed t\u00fdkaj\u00facich sa prev\u00e1dzky a\u00a0pou\u017e\u00edvania lokality www.emanuela-cardetta.com. Pokia\u013e nie je uveden\u00e9 inak, spr\u00e1vcom \u00fadajov je vlastn\u00edk lokality www.emanuela-cardetta.com.<\/p>\n<h4>Www.emanuela-cardetta.com (alebo t\u00e1to aplik\u00e1cia)<\/h4>\n<p>Prostriedky, ktor\u00fdmi sa zbieraj\u00fa a\u00a0sprac\u00favaj\u00fa osobn\u00e9 \u00fadaje pou\u017e\u00edvate\u013ea.<\/p>\n<h4>Slu\u017eby<\/h4>\n<p>Slu\u017eby poskytovan\u00e9 lokalitou www.emanuela-cardetta.com s\u00fa op\u00edsan\u00e9 v\u00a0relat\u00edvnom pon\u00edman\u00ed (ak je k\u00a0dispoz\u00edcii) a\u00a0na tejto lokalite\/v\u00a0tejto aplik\u00e1cii.<\/p>\n<h4>Eur\u00f3pska \u00fania (alebo E\u00da)<\/h4>\n<p>Pokia\u013e nie je uveden\u00e9 inak, v\u0161etky odkazy na Eur\u00f3psku \u00faniu v\u00a0tomto dokumente zah\u0155\u0148aj\u00fa v\u0161etky s\u00fa\u010dasn\u00e9 \u010dlensk\u00e9 \u0161t\u00e1ty Eur\u00f3pskej \u00fanie a\u00a0Eur\u00f3pskeho hospod\u00e1rskeho priestoru.<\/p>\n<h4>S\u00fabory cookie<\/h4>\n<p>Mal\u00e9 s\u00fabory \u00fadajov uchov\u00e1van\u00e9 v\u00a0zariaden\u00ed pou\u017e\u00edvate\u013ea.<\/p>\n<h4>Pr\u00e1vne inform\u00e1cie<\/h4>\n<p>Toto vyhl\u00e1senie o\u00a0ochrane osobn\u00fdch \u00fadajov bolo vypracovan\u00e9 na z\u00e1klade ustanoven\u00ed r\u00f4znych pr\u00e1vnych predpisov vr\u00e1tane \u010dl. 13\/14 nariadenia (E\u00da) 2016\/679 (v\u0161eobecn\u00e9 nariadenie o\u00a0ochrane \u00fadajov).<\/p>\n<p>T\u00e1to politika ochrany s\u00fakromia sa t\u00fdka v\u00fdlu\u010dne lokality www.emanuela-cardetta.com, pokia\u013e nie je uveden\u00e9 inak v\u00a0tomto dokumente.<\/p>\n<p>Posledn\u00e1 aktualiz\u00e1cia: 25. okt\u00f3bra 2018<\/p>\n<p>iubenda hos\u0165uje tento obsah a\u00a0zbiera len <a href=\"https:\/\/www.iubenda.com\/privacy-policy\/65675001\">osobn\u00e9 \u00fadaje, ktor\u00e9 nevyhnutne potrebuje<\/a> z\u00edska\u0165.<\/p>\n<p><a href=\"http:\/\/www.emanuela-cardetta.com\/privacy-policy-sk\/\">Zobrazi\u0165 \u00fapln\u00fa politiku ochrany s\u00fakromia<\/a>[\/vc_column_text][\/vc_column][\/vc_row]<\/p>\n","protected":false},"excerpt":{"rendered":"<p>[vc_row][vc_column][vc_column_text] Politika pou\u017e\u00edvania s\u00faborov cookie na lokalite www.emanuela-cardetta.com S\u00fabory cookie pozost\u00e1vaj\u00fa z \u010dast\u00ed k\u00f3du in\u0161talovan\u00fdch do prehliada\u010da, ktor\u00e9 pom\u00e1haj\u00fa vlastn\u00edkovi pri poskytovan\u00ed slu\u017eby v s\u00falade s op\u00edsan\u00fdmi \u00fa\u010delmi. Niektor\u00e9 \u00fa\u010dely, na ktor\u00e9 s\u00fa s\u00fabory cookie in\u0161talovan\u00e9 si z\u00e1rove\u0148 m\u00f4\u017eu vy\u017eadova\u0165 s\u00fahlas pou\u017e\u00edvate\u013ea. Ak je in\u0161tal\u00e1cia&#8230;<\/p>\n","protected":false},"author":4,"featured_media":0,"parent":0,"menu_order":0,"comment_status":"open","ping_status":"closed","template":"","meta":{"jetpack_post_was_ever_published":false,"footnotes":""},"class_list":["post-6462","page","type-page","status-publish","hentry"],"yoast_head":"<!-- This site is optimized with the Yoast SEO plugin v23.1 - https:\/\/yoast.com\/wordpress\/plugins\/seo\/ -->\n<title>Cookie Policy - SK - Emanuela Cardetta<\/title>\n<meta name=\"robots\" content=\"index, follow, max-snippet:-1, max-image-preview:large, max-video-preview:-1\" \/>\n<link rel=\"canonical\" href=\"https:\/\/k-demo.it\/cardetta\/cookie-policy-sk\/\" \/>\n<meta property=\"og:locale\" content=\"it_IT\" \/>\n<meta property=\"og:type\" content=\"article\" \/>\n<meta property=\"og:title\" content=\"Cookie Policy - SK - Emanuela Cardetta\" \/>\n<meta property=\"og:description\" content=\"[vc_row][vc_column][vc_column_text] Politika pou\u017e\u00edvania s\u00faborov cookie na lokalite www.emanuela-cardetta.com S\u00fabory cookie pozost\u00e1vaj\u00fa z \u010dast\u00ed k\u00f3du in\u0161talovan\u00fdch do prehliada\u010da, ktor\u00e9 pom\u00e1haj\u00fa vlastn\u00edkovi pri poskytovan\u00ed slu\u017eby v s\u00falade s op\u00edsan\u00fdmi \u00fa\u010delmi. Niektor\u00e9 \u00fa\u010dely, na ktor\u00e9 s\u00fa s\u00fabory cookie in\u0161talovan\u00e9 si z\u00e1rove\u0148 m\u00f4\u017eu vy\u017eadova\u0165 s\u00fahlas pou\u017e\u00edvate\u013ea. Ak je in\u0161tal\u00e1cia...\" \/>\n<meta property=\"og:url\" content=\"https:\/\/k-demo.it\/cardetta\/cookie-policy-sk\/\" \/>\n<meta property=\"og:site_name\" content=\"Emanuela Cardetta\" \/>\n<meta property=\"article:modified_time\" content=\"2019-01-21T16:00:08+00:00\" \/>\n<meta name=\"twitter:card\" content=\"summary_large_image\" \/>\n<meta name=\"twitter:site\" content=\"@EmanuelaParole\" \/>\n<meta name=\"twitter:label1\" content=\"Tempo di lettura stimato\" \/>\n\t<meta name=\"twitter:data1\" content=\"10 minuti\" \/>\n<script type=\"application\/ld+json\" class=\"yoast-schema-graph\">{\"@context\":\"https:\/\/schema.org\",\"@graph\":[{\"@type\":\"WebPage\",\"@id\":\"https:\/\/k-demo.it\/cardetta\/cookie-policy-sk\/\",\"url\":\"https:\/\/k-demo.it\/cardetta\/cookie-policy-sk\/\",\"name\":\"Cookie Policy - SK - Emanuela Cardetta\",\"isPartOf\":{\"@id\":\"https:\/\/k-demo.it\/cardetta\/#website\"},\"datePublished\":\"2019-01-18T15:14:46+00:00\",\"dateModified\":\"2019-01-21T16:00:08+00:00\",\"breadcrumb\":{\"@id\":\"https:\/\/k-demo.it\/cardetta\/cookie-policy-sk\/#breadcrumb\"},\"inLanguage\":\"it-IT\",\"potentialAction\":[{\"@type\":\"ReadAction\",\"target\":[\"https:\/\/k-demo.it\/cardetta\/cookie-policy-sk\/\"]}]},{\"@type\":\"BreadcrumbList\",\"@id\":\"https:\/\/k-demo.it\/cardetta\/cookie-policy-sk\/#breadcrumb\",\"itemListElement\":[{\"@type\":\"ListItem\",\"position\":1,\"name\":\"Home\",\"item\":\"https:\/\/k-demo.it\/cardetta\/homepage\/\"},{\"@type\":\"ListItem\",\"position\":2,\"name\":\"Cookie Policy &#8211; SK\"}]},{\"@type\":\"WebSite\",\"@id\":\"https:\/\/k-demo.it\/cardetta\/#website\",\"url\":\"https:\/\/k-demo.it\/cardetta\/\",\"name\":\"Emanuela Cardetta\",\"description\":\"Interprete e traduttrice\",\"potentialAction\":[{\"@type\":\"SearchAction\",\"target\":{\"@type\":\"EntryPoint\",\"urlTemplate\":\"https:\/\/k-demo.it\/cardetta\/?s={search_term_string}\"},\"query-input\":\"required name=search_term_string\"}],\"inLanguage\":\"it-IT\"}]}<\/script>\n<!-- \/ Yoast SEO plugin. -->","yoast_head_json":{"title":"Cookie Policy - SK - Emanuela Cardetta","robots":{"index":"index","follow":"follow","max-snippet":"max-snippet:-1","max-image-preview":"max-image-preview:large","max-video-preview":"max-video-preview:-1"},"canonical":"https:\/\/k-demo.it\/cardetta\/cookie-policy-sk\/","og_locale":"it_IT","og_type":"article","og_title":"Cookie Policy - SK - Emanuela Cardetta","og_description":"[vc_row][vc_column][vc_column_text] Politika pou\u017e\u00edvania s\u00faborov cookie na lokalite www.emanuela-cardetta.com S\u00fabory cookie pozost\u00e1vaj\u00fa z \u010dast\u00ed k\u00f3du in\u0161talovan\u00fdch do prehliada\u010da, ktor\u00e9 pom\u00e1haj\u00fa vlastn\u00edkovi pri poskytovan\u00ed slu\u017eby v s\u00falade s op\u00edsan\u00fdmi \u00fa\u010delmi. Niektor\u00e9 \u00fa\u010dely, na ktor\u00e9 s\u00fa s\u00fabory cookie in\u0161talovan\u00e9 si z\u00e1rove\u0148 m\u00f4\u017eu vy\u017eadova\u0165 s\u00fahlas pou\u017e\u00edvate\u013ea. Ak je in\u0161tal\u00e1cia...","og_url":"https:\/\/k-demo.it\/cardetta\/cookie-policy-sk\/","og_site_name":"Emanuela Cardetta","article_modified_time":"2019-01-21T16:00:08+00:00","twitter_card":"summary_large_image","twitter_site":"@EmanuelaParole","twitter_misc":{"Tempo di lettura stimato":"10 minuti"},"schema":{"@context":"https:\/\/schema.org","@graph":[{"@type":"WebPage","@id":"https:\/\/k-demo.it\/cardetta\/cookie-policy-sk\/","url":"https:\/\/k-demo.it\/cardetta\/cookie-policy-sk\/","name":"Cookie Policy - SK - Emanuela Cardetta","isPartOf":{"@id":"https:\/\/k-demo.it\/cardetta\/#website"},"datePublished":"2019-01-18T15:14:46+00:00","dateModified":"2019-01-21T16:00:08+00:00","breadcrumb":{"@id":"https:\/\/k-demo.it\/cardetta\/cookie-policy-sk\/#breadcrumb"},"inLanguage":"it-IT","potentialAction":[{"@type":"ReadAction","target":["https:\/\/k-demo.it\/cardetta\/cookie-policy-sk\/"]}]},{"@type":"BreadcrumbList","@id":"https:\/\/k-demo.it\/cardetta\/cookie-policy-sk\/#breadcrumb","itemListElement":[{"@type":"ListItem","position":1,"name":"Home","item":"https:\/\/k-demo.it\/cardetta\/homepage\/"},{"@type":"ListItem","position":2,"name":"Cookie Policy &#8211; SK"}]},{"@type":"WebSite","@id":"https:\/\/k-demo.it\/cardetta\/#website","url":"https:\/\/k-demo.it\/cardetta\/","name":"Emanuela Cardetta","description":"Interprete e traduttrice","potentialAction":[{"@type":"SearchAction","target":{"@type":"EntryPoint","urlTemplate":"https:\/\/k-demo.it\/cardetta\/?s={search_term_string}"},"query-input":"required name=search_term_string"}],"inLanguage":"it-IT"}]}},"lang":"sk","translations":{"sk":6462,"en":6242,"it":3105,"fr":6245},"jetpack_shortlink":"https:\/\/wp.me\/P4rV1K-1Ge","jetpack_sharing_enabled":true,"jetpack-related-posts":[],"pll_sync_post":[],"post_mailing_queue_ids":[],"_links":{"self":[{"href":"https:\/\/k-demo.it\/cardetta\/wp-json\/wp\/v2\/pages\/6462","targetHints":{"allow":["GET"]}}],"collection":[{"href":"https:\/\/k-demo.it\/cardetta\/wp-json\/wp\/v2\/pages"}],"about":[{"href":"https:\/\/k-demo.it\/cardetta\/wp-json\/wp\/v2\/types\/page"}],"author":[{"embeddable":true,"href":"https:\/\/k-demo.it\/cardetta\/wp-json\/wp\/v2\/users\/4"}],"replies":[{"embeddable":true,"href":"https:\/\/k-demo.it\/cardetta\/wp-json\/wp\/v2\/comments?post=6462"}],"version-history":[{"count":7,"href":"https:\/\/k-demo.it\/cardetta\/wp-json\/wp\/v2\/pages\/6462\/revisions"}],"predecessor-version":[{"id":6489,"href":"https:\/\/k-demo.it\/cardetta\/wp-json\/wp\/v2\/pages\/6462\/revisions\/6489"}],"wp:attachment":[{"href":"https:\/\/k-demo.it\/cardetta\/wp-json\/wp\/v2\/media?parent=6462"}],"curies":[{"name":"wp","href":"https:\/\/api.w.org\/{rel}","templated":true}]}}