
{"id":3865,"date":"2015-01-11T14:24:23","date_gmt":"2015-01-11T14:24:23","guid":{"rendered":"http:\/\/www.emanuela-cardetta.com\/?page_id=3865"},"modified":"2019-01-25T16:38:04","modified_gmt":"2019-01-25T16:38:04","slug":"preklady-2","status":"publish","type":"page","link":"https:\/\/k-demo.it\/cardetta\/preklady-2\/","title":{"rendered":"Preklady"},"content":{"rendered":"<p>[vc_row][vc_column][rev_slider_vc alias=&#8221;traduzione&#8221;][\/vc_column][\/vc_row][vc_row][vc_column][vc_column_text]<br \/>\n[\/vc_column_text][\/vc_column][\/vc_row][vc_row css=&#8221;.vc_custom_1418719635433{padding-top: 45px !important;padding-bottom: 45px !important;}&#8221;][vc_column][ivan_title align=&#8221;left&#8221; c_id=&#8221;.vc_1443793018781&#8243; title_css=&#8221;color:#aa6a6a;font-size:36px;&#8221; sub=&#8221;Texty prelo\u017een\u00e9 s d\u00f4slednos\u0165ou a s dodr\u017ean\u00edm v\u00fdznamu v jazyku a v termin\u00f3logii&#8221;]<\/p>\n<p>Preklady<\/p>\n<p>[\/ivan_title][\/vc_column][\/vc_row][vc_row][vc_column][vc_column_text c_id=&#8221;.vc_1443793444031&#8243;]<\/p>\n<p align=\"JUSTIFY\"><strong><span lang=\"sk-SK\">Chcel\/a by si roz\u0161\u00edri\u0165 svoj trh a\u00a0komunik\u00e1ciu naprie\u010d hranicami?\u00a0M\u00f4\u017eem ti pom\u00f4c\u0165, aby bola tvoja komunik\u00e1cia \u010do naj\u00fa\u010dinnej\u0161ia.<\/span><\/strong><\/p>\n<p align=\"JUSTIFY\"><span lang=\"sk-SK\">Preklad nespo\u010d\u00edva len v\u00a0\u201epren\u00e1\u0161an\u00ed\u201c slov z\u00a0jedn\u00e9ho jazyka do druh\u00e9ho. Je to ove\u013ea zlo\u017eitej\u0161\u00ed postup, ktor\u00fd si vy\u017eaduje hlbok\u00e9 porozumenie zdrojov\u00e9ho i\u00a0cie\u013eov\u00e9ho jazyka a\u00a0kult\u00fary, maxim\u00e1lnu terminologick\u00fa presnos\u0165 a\u00a0vynikaj\u00face ovl\u00e1danie prekladate\u013esk\u00fdch n\u00e1strojov.<\/span><\/p>\n<p align=\"JUSTIFY\"><span lang=\"sk-SK\">So stopercentnou <\/span><span lang=\"sk-SK\">profesionalitou<\/span><span lang=\"sk-SK\"> a\u00a0<\/span><span lang=\"sk-SK\">nasaden\u00edm<\/span><span lang=\"sk-SK\"> poskytujem prekladate\u013esk\u00e9 slu\u017eby u\u017e od roku 2009. Zabezpe\u010dujem preklady \u0161irokej \u0161k\u00e1ly textov a\u00a0vyu\u017e\u00edvam pri tom moje ob\u013e\u00faben\u00e9 n\u00e1stroje CAT \u2013 OmegaT a\u00a0Across.<\/span><\/p>\n<p align=\"LEFT\"><span lang=\"sk-SK\">Poskytujem tieto prekladate\u013esk\u00e9 slu\u017eby:<br \/>\n<i class=\"fa fa-check\"><\/i> <strong>preklad textov<span lang=\"sk-SK\"><br \/>\n<i class=\"fa fa-check\"><\/i> <\/span><span lang=\"sk-SK\">s\u00fadny preklad<\/span><span lang=\"sk-SK\"><br \/>\n<i class=\"fa fa-check\"><\/i> <\/span><span lang=\"sk-SK\">preklad titulkov<\/span><\/strong><\/span><\/p>\n<p><span lang=\"sk-SK\">Z\u00e1rove\u0148 zabezpe\u010dujem:<br \/>\n<i class=\"fa fa-check\"><\/i> <\/span><strong><span lang=\"sk-SK\">transkripciu \u2013 prepisy audio z\u00e1znamov<\/span><span lang=\"sk-SK\"><br \/>\n<i class=\"fa fa-check\"><\/i><\/span><span lang=\"sk-SK\">rev\u00edziu textov v\u00a0talianskom jazyku<\/span><\/strong><\/p>\n<p align=\"JUSTIFY\"><strong><span lang=\"sk-SK\">Nev\u00e1haj a\u00a0obr\u00e1\u0165 sa na m\u0148a, ak potrebuje\u0161 bli\u017e\u0161ie inform\u00e1cie o\u00a0preklade, transkripcii a\u00a0rev\u00edzii.<\/span><\/strong><\/p>\n<p>[\/vc_column_text][\/vc_column][\/vc_row][vc_row css=&#8221;.vc_custom_1418726601545{padding-top: 0px !important;padding-bottom: 0px !important;}&#8221;][vc_column][ivan_title align=&#8221;left&#8221; c_id=&#8221;.vc_1443793507130&#8243; title_css=&#8221;color:#aa6a6a;font-size:36px;&#8221;]<\/p>\n<p>Portfolio prekladov<\/p>\n<p>[\/ivan_title][vc_column_text c_id=&#8221;.vc_1443793473719&#8243;]<\/p>\n<p align=\"JUSTIFY\"><strong><span lang=\"sk-SK\">R\u00e1d\/rada by si si overil\/a moje prekladate\u013esk\u00e9 zru\u010dnosti?<\/span><\/strong><\/p>\n<p align=\"JUSTIFY\"><span lang=\"sk-SK\">Z\u00a0d\u00f4vodu zachovania ml\u010danlivosti vo vz\u0165ahu k\u00a0d\u00f4vern\u00fdm inform\u00e1ci\u00e1m o\u00a0mojich z\u00e1kazn\u00edkoch nem\u00f4\u017eem zverejni\u0165 v\u00e4\u010d\u0161inu mojich prekladov. Tu n\u00e1jde\u0161 <\/span><strong><a href=\"http:\/\/www.emanuela-cardetta.com\/translation-assignments\/\"><span lang=\"sk-SK\">zoznam niektor\u00fdch mojich prekladate\u013esk\u00fdch z\u00e1kaziek<\/span><\/a><\/strong><span lang=\"sk-SK\"> a\u00a0\u010falej v\u00a0texte s\u00fa uveden\u00e9 odkazy na niektor\u00e9 \u010dl\u00e1nky, ktor\u00e9 som prelo\u017eila: na internete s\u00fa dostupn\u00e9 zdrojov\u00e9 i\u00a0cie\u013eov\u00e9 texty.<\/span><\/p>\n<p>[\/vc_column_text][\/vc_column][\/vc_row][vc_row css=&#8221;.vc_custom_1418727100653{padding-bottom: 45px !important;}&#8221;][vc_column][ivan_call_action heading=&#8221;Preklad \u010dl\u00e1nku zo sloven\u010diny do talian\u010diny&#8221; desc=&#8221;Vo Walhalle ide karta&#8221; c_id=&#8221;.vc_1443793647556&#8243; block_css=&#8221;margin-top:20px;&#8221;][ivan_button link=&#8221;http:\/\/www.jetotak.sk\/editorial\/vo-walhalle-ide-karta&#8221; target=&#8221;yes&#8221; border_r=&#8221;round-square&#8221; style=&#8221;no-border&#8221; display=&#8221;btn-block&#8221; align=&#8221;to-right&#8221; icon_area=&#8221;icon&#8221; template=&#8221;light-bg&#8221; c_id=&#8221;.vc_1443793285542&#8243; ico=&#8221;paper-plane&#8221;]<br \/>\nText<\/p>\n<p>[\/ivan_button][ivan_button link=&#8221;http:\/\/www.buongiornoslovacchia.sk\/index.php\/archives\/44189&#8243; target=&#8221;yes&#8221; border_r=&#8221;round-square&#8221; style=&#8221;no-border&#8221; display=&#8221;btn-block&#8221; align=&#8221;to-right&#8221; icon_area=&#8221;icon&#8221; c_id=&#8221;.vc_1443793492249&#8243; btn_css=&#8221;margin-top:20px;&#8221; ico=&#8221;paper-plane&#8221;]Preklad<\/p>\n<p>[\/ivan_button][\/ivan_call_action][ivan_call_action heading=&#8221;Preklad \u010dl\u00e1nku zo sloven\u010diny do talian\u010diny&#8221; desc=&#8221;Ve\u013ek\u00e1 slovensk\u00e1 n\u00e1dhera&#8221; c_id=&#8221;.vc_1443793757217&#8243; block_css=&#8221;margin-top:20px;&#8221;][ivan_button link=&#8221;http:\/\/www.jetotak.sk\/editorial\/velka-slovenska-nadhera&#8221; target=&#8221;yes&#8221; border_r=&#8221;round-square&#8221; style=&#8221;no-border&#8221; display=&#8221;btn-block&#8221; align=&#8221;to-right&#8221; icon_area=&#8221;icon&#8221; template=&#8221;light-bg&#8221; c_id=&#8221;.vc_1443793324545&#8243; ico=&#8221;paper-plane&#8221;]<br \/>\nText<\/p>\n<p>[\/ivan_button][ivan_button link=&#8221;http:\/\/www.buongiornoslovacchia.sk\/index.php\/archives\/45044&#8243; target=&#8221;yes&#8221; border_r=&#8221;round-square&#8221; style=&#8221;no-border&#8221; display=&#8221;btn-block&#8221; align=&#8221;to-right&#8221; icon_area=&#8221;icon&#8221; c_id=&#8221;.vc_1443793338873&#8243; btn_css=&#8221;margin-top:20px;&#8221; ico=&#8221;paper-plane&#8221;]<br \/>\nPreklad<\/p>\n<p>[\/ivan_button][\/ivan_call_action][\/vc_column][\/vc_row][vc_row width=&#8221;full&#8221; bg_type=&#8221;image&#8221; bg_image_url=&#8221;3004&#8243; bg_repeat=&#8221;repeat&#8221; bg_size=&#8221;auto&#8221; css=&#8221;.vc_custom_1418761916190{padding-top: 45px !important;padding-bottom: 45px !important;}&#8221;][vc_column][ivan_title align=&#8221;left&#8221; c_id=&#8221;.vc_1443793117255&#8243; title_css=&#8221;color:#aa6a6a;font-size:36px;&#8221;]<\/p>\n<p>Tu ma n\u00e1jde\u0161<\/p>\n<p>[\/ivan_title][ivan_contact c_id=&#8221;.vc_1548434275547&#8243;]\n<div class=\"wpcf7 no-js\" id=\"wpcf7-f6321-o1\" lang=\"it-IT\" dir=\"ltr\">\n<div class=\"screen-reader-response\"><p role=\"status\" aria-live=\"polite\" aria-atomic=\"true\"><\/p> <ul><\/ul><\/div>\n<form action=\"\/cardetta\/wp-json\/wp\/v2\/pages\/3865#wpcf7-f6321-o1\" method=\"post\" class=\"wpcf7-form init\" aria-label=\"Modulo di contatto\" enctype=\"multipart\/form-data\" novalidate=\"novalidate\" data-status=\"init\">\n<div style=\"display: none;\">\n<input type=\"hidden\" name=\"_wpcf7\" value=\"6321\" \/>\n<input type=\"hidden\" name=\"_wpcf7_version\" value=\"5.9.7\" \/>\n<input type=\"hidden\" name=\"_wpcf7_locale\" value=\"it_IT\" \/>\n<input type=\"hidden\" name=\"_wpcf7_unit_tag\" value=\"wpcf7-f6321-o1\" \/>\n<input type=\"hidden\" name=\"_wpcf7_container_post\" value=\"0\" \/>\n<input type=\"hidden\" name=\"_wpcf7_posted_data_hash\" value=\"\" \/>\n<\/div>\n<div class=\"row\">\n\t<div class=\"field-wrap col-md-6 col-sm-12\">\n\t\t<p><span class=\"wpcf7-form-control-wrap\" data-name=\"name-upload\"><input size=\"40\" maxlength=\"400\" class=\"wpcf7-form-control wpcf7-text wpcf7-validates-as-required\" aria-required=\"true\" aria-invalid=\"false\" placeholder=\"Meno *\" value=\"\" type=\"text\" name=\"name-upload\" \/><\/span>\n\t\t<\/p>\n\t<\/div>\n\t<div class=\"field-wrap col-md-6 col-sm-12\">\n\t\t<p><span class=\"wpcf7-form-control-wrap\" data-name=\"email\"><input size=\"40\" maxlength=\"400\" class=\"wpcf7-form-control wpcf7-email wpcf7-validates-as-required wpcf7-text wpcf7-validates-as-email\" aria-required=\"true\" aria-invalid=\"false\" placeholder=\"Email *\" value=\"\" type=\"email\" name=\"email\" \/><\/span>\n\t\t<\/p>\n\t<\/div>\n\t<div class=\"field-wrap col-md-6 col-sm-12\">\n\t\t<p><strong>Polo\u017e sem s\u00fabor.<\/strong><br \/>\nAkceptujem nasleduj\u00face form\u00e1ty s\u00faborov: .doc, .odt a .pdf.<br \/>\n<span class=\"wpcf7-form-control-wrap\" data-name=\"upload\"><input size=\"40\" class=\"wpcf7-form-control wpcf7-file\" accept=\".doc,.pdf,.odt\" aria-invalid=\"false\" type=\"file\" name=\"upload\" \/><\/span>\n\t\t<\/p>\n\t<\/div>\n\t<div class=\"field-wrap col-xs-12 col-sm-12 col-md-4\">\n\t\t<p><span class=\"wpcf7-form-control-wrap\" data-name=\"privacy\"><span class=\"wpcf7-form-control wpcf7-acceptance\"><span class=\"wpcf7-list-item\"><label><input type=\"checkbox\" name=\"privacy\" value=\"1\" aria-invalid=\"false\" \/><span class=\"wpcf7-list-item-label\"><strong>S\u00fahlasim s podmienkami <a href=\"http:\/\/www.emanuela-cardetta.com\/privacy-policy-sk\/\">ochrany osobn\u00fdch \u00fadajov<\/a>.<\/strong>*<\/span><\/label><\/span><\/span><\/span>\n\t\t<\/p>\n\t<\/div>\n\t<div class=\"field-wrap col-xs-12 col-sm-12 col-md-2\">\n\t\t<p><input class=\"wpcf7-form-control wpcf7-submit has-spinner\" type=\"submit\" value=\"Invia\" \/>\n\t\t<\/p>\n\t<\/div>\n<\/div><div class=\"wpcf7-response-output\" aria-hidden=\"true\"><\/div>\n<\/form>\n<\/div>\n[\/ivan_contact][\/vc_column][\/vc_row]<\/p>\n","protected":false},"excerpt":{"rendered":"<p>[vc_row][vc_column][rev_slider_vc alias=&#8221;traduzione&#8221;][\/vc_column][\/vc_row][vc_row][vc_column][vc_column_text] [\/vc_column_text][\/vc_column][\/vc_row][vc_row css=&#8221;.vc_custom_1418719635433{padding-top: 45px !important;padding-bottom: 45px !important;}&#8221;][vc_column][ivan_title align=&#8221;left&#8221; c_id=&#8221;.vc_1443793018781&#8243; title_css=&#8221;color:#aa6a6a;font-size:36px;&#8221; sub=&#8221;Texty prelo\u017een\u00e9 s d\u00f4slednos\u0165ou a s dodr\u017ean\u00edm v\u00fdznamu v jazyku a v termin\u00f3logii&#8221;] Preklady [\/ivan_title][\/vc_column][\/vc_row][vc_row][vc_column][vc_column_text c_id=&#8221;.vc_1443793444031&#8243;] Chcel\/a by si roz\u0161\u00edri\u0165 svoj trh a\u00a0komunik\u00e1ciu naprie\u010d hranicami?\u00a0M\u00f4\u017eem ti pom\u00f4c\u0165, aby bola tvoja komunik\u00e1cia \u010do naj\u00fa\u010dinnej\u0161ia. Preklad&#8230;<\/p>\n","protected":false},"author":2,"featured_media":0,"parent":0,"menu_order":0,"comment_status":"open","ping_status":"closed","template":"","meta":{"jetpack_post_was_ever_published":false,"footnotes":""},"class_list":["post-3865","page","type-page","status-publish","hentry"],"yoast_head":"<!-- This site is optimized with the Yoast SEO plugin v23.1 - https:\/\/yoast.com\/wordpress\/plugins\/seo\/ -->\n<title>Preklady - Emanuela Cardetta<\/title>\n<meta name=\"robots\" content=\"index, follow, max-snippet:-1, max-image-preview:large, max-video-preview:-1\" \/>\n<link rel=\"canonical\" href=\"https:\/\/k-demo.it\/cardetta\/preklady-2\/\" \/>\n<meta property=\"og:locale\" content=\"it_IT\" \/>\n<meta property=\"og:type\" content=\"article\" \/>\n<meta property=\"og:title\" content=\"Preklady - Emanuela Cardetta\" \/>\n<meta property=\"og:description\" content=\"[vc_row][vc_column][rev_slider_vc alias=&#8221;traduzione&#8221;][\/vc_column][\/vc_row][vc_row][vc_column][vc_column_text] [\/vc_column_text][\/vc_column][\/vc_row][vc_row css=&#8221;.vc_custom_1418719635433{padding-top: 45px !important;padding-bottom: 45px !important;}&#8221;][vc_column][ivan_title align=&#8221;left&#8221; c_id=&#8221;.vc_1443793018781&#8243; title_css=&#8221;color:#aa6a6a;font-size:36px;&#8221; sub=&#8221;Texty prelo\u017een\u00e9 s d\u00f4slednos\u0165ou a s dodr\u017ean\u00edm v\u00fdznamu v jazyku a v termin\u00f3logii&#8221;] Preklady [\/ivan_title][\/vc_column][\/vc_row][vc_row][vc_column][vc_column_text c_id=&#8221;.vc_1443793444031&#8243;] Chcel\/a by si roz\u0161\u00edri\u0165 svoj trh a\u00a0komunik\u00e1ciu naprie\u010d hranicami?\u00a0M\u00f4\u017eem ti pom\u00f4c\u0165, aby bola tvoja komunik\u00e1cia \u010do naj\u00fa\u010dinnej\u0161ia. Preklad...\" \/>\n<meta property=\"og:url\" content=\"https:\/\/k-demo.it\/cardetta\/preklady-2\/\" \/>\n<meta property=\"og:site_name\" content=\"Emanuela Cardetta\" \/>\n<meta property=\"article:modified_time\" content=\"2019-01-25T16:38:04+00:00\" \/>\n<meta name=\"twitter:card\" content=\"summary_large_image\" \/>\n<meta name=\"twitter:site\" content=\"@EmanuelaParole\" \/>\n<meta name=\"twitter:label1\" content=\"Tempo di lettura stimato\" \/>\n\t<meta name=\"twitter:data1\" content=\"3 minuti\" \/>\n<script type=\"application\/ld+json\" class=\"yoast-schema-graph\">{\"@context\":\"https:\/\/schema.org\",\"@graph\":[{\"@type\":\"WebPage\",\"@id\":\"https:\/\/k-demo.it\/cardetta\/preklady-2\/\",\"url\":\"https:\/\/k-demo.it\/cardetta\/preklady-2\/\",\"name\":\"Preklady - Emanuela Cardetta\",\"isPartOf\":{\"@id\":\"https:\/\/k-demo.it\/cardetta\/#website\"},\"datePublished\":\"2015-01-11T14:24:23+00:00\",\"dateModified\":\"2019-01-25T16:38:04+00:00\",\"breadcrumb\":{\"@id\":\"https:\/\/k-demo.it\/cardetta\/preklady-2\/#breadcrumb\"},\"inLanguage\":\"it-IT\",\"potentialAction\":[{\"@type\":\"ReadAction\",\"target\":[\"https:\/\/k-demo.it\/cardetta\/preklady-2\/\"]}]},{\"@type\":\"BreadcrumbList\",\"@id\":\"https:\/\/k-demo.it\/cardetta\/preklady-2\/#breadcrumb\",\"itemListElement\":[{\"@type\":\"ListItem\",\"position\":1,\"name\":\"Home\",\"item\":\"https:\/\/k-demo.it\/cardetta\/homepage\/\"},{\"@type\":\"ListItem\",\"position\":2,\"name\":\"Preklady\"}]},{\"@type\":\"WebSite\",\"@id\":\"https:\/\/k-demo.it\/cardetta\/#website\",\"url\":\"https:\/\/k-demo.it\/cardetta\/\",\"name\":\"Emanuela Cardetta\",\"description\":\"Interprete e traduttrice\",\"potentialAction\":[{\"@type\":\"SearchAction\",\"target\":{\"@type\":\"EntryPoint\",\"urlTemplate\":\"https:\/\/k-demo.it\/cardetta\/?s={search_term_string}\"},\"query-input\":\"required name=search_term_string\"}],\"inLanguage\":\"it-IT\"}]}<\/script>\n<!-- \/ Yoast SEO plugin. -->","yoast_head_json":{"title":"Preklady - Emanuela Cardetta","robots":{"index":"index","follow":"follow","max-snippet":"max-snippet:-1","max-image-preview":"max-image-preview:large","max-video-preview":"max-video-preview:-1"},"canonical":"https:\/\/k-demo.it\/cardetta\/preklady-2\/","og_locale":"it_IT","og_type":"article","og_title":"Preklady - Emanuela Cardetta","og_description":"[vc_row][vc_column][rev_slider_vc alias=&#8221;traduzione&#8221;][\/vc_column][\/vc_row][vc_row][vc_column][vc_column_text] [\/vc_column_text][\/vc_column][\/vc_row][vc_row css=&#8221;.vc_custom_1418719635433{padding-top: 45px !important;padding-bottom: 45px !important;}&#8221;][vc_column][ivan_title align=&#8221;left&#8221; c_id=&#8221;.vc_1443793018781&#8243; title_css=&#8221;color:#aa6a6a;font-size:36px;&#8221; sub=&#8221;Texty prelo\u017een\u00e9 s d\u00f4slednos\u0165ou a s dodr\u017ean\u00edm v\u00fdznamu v jazyku a v termin\u00f3logii&#8221;] Preklady [\/ivan_title][\/vc_column][\/vc_row][vc_row][vc_column][vc_column_text c_id=&#8221;.vc_1443793444031&#8243;] Chcel\/a by si roz\u0161\u00edri\u0165 svoj trh a\u00a0komunik\u00e1ciu naprie\u010d hranicami?\u00a0M\u00f4\u017eem ti pom\u00f4c\u0165, aby bola tvoja komunik\u00e1cia \u010do naj\u00fa\u010dinnej\u0161ia. Preklad...","og_url":"https:\/\/k-demo.it\/cardetta\/preklady-2\/","og_site_name":"Emanuela Cardetta","article_modified_time":"2019-01-25T16:38:04+00:00","twitter_card":"summary_large_image","twitter_site":"@EmanuelaParole","twitter_misc":{"Tempo di lettura stimato":"3 minuti"},"schema":{"@context":"https:\/\/schema.org","@graph":[{"@type":"WebPage","@id":"https:\/\/k-demo.it\/cardetta\/preklady-2\/","url":"https:\/\/k-demo.it\/cardetta\/preklady-2\/","name":"Preklady - Emanuela Cardetta","isPartOf":{"@id":"https:\/\/k-demo.it\/cardetta\/#website"},"datePublished":"2015-01-11T14:24:23+00:00","dateModified":"2019-01-25T16:38:04+00:00","breadcrumb":{"@id":"https:\/\/k-demo.it\/cardetta\/preklady-2\/#breadcrumb"},"inLanguage":"it-IT","potentialAction":[{"@type":"ReadAction","target":["https:\/\/k-demo.it\/cardetta\/preklady-2\/"]}]},{"@type":"BreadcrumbList","@id":"https:\/\/k-demo.it\/cardetta\/preklady-2\/#breadcrumb","itemListElement":[{"@type":"ListItem","position":1,"name":"Home","item":"https:\/\/k-demo.it\/cardetta\/homepage\/"},{"@type":"ListItem","position":2,"name":"Preklady"}]},{"@type":"WebSite","@id":"https:\/\/k-demo.it\/cardetta\/#website","url":"https:\/\/k-demo.it\/cardetta\/","name":"Emanuela Cardetta","description":"Interprete e traduttrice","potentialAction":[{"@type":"SearchAction","target":{"@type":"EntryPoint","urlTemplate":"https:\/\/k-demo.it\/cardetta\/?s={search_term_string}"},"query-input":"required name=search_term_string"}],"inLanguage":"it-IT"}]}},"lang":"sk","translations":{"sk":3865,"en":3401,"it":2958,"fr":3823},"jetpack_shortlink":"https:\/\/wp.me\/P4rV1K-10l","jetpack_sharing_enabled":true,"jetpack-related-posts":[],"pll_sync_post":[],"post_mailing_queue_ids":[],"_links":{"self":[{"href":"https:\/\/k-demo.it\/cardetta\/wp-json\/wp\/v2\/pages\/3865","targetHints":{"allow":["GET"]}}],"collection":[{"href":"https:\/\/k-demo.it\/cardetta\/wp-json\/wp\/v2\/pages"}],"about":[{"href":"https:\/\/k-demo.it\/cardetta\/wp-json\/wp\/v2\/types\/page"}],"author":[{"embeddable":true,"href":"https:\/\/k-demo.it\/cardetta\/wp-json\/wp\/v2\/users\/2"}],"replies":[{"embeddable":true,"href":"https:\/\/k-demo.it\/cardetta\/wp-json\/wp\/v2\/comments?post=3865"}],"version-history":[{"count":7,"href":"https:\/\/k-demo.it\/cardetta\/wp-json\/wp\/v2\/pages\/3865\/revisions"}],"predecessor-version":[{"id":6503,"href":"https:\/\/k-demo.it\/cardetta\/wp-json\/wp\/v2\/pages\/3865\/revisions\/6503"}],"wp:attachment":[{"href":"https:\/\/k-demo.it\/cardetta\/wp-json\/wp\/v2\/media?parent=3865"}],"curies":[{"name":"wp","href":"https:\/\/api.w.org\/{rel}","templated":true}]}}