
{"id":3849,"date":"2015-01-11T14:17:50","date_gmt":"2015-01-11T14:17:50","guid":{"rendered":"http:\/\/www.emanuela-cardetta.com\/?page_id=3849"},"modified":"2019-01-25T16:39:00","modified_gmt":"2019-01-25T16:39:00","slug":"kontakt-2","status":"publish","type":"page","link":"https:\/\/k-demo.it\/cardetta\/kontakt-2\/","title":{"rendered":"Kontakt"},"content":{"rendered":"<p>[vc_row css=&#8221;.vc_custom_1418727341525{padding-top: 45px !important;padding-bottom: 45px !important;}&#8221;][vc_column][ivan_title align=&#8221;left&#8221; c_id=&#8221;.vc_1443801148873&#8243; title_css=&#8221;color:#aa6a6a;font-size:36px;&#8221;]<\/p>\n<p>Kontakt<\/p>\n<p>[\/ivan_title][\/vc_column][\/vc_row][vc_row][vc_column width=&#8221;2\/3&#8243;][vc_column_text c_id=&#8221;.vc_1481104155105&#8243;]<\/p>\n<p style=\"text-align: justify;\">Ak potrebuje\u0161 viac inform\u00e1ci\u00ed oh\u013eadom mojich slu\u017eieb, alebo ak chce\u0161 pozna\u0165 cenu<strong>\u00a0za konkr\u00e9tnu slu\u017ebu<\/strong>, m\u00f4\u017ee\u0161 sa mi ozva\u0165 e-mailom, mobilom alebo vyplnen\u00edm tohto formul\u00e1ru.<\/p>\n<p style=\"text-align: justify;\">Ozvem sa\u00a0<strong>\u010doskoro\u00a0<\/strong>(max do 24 h).<\/p>\n<p>[\/vc_column_text][\/vc_column][vc_column width=&#8221;1\/3&#8243;][vc_column_text c_id=&#8221;.vc_1477578472265&#8243;]<i class=\"fa fa-phone\"> <\/i><strong> Telef\u00f3nne \u010dislo \/ Whatsapp: <\/strong>+39 349 3698748<br \/>\n<i class=\"fa fa-envelope\"> <\/i><strong> Email: <\/strong><a href=\"mailto:info@emanuela-cardetta.com\">info@emanuela-cardetta.com<\/a><br \/>\n<i class=\"fa fa-skype\"> <\/i><strong> Skype: <\/strong>emanuela.cardetta<br \/>\n<i class=\"fa fa-home\"><\/i> <strong>Bydlisko<\/strong>: Udine, IT[\/vc_column_text][\/vc_column][\/vc_row][vc_row width=&#8221;full&#8221; bg_type=&#8221;image&#8221; bg_image_url=&#8221;3004&#8243; bg_repeat=&#8221;repeat&#8221; bg_size=&#8221;auto&#8221; css=&#8221;.vc_custom_1418757573916{padding-top: 45px !important;padding-bottom: 45px !important;}&#8221;][vc_column][ivan_contact c_id=&#8221;.vc_1548434308245&#8243;]\n<div class=\"wpcf7 no-js\" id=\"wpcf7-f6322-o1\" lang=\"it-IT\" dir=\"ltr\">\n<div class=\"screen-reader-response\"><p role=\"status\" aria-live=\"polite\" aria-atomic=\"true\"><\/p> <ul><\/ul><\/div>\n<form action=\"\/cardetta\/wp-json\/wp\/v2\/pages\/3849#wpcf7-f6322-o1\" method=\"post\" class=\"wpcf7-form init\" aria-label=\"Modulo di contatto\" enctype=\"multipart\/form-data\" novalidate=\"novalidate\" data-status=\"init\">\n<div style=\"display: none;\">\n<input type=\"hidden\" name=\"_wpcf7\" value=\"6322\" \/>\n<input type=\"hidden\" name=\"_wpcf7_version\" value=\"5.9.7\" \/>\n<input type=\"hidden\" name=\"_wpcf7_locale\" value=\"it_IT\" \/>\n<input type=\"hidden\" name=\"_wpcf7_unit_tag\" value=\"wpcf7-f6322-o1\" \/>\n<input type=\"hidden\" name=\"_wpcf7_container_post\" value=\"0\" \/>\n<input type=\"hidden\" name=\"_wpcf7_posted_data_hash\" value=\"\" \/>\n<\/div>\n<div class=\"row\">\n\t<div class=\"field-wrap col-md-6 col-sm-12\">\n\t\t<p><span class=\"wpcf7-form-control-wrap\" data-name=\"name-upload\"><input size=\"40\" maxlength=\"400\" class=\"wpcf7-form-control wpcf7-text wpcf7-validates-as-required\" aria-required=\"true\" aria-invalid=\"false\" placeholder=\"Meno *\" value=\"\" type=\"text\" name=\"name-upload\" \/><\/span>\n\t\t<\/p>\n\t<\/div>\n\t<div class=\"field-wrap col-md-6 col-sm-12\">\n\t\t<p><span class=\"wpcf7-form-control-wrap\" data-name=\"email\"><input size=\"40\" maxlength=\"400\" class=\"wpcf7-form-control wpcf7-email wpcf7-validates-as-required wpcf7-text wpcf7-validates-as-email\" aria-required=\"true\" aria-invalid=\"false\" placeholder=\"Email *\" value=\"\" type=\"email\" name=\"email\" \/><\/span>\n\t\t<\/p>\n\t<\/div>\n\t<div class=\"field-wrap col-md-6 col-sm-12\">\n\t\t<p><span class=\"wpcf7-form-control-wrap\" data-name=\"tel\"><input size=\"40\" maxlength=\"400\" class=\"wpcf7-form-control wpcf7-tel wpcf7-text wpcf7-validates-as-tel\" aria-invalid=\"false\" placeholder=\"Telef\u00f3nne \u010dislo\" value=\"\" type=\"tel\" name=\"tel\" \/><\/span>\n\t\t<\/p>\n\t<\/div>\n\t<div class=\"field-wrap col-md-6 col-sm-12\">\n\t\t<p><span class=\"wpcf7-form-control-wrap\" data-name=\"oggetto\"><input size=\"40\" maxlength=\"140\" class=\"wpcf7-form-control wpcf7-text\" aria-invalid=\"false\" placeholder=\"Predmet\" value=\"\" type=\"text\" name=\"oggetto\" \/><\/span>\n\t\t<\/p>\n\t<\/div>\n\t<div class=\"field-wrap col-md-12 col-sm-12\">\n\t\t<p><span class=\"wpcf7-form-control-wrap\" data-name=\"messaggio\"><textarea cols=\"40\" rows=\"3\" maxlength=\"300\" class=\"wpcf7-form-control wpcf7-textarea wpcf7-validates-as-required\" aria-required=\"true\" aria-invalid=\"false\" placeholder=\"Spr\u00e1va\" name=\"messaggio\"><\/textarea><\/span>\n\t\t<\/p>\n\t<\/div>\n\t<div class=\"field-wrap col-md-6 col-sm-12\">\n\t\t<p><strong>Polo\u017e sem s\u00fabor.<\/strong><br \/>\nAkceptujem nasleduj\u00face form\u00e1ty s\u00faborov: .doc, .odt a .pdf.<br \/>\n<span class=\"wpcf7-form-control-wrap\" data-name=\"upload\"><input size=\"40\" class=\"wpcf7-form-control wpcf7-file\" accept=\".doc,.pdf,.odt\" aria-invalid=\"false\" type=\"file\" name=\"upload\" \/><\/span>\n\t\t<\/p>\n\t<\/div>\n\t<div class=\"field-wrap col-xs-12 col-sm-12 col-md-4\">\n\t\t<p><span class=\"wpcf7-form-control-wrap\" data-name=\"privacy\"><span class=\"wpcf7-form-control wpcf7-acceptance\"><span class=\"wpcf7-list-item\"><label><input type=\"checkbox\" name=\"privacy\" value=\"1\" aria-invalid=\"false\" \/><span class=\"wpcf7-list-item-label\"><strong>S\u00fahlasim s podmienkami <a href=\"http:\/\/www.emanuela-cardetta.com\/privacy-policy-sk\/\">ochrany osobn\u00fdch \u00fadajov<\/a>.<\/strong>*<\/span><\/label><\/span><\/span><\/span>\n\t\t<\/p>\n\t<\/div>\n\t<div class=\"field-wrap col-xs-12 col-sm-12 col-md-2\">\n\t\t<p><input class=\"wpcf7-form-control wpcf7-submit has-spinner\" type=\"submit\" value=\"Invia\" \/>\n\t\t<\/p>\n\t<\/div>\n<\/div><div class=\"wpcf7-response-output\" aria-hidden=\"true\"><\/div>\n<\/form>\n<\/div>\n[\/ivan_contact][\/vc_column][\/vc_row]<\/p>\n","protected":false},"excerpt":{"rendered":"<p>[vc_row css=&#8221;.vc_custom_1418727341525{padding-top: 45px !important;padding-bottom: 45px !important;}&#8221;][vc_column][ivan_title align=&#8221;left&#8221; c_id=&#8221;.vc_1443801148873&#8243; title_css=&#8221;color:#aa6a6a;font-size:36px;&#8221;] Kontakt [\/ivan_title][\/vc_column][\/vc_row][vc_row][vc_column width=&#8221;2\/3&#8243;][vc_column_text c_id=&#8221;.vc_1481104155105&#8243;] Ak potrebuje\u0161 viac inform\u00e1ci\u00ed oh\u013eadom mojich slu\u017eieb, alebo ak chce\u0161 pozna\u0165 cenu\u00a0za konkr\u00e9tnu slu\u017ebu, m\u00f4\u017ee\u0161 sa mi ozva\u0165 e-mailom, mobilom alebo vyplnen\u00edm tohto formul\u00e1ru. Ozvem sa\u00a0\u010doskoro\u00a0(max do 24 h). [\/vc_column_text][\/vc_column][vc_column width=&#8221;1\/3&#8243;][vc_column_text c_id=&#8221;.vc_1477578472265&#8243;]&#8230;<\/p>\n","protected":false},"author":2,"featured_media":0,"parent":0,"menu_order":0,"comment_status":"open","ping_status":"closed","template":"","meta":{"jetpack_post_was_ever_published":false,"footnotes":""},"class_list":["post-3849","page","type-page","status-publish","hentry"],"yoast_head":"<!-- This site is optimized with the Yoast SEO plugin v23.1 - https:\/\/yoast.com\/wordpress\/plugins\/seo\/ -->\n<title>Kontakt tlmo\u010dni\u010dky a prekladatelky<\/title>\n<meta name=\"description\" content=\"Kontakt tlmo\u010dni\u010dky a prekladate\u013eky Emanuela Cardetta\" \/>\n<meta name=\"robots\" content=\"index, follow, max-snippet:-1, max-image-preview:large, max-video-preview:-1\" \/>\n<link rel=\"canonical\" href=\"https:\/\/k-demo.it\/cardetta\/kontakt-2\/\" \/>\n<meta property=\"og:locale\" content=\"it_IT\" \/>\n<meta property=\"og:type\" content=\"article\" \/>\n<meta property=\"og:title\" content=\"Kontakt tlmo\u010dni\u010dky a prekladatelky\" \/>\n<meta property=\"og:description\" content=\"Kontakt tlmo\u010dni\u010dky a prekladate\u013eky Emanuela Cardetta\" \/>\n<meta property=\"og:url\" content=\"https:\/\/k-demo.it\/cardetta\/kontakt-2\/\" \/>\n<meta property=\"og:site_name\" content=\"Emanuela Cardetta\" \/>\n<meta property=\"article:modified_time\" content=\"2019-01-25T16:39:00+00:00\" \/>\n<meta name=\"twitter:card\" content=\"summary_large_image\" \/>\n<meta name=\"twitter:site\" content=\"@EmanuelaParole\" \/>\n<meta name=\"twitter:label1\" content=\"Tempo di lettura stimato\" \/>\n\t<meta name=\"twitter:data1\" content=\"1 minuto\" \/>\n<script type=\"application\/ld+json\" class=\"yoast-schema-graph\">{\"@context\":\"https:\/\/schema.org\",\"@graph\":[{\"@type\":\"WebPage\",\"@id\":\"https:\/\/k-demo.it\/cardetta\/kontakt-2\/\",\"url\":\"https:\/\/k-demo.it\/cardetta\/kontakt-2\/\",\"name\":\"Kontakt tlmo\u010dni\u010dky a prekladatelky\",\"isPartOf\":{\"@id\":\"https:\/\/k-demo.it\/cardetta\/#website\"},\"datePublished\":\"2015-01-11T14:17:50+00:00\",\"dateModified\":\"2019-01-25T16:39:00+00:00\",\"description\":\"Kontakt tlmo\u010dni\u010dky a prekladate\u013eky Emanuela Cardetta\",\"breadcrumb\":{\"@id\":\"https:\/\/k-demo.it\/cardetta\/kontakt-2\/#breadcrumb\"},\"inLanguage\":\"it-IT\",\"potentialAction\":[{\"@type\":\"ReadAction\",\"target\":[\"https:\/\/k-demo.it\/cardetta\/kontakt-2\/\"]}]},{\"@type\":\"BreadcrumbList\",\"@id\":\"https:\/\/k-demo.it\/cardetta\/kontakt-2\/#breadcrumb\",\"itemListElement\":[{\"@type\":\"ListItem\",\"position\":1,\"name\":\"Home\",\"item\":\"https:\/\/k-demo.it\/cardetta\/homepage\/\"},{\"@type\":\"ListItem\",\"position\":2,\"name\":\"Kontakt\"}]},{\"@type\":\"WebSite\",\"@id\":\"https:\/\/k-demo.it\/cardetta\/#website\",\"url\":\"https:\/\/k-demo.it\/cardetta\/\",\"name\":\"Emanuela Cardetta\",\"description\":\"Interprete e traduttrice\",\"potentialAction\":[{\"@type\":\"SearchAction\",\"target\":{\"@type\":\"EntryPoint\",\"urlTemplate\":\"https:\/\/k-demo.it\/cardetta\/?s={search_term_string}\"},\"query-input\":\"required name=search_term_string\"}],\"inLanguage\":\"it-IT\"}]}<\/script>\n<!-- \/ Yoast SEO plugin. -->","yoast_head_json":{"title":"Kontakt tlmo\u010dni\u010dky a prekladatelky","description":"Kontakt tlmo\u010dni\u010dky a prekladate\u013eky Emanuela Cardetta","robots":{"index":"index","follow":"follow","max-snippet":"max-snippet:-1","max-image-preview":"max-image-preview:large","max-video-preview":"max-video-preview:-1"},"canonical":"https:\/\/k-demo.it\/cardetta\/kontakt-2\/","og_locale":"it_IT","og_type":"article","og_title":"Kontakt tlmo\u010dni\u010dky a prekladatelky","og_description":"Kontakt tlmo\u010dni\u010dky a prekladate\u013eky Emanuela Cardetta","og_url":"https:\/\/k-demo.it\/cardetta\/kontakt-2\/","og_site_name":"Emanuela Cardetta","article_modified_time":"2019-01-25T16:39:00+00:00","twitter_card":"summary_large_image","twitter_site":"@EmanuelaParole","twitter_misc":{"Tempo di lettura stimato":"1 minuto"},"schema":{"@context":"https:\/\/schema.org","@graph":[{"@type":"WebPage","@id":"https:\/\/k-demo.it\/cardetta\/kontakt-2\/","url":"https:\/\/k-demo.it\/cardetta\/kontakt-2\/","name":"Kontakt tlmo\u010dni\u010dky a prekladatelky","isPartOf":{"@id":"https:\/\/k-demo.it\/cardetta\/#website"},"datePublished":"2015-01-11T14:17:50+00:00","dateModified":"2019-01-25T16:39:00+00:00","description":"Kontakt tlmo\u010dni\u010dky a prekladate\u013eky Emanuela Cardetta","breadcrumb":{"@id":"https:\/\/k-demo.it\/cardetta\/kontakt-2\/#breadcrumb"},"inLanguage":"it-IT","potentialAction":[{"@type":"ReadAction","target":["https:\/\/k-demo.it\/cardetta\/kontakt-2\/"]}]},{"@type":"BreadcrumbList","@id":"https:\/\/k-demo.it\/cardetta\/kontakt-2\/#breadcrumb","itemListElement":[{"@type":"ListItem","position":1,"name":"Home","item":"https:\/\/k-demo.it\/cardetta\/homepage\/"},{"@type":"ListItem","position":2,"name":"Kontakt"}]},{"@type":"WebSite","@id":"https:\/\/k-demo.it\/cardetta\/#website","url":"https:\/\/k-demo.it\/cardetta\/","name":"Emanuela Cardetta","description":"Interprete e traduttrice","potentialAction":[{"@type":"SearchAction","target":{"@type":"EntryPoint","urlTemplate":"https:\/\/k-demo.it\/cardetta\/?s={search_term_string}"},"query-input":"required name=search_term_string"}],"inLanguage":"it-IT"}]}},"lang":"sk","translations":{"sk":3849,"it":3088,"en":3438,"fr":3779},"jetpack_shortlink":"https:\/\/wp.me\/P4rV1K-105","jetpack_sharing_enabled":true,"jetpack-related-posts":[],"pll_sync_post":[],"post_mailing_queue_ids":[],"_links":{"self":[{"href":"https:\/\/k-demo.it\/cardetta\/wp-json\/wp\/v2\/pages\/3849","targetHints":{"allow":["GET"]}}],"collection":[{"href":"https:\/\/k-demo.it\/cardetta\/wp-json\/wp\/v2\/pages"}],"about":[{"href":"https:\/\/k-demo.it\/cardetta\/wp-json\/wp\/v2\/types\/page"}],"author":[{"embeddable":true,"href":"https:\/\/k-demo.it\/cardetta\/wp-json\/wp\/v2\/users\/2"}],"replies":[{"embeddable":true,"href":"https:\/\/k-demo.it\/cardetta\/wp-json\/wp\/v2\/comments?post=3849"}],"version-history":[{"count":10,"href":"https:\/\/k-demo.it\/cardetta\/wp-json\/wp\/v2\/pages\/3849\/revisions"}],"predecessor-version":[{"id":6504,"href":"https:\/\/k-demo.it\/cardetta\/wp-json\/wp\/v2\/pages\/3849\/revisions\/6504"}],"wp:attachment":[{"href":"https:\/\/k-demo.it\/cardetta\/wp-json\/wp\/v2\/media?parent=3849"}],"curies":[{"name":"wp","href":"https:\/\/api.w.org\/{rel}","templated":true}]}}