
{"id":3826,"date":"2015-01-11T13:58:35","date_gmt":"2015-01-11T13:58:35","guid":{"rendered":"http:\/\/www.emanuela-cardetta.com\/?page_id=3826"},"modified":"2021-10-25T09:58:01","modified_gmt":"2021-10-25T09:58:01","slug":"interpretation","status":"publish","type":"page","link":"https:\/\/k-demo.it\/cardetta\/interpretation\/","title":{"rendered":"Interpr\u00e9tation"},"content":{"rendered":"<p>[vc_row][vc_column][rev_slider_vc alias=&#8221;interpretazione&#8221;][\/vc_column][\/vc_row][vc_row][vc_column][vc_column_text]<br \/>\n[\/vc_column_text][\/vc_column][\/vc_row][vc_row css=&#8221;.vc_custom_1418727341525{padding-top: 45px !important;padding-bottom: 45px !important;}&#8221;][vc_column][ivan_title align=&#8221;left&#8221; c_id=&#8221;.vc_1420997144347&#8243; title_css=&#8221;color:#aa6a6a;font-size:36px;&#8221; sub=&#8221;Communication fluide et efficace au cours de rencontres multilingues&#8221;]Interpr\u00e9tation[\/ivan_title][\/vc_column][\/vc_row][vc_row][vc_column][vc_column_text c_id=&#8221;.vc_1421948683059&#8243;]<\/p>\n<p style=\"text-align: justify;\"><b>Combien de fois as-tu v\u00e9cu la situation de ne pas pouvoir communiquer avec quelqu&#8217;un parce que vous ne parliez pas la m\u00eame langue ? <\/b><br \/>\n<b>Mon travail est de faire en sorte que cela\u00a0ne se r\u00e9p\u00e8te plus<\/b><\/p>\n<p style=\"text-align: justify;\">Pour permettre \u00e0 des personnes qui parlent des langues diff\u00e9rentes de communiquer sans probl\u00e8mes, un interpr\u00e8te doit poss\u00e9der des connaissances et comp\u00e9tences qui ne peuvent pas \u00eatre improvis\u00e9es : au contraire de ce que l&#8217;on pourrait imaginer, la connaissance des langues est une qualit\u00e9 indispensable, mais insuffisante pour travailler comme interpr\u00e8te. Un bon interpr\u00e8te doit aussi avoir une excellente ma\u00eetrise des techniques de l&#8217;interpr\u00e9tation, une culture g\u00e9n\u00e9rale tr\u00e8s solide, une excellente pr\u00e9paration du point de vue terminologique, et dernier, mais pas moindres, il doit \u00e9galement \u00eatre capable de g\u00e9rer avec lucidit\u00e9 les impr\u00e9vus.<\/p>\n<p style=\"text-align: justify;\">Depuis 2009 je fournis avec <strong>comp\u00e9tence<\/strong> et <strong>d\u00e9vouement<\/strong>\u00a0mes services d&#8217;interpr\u00e9tation \u00e0 l&#8217;occasion de conf\u00e9rences, colloques, n\u00e9gociations commerciales, salons, pr\u00e9sentations et tout autre rencontre multilingue.\u00a0Si tu es en train d&#8217;organiser une rencontre multilingue et tu as besoin d&#8217;un interpr\u00e8te, je suis disponible \u00e0 te conseiller la solution la plus appropri\u00e9e \u00e0 tes exigences.<\/p>\n<p style=\"text-align: justify;\">J&#8217;offre les suivants\u00a0services d&#8217;interpr\u00e9tation :<\/p>\n<p>[\/vc_column_text][\/vc_column][\/vc_row][vc_row width=&#8221;full&#8221; bg_color_row=&#8221;#aa6a6a&#8221; css=&#8221;.vc_custom_1421144865562{padding-top: 40px !important;padding-bottom: 40px !important;}&#8221;][vc_column width=&#8221;1\/4&#8243;][ivan_title c_id=&#8221;.vc_1421941625912&#8243; title_css=&#8221;color:#ffffff;&#8221;]Interpr\u00e9tation simultan\u00e9e[\/ivan_title][vc_column_text c_id=&#8221;.vc_1421941681953&#8243; p_css=&#8221;color:#ffffff;&#8221;]<\/p>\n<p style=\"text-align: center;\"><span style=\"color: #ffffff;\">L&#8217;interpr\u00e8te est assis dans une cabine et traduit simultan\u00e9ment<\/span><\/p>\n<p>[\/vc_column_text][ivan_button link=&#8221;http:\/\/www.emanuela-cardetta.com\/?page_id=4144&#8243; border_r=&#8221;round-square&#8221; display=&#8221;btn-block&#8221; c_id=&#8221;.vc_1421941767845&#8243;]Plus d&#8217;informations[\/ivan_button][\/vc_column][vc_column width=&#8221;1\/4&#8243;][ivan_title c_id=&#8221;.vc_1421941635190&#8243; title_css=&#8221;color:#ffffff;&#8221;]Interpr\u00e9tation cons\u00e9cutive[\/ivan_title][vc_column_text c_id=&#8221;.vc_1421941971864&#8243; p_css=&#8221;color:#ffffff;&#8221;]<\/p>\n<p style=\"text-align: center;\"><span style=\"color: #ffffff;\">Interpr\u00e9tation de discours hors de la cabine avec prise de notes<\/span><\/p>\n<p>[\/vc_column_text][ivan_button link=&#8221;http:\/\/www.emanuela-cardetta.com\/?page_id=4147&#8243; border_r=&#8221;round-square&#8221; display=&#8221;btn-block&#8221; c_id=&#8221;.vc_1421941804927&#8243;]Plus d&#8217;informations[\/ivan_button][\/vc_column][vc_column width=&#8221;1\/4&#8243;][ivan_title c_id=&#8221;.vc_1421941642279&#8243; title_css=&#8221;color:#ffffff;&#8221;]Chuchotage (en chuchotant)[\/ivan_title][vc_column_text c_id=&#8221;.vc_1421942008167&#8243; p_css=&#8221;color:#ffffff;&#8221;]<\/p>\n<p style=\"text-align: center;\"><span style=\"color: #ffffff;\">Version de la simultan\u00e9e sans cabine pour public\u00a0moins nombreux<\/span><\/p>\n<p>[\/vc_column_text][ivan_button link=&#8221;http:\/\/www.emanuela-cardetta.com\/?page_id=4116&#8243; border_r=&#8221;round-square&#8221; display=&#8221;btn-block&#8221; c_id=&#8221;.vc_1421941856812&#8243;]Plus d&#8217;informations[\/ivan_button][\/vc_column][vc_column width=&#8221;1\/4&#8243;][ivan_title c_id=&#8221;.vc_1421941648818&#8243; title_css=&#8221;color:#ffffff;&#8221;]Interpr\u00e9tation pour les entreprises[\/ivan_title][vc_column_text c_id=&#8221;.vc_1421941656102&#8243; p_css=&#8221;color:#ffffff;&#8221;]<\/p>\n<p style=\"text-align: center;\"><span style=\"color: #ffffff;\">L&#8217;interpr\u00e8te traduit un dialogue phrase par phrase<\/span><\/p>\n<p>[\/vc_column_text][ivan_button link=&#8221;http:\/\/www.emanuela-cardetta.com\/?page_id=4150&#8243; border_r=&#8221;round-square&#8221; display=&#8221;btn-block&#8221; c_id=&#8221;.vc_1421941897547&#8243;]Plus d&#8217;informations[\/ivan_button][\/vc_column][\/vc_row][vc_row][vc_column][vc_empty_space height=&#8221;40px&#8221;][\/vc_column][\/vc_row][vc_row css=&#8221;.vc_custom_1418727341525{padding-top: 45px !important;padding-bottom: 45px !important;}&#8221;][vc_column width=&#8221;1\/2&#8243;][ivan_title align=&#8221;left&#8221; c_id=&#8221;.vc_1420995681031&#8243; title_css=&#8221;color:#aa6a6a;font-size:36px;&#8221;]Dossier interpr\u00e9tation[\/ivan_title][vc_empty_space][vc_column_text c_id=&#8221;.vc_1421942197068&#8243;]<strong>Aimerais-tu avoir un \u00e9chantillon de mes services d&#8217;interpr\u00e9tation ?<\/strong><\/p>\n<p style=\"text-align: justify;\">Malheureusement, pour prot\u00e9ger la confidentialit\u00e9 de mes clients, je ne peux pas publier des enregistrements audio ou vid\u00e9o de rencontres r\u00e9elles o\u00f9 j&#8217;ai travaill\u00e9 comme interpr\u00e8te.<\/p>\n<p style=\"text-align: justify;\">Toutefois, ici tu peux \u00e9couter des \u00e9chantillons de mes services d&#8217;interpr\u00e9tation : j&#8217;ai enregistr\u00e9 des tr\u00e8s petits morceaux de discours publi\u00e9s sur internet et apr\u00e8s j&#8217;ai enregistr\u00e9 mon interpr\u00e9tation en italien.<\/p>\n<p>[\/vc_column_text][\/vc_column][vc_column width=&#8221;1\/2&#8243;][vc_column_text c_id=&#8221;.vc_1420995778421&#8243;]<strong>Anglais &gt; Italien<\/strong><\/p>\n<audio class=\"wp-audio-shortcode\" id=\"audio-3826-1\" preload=\"none\" style=\"width: 100%;\" controls=\"controls\"><source type=\"audio\/wav\" src=\"http:\/\/www.emanuela-cardetta.com\/wp-content\/uploads\/2014\/05\/Campione_EN-IT.wav?_=1\" \/><a href=\"http:\/\/www.emanuela-cardetta.com\/wp-content\/uploads\/2014\/05\/Campione_EN-IT.wav\">http:\/\/www.emanuela-cardetta.com\/wp-content\/uploads\/2014\/05\/Campione_EN-IT.wav<\/a><\/audio>\n<p>[\/vc_column_text][vc_column_text c_id=&#8221;.vc_1420995765144&#8243;]<strong>Fran\u00e7ais &gt; Italien<\/strong><\/p>\n<audio class=\"wp-audio-shortcode\" id=\"audio-3826-2\" preload=\"none\" style=\"width: 100%;\" controls=\"controls\"><source type=\"audio\/wav\" src=\"http:\/\/www.emanuela-cardetta.com\/wp-content\/uploads\/2014\/05\/Campione_FR-IT.wav?_=2\" \/><a href=\"http:\/\/www.emanuela-cardetta.com\/wp-content\/uploads\/2014\/05\/Campione_FR-IT.wav\">http:\/\/www.emanuela-cardetta.com\/wp-content\/uploads\/2014\/05\/Campione_FR-IT.wav<\/a><\/audio>\n<p>[\/vc_column_text][vc_column_text c_id=&#8221;.vc_1420995749238&#8243;]<strong>Slovaque &gt; Italien<\/strong><\/p>\n<audio class=\"wp-audio-shortcode\" id=\"audio-3826-3\" preload=\"none\" style=\"width: 100%;\" controls=\"controls\"><source type=\"audio\/wav\" src=\"http:\/\/www.emanuela-cardetta.com\/wp-content\/uploads\/2014\/05\/Campione_SK-IT.wav?_=3\" \/><a href=\"http:\/\/www.emanuela-cardetta.com\/wp-content\/uploads\/2014\/05\/Campione_SK-IT.wav\">http:\/\/www.emanuela-cardetta.com\/wp-content\/uploads\/2014\/05\/Campione_SK-IT.wav<\/a><\/audio>\n<p>[\/vc_column_text][\/vc_column][\/vc_row][vc_row][vc_column][\/vc_column][\/vc_row][vc_row width=&#8221;full&#8221; bg_type=&#8221;image&#8221; bg_image_url=&#8221;3004&#8243; bg_repeat=&#8221;repeat&#8221; bg_size=&#8221;auto&#8221; css=&#8221;.vc_custom_1418759688939{padding-top: 30px !important;padding-bottom: 20px !important;}&#8221;][vc_column][ivan_title align=&#8221;left&#8221; c_id=&#8221;.vc_1635155737606&#8243; title_css=&#8221;color:#aa6a6a;&#8221;]Contacte-moi[\/ivan_title][ivan_contact c_id=&#8221;.vc_1635155443591&#8243;]\n<div class=\"wpcf7 no-js\" id=\"wpcf7-f7057-o1\" lang=\"it-IT\" dir=\"ltr\">\n<div class=\"screen-reader-response\"><p role=\"status\" aria-live=\"polite\" aria-atomic=\"true\"><\/p> <ul><\/ul><\/div>\n<form action=\"\/cardetta\/wp-json\/wp\/v2\/pages\/3826#wpcf7-f7057-o1\" method=\"post\" class=\"wpcf7-form init\" aria-label=\"Modulo di contatto\" novalidate=\"novalidate\" data-status=\"init\">\n<div style=\"display: none;\">\n<input type=\"hidden\" name=\"_wpcf7\" value=\"7057\" \/>\n<input type=\"hidden\" name=\"_wpcf7_version\" value=\"5.9.7\" \/>\n<input type=\"hidden\" name=\"_wpcf7_locale\" value=\"it_IT\" \/>\n<input type=\"hidden\" name=\"_wpcf7_unit_tag\" value=\"wpcf7-f7057-o1\" \/>\n<input type=\"hidden\" name=\"_wpcf7_container_post\" value=\"0\" \/>\n<input type=\"hidden\" name=\"_wpcf7_posted_data_hash\" value=\"\" \/>\n<\/div>\n<div class=\"row\">\n\t<div class=\"field-wrap col-md-6 col-sm-12\">\n\t\t<p><span class=\"wpcf7-form-control-wrap\" data-name=\"name-upload\"><input size=\"40\" maxlength=\"400\" class=\"wpcf7-form-control wpcf7-text wpcf7-validates-as-required\" aria-required=\"true\" aria-invalid=\"false\" placeholder=\"Nom *\" value=\"\" type=\"text\" name=\"name-upload\" \/><\/span>\n\t\t<\/p>\n\t<\/div>\n\t<div class=\"field-wrap col-md-6 col-sm-12\">\n\t\t<p><span class=\"wpcf7-form-control-wrap\" data-name=\"email\"><input size=\"40\" maxlength=\"400\" class=\"wpcf7-form-control wpcf7-email wpcf7-validates-as-required wpcf7-text wpcf7-validates-as-email\" aria-required=\"true\" aria-invalid=\"false\" placeholder=\"Email *\" value=\"\" type=\"email\" name=\"email\" \/><\/span>\n\t\t<\/p>\n\t<\/div>\n\t<div class=\"field-wrap col-md-6 col-sm-12\">\n\t\t<p><span class=\"wpcf7-form-control-wrap\" data-name=\"tel\"><input size=\"40\" maxlength=\"400\" class=\"wpcf7-form-control wpcf7-tel wpcf7-text wpcf7-validates-as-tel\" aria-invalid=\"false\" placeholder=\"T\u00e9l\u00e9phone\" value=\"\" type=\"tel\" name=\"tel\" \/><\/span>\n\t\t<\/p>\n\t<\/div>\n\t<div class=\"field-wrap col-md-6 col-sm-12\">\n\t\t<p><span class=\"wpcf7-form-control-wrap\" data-name=\"oggetto\"><input size=\"40\" maxlength=\"140\" class=\"wpcf7-form-control wpcf7-text\" aria-invalid=\"false\" placeholder=\"Demande\" value=\"\" type=\"text\" name=\"oggetto\" \/><\/span>\n\t\t<\/p>\n\t<\/div>\n\t<div class=\"field-wrap col-xs-12 col-sm-12 col-md-4\">\n\t\t<p><span class=\"wpcf7-form-control-wrap\" data-name=\"privacy\"><span class=\"wpcf7-form-control wpcf7-acceptance\"><span class=\"wpcf7-list-item\"><label><input type=\"checkbox\" name=\"privacy\" value=\"1\" aria-invalid=\"false\" \/><span class=\"wpcf7-list-item-label\"><strong>J'accepte les <a href=\"http:\/\/www.emanuela-cardetta.com\/politique-confidentialite\/\">conditions d'utilisation et de confidentialit\u00e9<\/a>.<\/strong>*<\/span><\/label><\/span><\/span><\/span>\n\t\t<\/p>\n\t<\/div>\n\t<div class=\"field-wrap col-xs-12 col-sm-12 col-md-2\">\n\t\t<p><input class=\"wpcf7-form-control wpcf7-submit has-spinner\" type=\"submit\" value=\"Invia\" \/>\n\t\t<\/p>\n\t<\/div>\n<\/div><div class=\"wpcf7-response-output\" aria-hidden=\"true\"><\/div>\n<\/form>\n<\/div>\n[\/ivan_contact][vc_empty_space][\/vc_column][\/vc_row]<\/p>\n","protected":false},"excerpt":{"rendered":"<p>[vc_row][vc_column][rev_slider_vc alias=&#8221;interpretazione&#8221;][\/vc_column][\/vc_row][vc_row][vc_column][vc_column_text] [\/vc_column_text][\/vc_column][\/vc_row][vc_row css=&#8221;.vc_custom_1418727341525{padding-top: 45px !important;padding-bottom: 45px !important;}&#8221;][vc_column][ivan_title align=&#8221;left&#8221; c_id=&#8221;.vc_1420997144347&#8243; title_css=&#8221;color:#aa6a6a;font-size:36px;&#8221; sub=&#8221;Communication fluide et efficace au cours de rencontres multilingues&#8221;]Interpr\u00e9tation[\/ivan_title][\/vc_column][\/vc_row][vc_row][vc_column][vc_column_text c_id=&#8221;.vc_1421948683059&#8243;] Combien de fois as-tu v\u00e9cu la situation de ne pas pouvoir communiquer avec quelqu&#8217;un parce que vous ne parliez pas la m\u00eame langue ?&#8230;<\/p>\n","protected":false},"author":2,"featured_media":0,"parent":0,"menu_order":0,"comment_status":"open","ping_status":"closed","template":"","meta":{"jetpack_post_was_ever_published":false,"footnotes":""},"class_list":["post-3826","page","type-page","status-publish","hentry"],"yoast_head":"<!-- This site is optimized with the Yoast SEO plugin v23.1 - https:\/\/yoast.com\/wordpress\/plugins\/seo\/ -->\n<title>Services d&#039;interpr\u00e9tation<\/title>\n<meta name=\"description\" content=\"Services d&#039;interpr\u00e9tation, italien, fran\u00e7ais, anglais, slovaque. Interpr\u00e9tation simultan\u00e9e, cons\u00e9cutive, pour les entreprises, chuchotage.\" \/>\n<meta name=\"robots\" content=\"index, follow, max-snippet:-1, max-image-preview:large, max-video-preview:-1\" \/>\n<link rel=\"canonical\" href=\"https:\/\/k-demo.it\/cardetta\/interpretation\/\" \/>\n<meta property=\"og:locale\" content=\"it_IT\" \/>\n<meta property=\"og:type\" content=\"article\" \/>\n<meta property=\"og:title\" content=\"Services d&#039;interpr\u00e9tation\" \/>\n<meta property=\"og:description\" content=\"Services d&#039;interpr\u00e9tation, italien, fran\u00e7ais, anglais, slovaque. Interpr\u00e9tation simultan\u00e9e, cons\u00e9cutive, pour les entreprises, chuchotage.\" \/>\n<meta property=\"og:url\" content=\"https:\/\/k-demo.it\/cardetta\/interpretation\/\" \/>\n<meta property=\"og:site_name\" content=\"Emanuela Cardetta\" \/>\n<meta property=\"article:modified_time\" content=\"2021-10-25T09:58:01+00:00\" \/>\n<meta name=\"twitter:card\" content=\"summary_large_image\" \/>\n<meta name=\"twitter:site\" content=\"@EmanuelaParole\" \/>\n<meta name=\"twitter:label1\" content=\"Tempo di lettura stimato\" \/>\n\t<meta name=\"twitter:data1\" content=\"2 minuti\" \/>\n<script type=\"application\/ld+json\" class=\"yoast-schema-graph\">{\"@context\":\"https:\/\/schema.org\",\"@graph\":[{\"@type\":\"WebPage\",\"@id\":\"https:\/\/k-demo.it\/cardetta\/interpretation\/\",\"url\":\"https:\/\/k-demo.it\/cardetta\/interpretation\/\",\"name\":\"Services d'interpr\u00e9tation\",\"isPartOf\":{\"@id\":\"https:\/\/k-demo.it\/cardetta\/#website\"},\"datePublished\":\"2015-01-11T13:58:35+00:00\",\"dateModified\":\"2021-10-25T09:58:01+00:00\",\"description\":\"Services d'interpr\u00e9tation, italien, fran\u00e7ais, anglais, slovaque. Interpr\u00e9tation simultan\u00e9e, cons\u00e9cutive, pour les entreprises, chuchotage.\",\"breadcrumb\":{\"@id\":\"https:\/\/k-demo.it\/cardetta\/interpretation\/#breadcrumb\"},\"inLanguage\":\"it-IT\",\"potentialAction\":[{\"@type\":\"ReadAction\",\"target\":[\"https:\/\/k-demo.it\/cardetta\/interpretation\/\"]}]},{\"@type\":\"BreadcrumbList\",\"@id\":\"https:\/\/k-demo.it\/cardetta\/interpretation\/#breadcrumb\",\"itemListElement\":[{\"@type\":\"ListItem\",\"position\":1,\"name\":\"Home\",\"item\":\"https:\/\/k-demo.it\/cardetta\/homepage\/\"},{\"@type\":\"ListItem\",\"position\":2,\"name\":\"Interpr\u00e9tation\"}]},{\"@type\":\"WebSite\",\"@id\":\"https:\/\/k-demo.it\/cardetta\/#website\",\"url\":\"https:\/\/k-demo.it\/cardetta\/\",\"name\":\"Emanuela Cardetta\",\"description\":\"Interprete e traduttrice\",\"potentialAction\":[{\"@type\":\"SearchAction\",\"target\":{\"@type\":\"EntryPoint\",\"urlTemplate\":\"https:\/\/k-demo.it\/cardetta\/?s={search_term_string}\"},\"query-input\":\"required name=search_term_string\"}],\"inLanguage\":\"it-IT\"}]}<\/script>\n<!-- \/ Yoast SEO plugin. -->","yoast_head_json":{"title":"Services d'interpr\u00e9tation","description":"Services d'interpr\u00e9tation, italien, fran\u00e7ais, anglais, slovaque. Interpr\u00e9tation simultan\u00e9e, cons\u00e9cutive, pour les entreprises, chuchotage.","robots":{"index":"index","follow":"follow","max-snippet":"max-snippet:-1","max-image-preview":"max-image-preview:large","max-video-preview":"max-video-preview:-1"},"canonical":"https:\/\/k-demo.it\/cardetta\/interpretation\/","og_locale":"it_IT","og_type":"article","og_title":"Services d'interpr\u00e9tation","og_description":"Services d'interpr\u00e9tation, italien, fran\u00e7ais, anglais, slovaque. Interpr\u00e9tation simultan\u00e9e, cons\u00e9cutive, pour les entreprises, chuchotage.","og_url":"https:\/\/k-demo.it\/cardetta\/interpretation\/","og_site_name":"Emanuela Cardetta","article_modified_time":"2021-10-25T09:58:01+00:00","twitter_card":"summary_large_image","twitter_site":"@EmanuelaParole","twitter_misc":{"Tempo di lettura stimato":"2 minuti"},"schema":{"@context":"https:\/\/schema.org","@graph":[{"@type":"WebPage","@id":"https:\/\/k-demo.it\/cardetta\/interpretation\/","url":"https:\/\/k-demo.it\/cardetta\/interpretation\/","name":"Services d'interpr\u00e9tation","isPartOf":{"@id":"https:\/\/k-demo.it\/cardetta\/#website"},"datePublished":"2015-01-11T13:58:35+00:00","dateModified":"2021-10-25T09:58:01+00:00","description":"Services d'interpr\u00e9tation, italien, fran\u00e7ais, anglais, slovaque. Interpr\u00e9tation simultan\u00e9e, cons\u00e9cutive, pour les entreprises, chuchotage.","breadcrumb":{"@id":"https:\/\/k-demo.it\/cardetta\/interpretation\/#breadcrumb"},"inLanguage":"it-IT","potentialAction":[{"@type":"ReadAction","target":["https:\/\/k-demo.it\/cardetta\/interpretation\/"]}]},{"@type":"BreadcrumbList","@id":"https:\/\/k-demo.it\/cardetta\/interpretation\/#breadcrumb","itemListElement":[{"@type":"ListItem","position":1,"name":"Home","item":"https:\/\/k-demo.it\/cardetta\/homepage\/"},{"@type":"ListItem","position":2,"name":"Interpr\u00e9tation"}]},{"@type":"WebSite","@id":"https:\/\/k-demo.it\/cardetta\/#website","url":"https:\/\/k-demo.it\/cardetta\/","name":"Emanuela Cardetta","description":"Interprete e traduttrice","potentialAction":[{"@type":"SearchAction","target":{"@type":"EntryPoint","urlTemplate":"https:\/\/k-demo.it\/cardetta\/?s={search_term_string}"},"query-input":"required name=search_term_string"}],"inLanguage":"it-IT"}]}},"lang":"fr","translations":{"fr":3826,"it":2962,"en":3381,"sk":3862},"jetpack_shortlink":"https:\/\/wp.me\/P4rV1K-ZI","jetpack_sharing_enabled":true,"jetpack-related-posts":[],"pll_sync_post":[],"post_mailing_queue_ids":[],"_links":{"self":[{"href":"https:\/\/k-demo.it\/cardetta\/wp-json\/wp\/v2\/pages\/3826","targetHints":{"allow":["GET"]}}],"collection":[{"href":"https:\/\/k-demo.it\/cardetta\/wp-json\/wp\/v2\/pages"}],"about":[{"href":"https:\/\/k-demo.it\/cardetta\/wp-json\/wp\/v2\/types\/page"}],"author":[{"embeddable":true,"href":"https:\/\/k-demo.it\/cardetta\/wp-json\/wp\/v2\/users\/2"}],"replies":[{"embeddable":true,"href":"https:\/\/k-demo.it\/cardetta\/wp-json\/wp\/v2\/comments?post=3826"}],"version-history":[{"count":30,"href":"https:\/\/k-demo.it\/cardetta\/wp-json\/wp\/v2\/pages\/3826\/revisions"}],"predecessor-version":[{"id":7073,"href":"https:\/\/k-demo.it\/cardetta\/wp-json\/wp\/v2\/pages\/3826\/revisions\/7073"}],"wp:attachment":[{"href":"https:\/\/k-demo.it\/cardetta\/wp-json\/wp\/v2\/media?parent=3826"}],"curies":[{"name":"wp","href":"https:\/\/api.w.org\/{rel}","templated":true}]}}