
{"id":3823,"date":"2015-01-11T13:56:50","date_gmt":"2015-01-11T13:56:50","guid":{"rendered":"http:\/\/www.emanuela-cardetta.com\/?page_id=3823"},"modified":"2019-01-25T16:35:28","modified_gmt":"2019-01-25T16:35:28","slug":"traduction-2","status":"publish","type":"page","link":"https:\/\/k-demo.it\/cardetta\/traduction-2\/","title":{"rendered":"Traduction"},"content":{"rendered":"<p>[vc_row][vc_column][rev_slider_vc alias=&#8221;traduzione&#8221;][\/vc_column][\/vc_row][vc_row][vc_column][vc_column_text]<br \/>\n[\/vc_column_text][\/vc_column][\/vc_row][vc_row css=&#8221;.vc_custom_1418719635433{padding-top: 45px !important;padding-bottom: 45px !important;}&#8221;][vc_column][ivan_title align=&#8221;left&#8221; c_id=&#8221;.vc_1421947916234&#8243; title_css=&#8221;color:#aa6a6a;font-size:36px;&#8221; sub=&#8221;Textes traduits avec pr\u00e9cision minutieuse et attention \u00e0 la terminologie et aux nuances de la langue&#8221;]Traduction[\/ivan_title][\/vc_column][\/vc_row][vc_row][vc_column][vc_column_text c_id=&#8221;.vc_1421948787371&#8243;]<strong>Aimerais-tu \u00e9largir ton march\u00e9 ou te faire conna\u00eetre dans d&#8217;autres pays ?\u00a0<\/strong><strong>Je peux t&#8217;aider \u00e0 communiquer de la fa\u00e7on la plus efficace<\/strong><\/p>\n<p style=\"text-align: justify;\">Traduire ne veut pas dire tout simplement &#8220;transporter&#8221; des mots d&#8217;une langue \u00e0 l&#8217;autre : il s&#8217;agit d&#8217;un processus tr\u00e8s complexe qui n\u00e9cessite une profonde connaissance des langues et des cultures dont la traduction fait l&#8217;objet, une pr\u00e9cision terminologique absolue et une grande ma\u00eetrise des instruments employ\u00e9s dans la traduction.<\/p>\n<p style=\"text-align: justify;\">Depuis 2009, je fournis avec <strong>comp\u00e9tence<\/strong> et <strong>d\u00e9vouement<\/strong> mes services de traduction pour un grand nombre de types de textes. Les outils de traduction assist\u00e9e par ordinateur (TAO) que j&#8217;utilise plus souvent sont OmegaT et Across.<\/p>\n<p style=\"text-align: justify;\">J&#8217;offre les suivants services de traduction :<br \/>\n<i class=\"fa fa-check\"><\/i> <strong>traduction de textes<\/strong><br \/>\n<strong> <i class=\"fa fa-check\"><\/i> traduction asserment\u00e9e<\/strong><br \/>\n<strong> <i class=\"fa fa-check\"><\/i> traduction de sous-titres<\/strong><\/p>\n<p>Je suis \u00e9galement disponible pour des services de :<br \/>\n<i class=\"fa fa-check\"><\/i> <strong>transcription<\/strong><br \/>\n<strong> <i class=\"fa fa-check\"><\/i> r\u00e9vision<\/strong><\/p>\n<p><strong>Pour avoir des informations plus d\u00e9taill\u00e9es sur mes services de traduction, transcription ou r\u00e9vision, n&#8217;h\u00e9site pas \u00e0 me contacter !<\/strong>[\/vc_column_text][\/vc_column][\/vc_row][vc_row][vc_column][vc_separator type=&#8221;normal&#8221; position=&#8221;center&#8221;][\/vc_column][\/vc_row][vc_row css=&#8221;.vc_custom_1418726601545{padding-top: 0px !important;padding-bottom: 0px !important;}&#8221;][vc_column][ivan_title align=&#8221;left&#8221; c_id=&#8221;.vc_1420998746317&#8243; title_css=&#8221;color:#aa6a6a;font-size:36px;&#8221;]Dossier traduction[\/ivan_title][vc_column_text c_id=&#8221;.vc_1421948991996&#8243;]<strong>Aimerais-tu avoir un \u00e9chantillon de mes services ?<\/strong><\/p>\n<p style=\"text-align: justify;\">Pour prot\u00e9ger la confidentialit\u00e9 de mes clients, je ne peux pas publier la plupart des traductions qu&#8217;ils m&#8217;ont confi\u00e9, mais je peux signaler quelques articles publi\u00e9s sur internet que j&#8217;ai traduit et dont la traduction a aussi \u00e9t\u00e9 publi\u00e9e sur internet.<\/p>\n<p>[\/vc_column_text][\/vc_column][\/vc_row][vc_row css=&#8221;.vc_custom_1418727100653{padding-bottom: 45px !important;}&#8221;][vc_column][ivan_call_action heading=&#8221;Traduction d&#8217;un article du slovaque \u00e0 l&#8217;italien&#8221; desc=&#8221;I giocatori di carte di Walhalla&#8221; c_id=&#8221;.vc_1420999122924&#8243; block_css=&#8221;margin-top:20px;&#8221;][ivan_button link=&#8221;http:\/\/www.jetotak.sk\/editorial\/vo-walhalle-ide-karta&#8221; target=&#8221;yes&#8221; border_r=&#8221;round-square&#8221; style=&#8221;no-border&#8221; display=&#8221;btn-block&#8221; align=&#8221;to-right&#8221; icon_area=&#8221;icon&#8221; template=&#8221;light-bg&#8221; c_id=&#8221;.vc_1420999067854&#8243; ico=&#8221;paper-plane&#8221;]Texte de d\u00e9part[\/ivan_button][ivan_button link=&#8221;http:\/\/www.buongiornoslovacchia.sk\/index.php\/archives\/44189&#8243; target=&#8221;yes&#8221; border_r=&#8221;round-square&#8221; style=&#8221;no-border&#8221; display=&#8221;btn-block&#8221; align=&#8221;to-right&#8221; icon_area=&#8221;icon&#8221; c_id=&#8221;.vc_1420999078713&#8243; btn_css=&#8221;margin-top:20px;&#8221; ico=&#8221;paper-plane&#8221;]Texte traduit[\/ivan_button][\/ivan_call_action][ivan_call_action heading=&#8221;Traduction d&#8217;un article du slovaque \u00e0 l&#8217;italien&#8221; desc=&#8221;L\u2019Italia vista dall\u2019estero: La Grande Bellezza Slovacca&#8221; c_id=&#8221;.vc_1420999164162&#8243; block_css=&#8221;margin-top:20px;&#8221;][ivan_button link=&#8221;http:\/\/www.jetotak.sk\/editorial\/velka-slovenska-nadhera&#8221; target=&#8221;yes&#8221; border_r=&#8221;round-square&#8221; style=&#8221;no-border&#8221; display=&#8221;btn-block&#8221; align=&#8221;to-right&#8221; icon_area=&#8221;icon&#8221; template=&#8221;light-bg&#8221; c_id=&#8221;.vc_1420999141179&#8243; ico=&#8221;paper-plane&#8221;]Texte de d\u00e9part[\/ivan_button][ivan_button link=&#8221;http:\/\/www.buongiornoslovacchia.sk\/index.php\/archives\/45044&#8243; target=&#8221;yes&#8221; border_r=&#8221;round-square&#8221; style=&#8221;no-border&#8221; display=&#8221;btn-block&#8221; align=&#8221;to-right&#8221; icon_area=&#8221;icon&#8221; c_id=&#8221;.vc_1420999151090&#8243; btn_css=&#8221;margin-top:20px;&#8221; ico=&#8221;paper-plane&#8221;]Texte traduit[\/ivan_button][\/ivan_call_action][\/vc_column][\/vc_row][vc_row width=&#8221;full&#8221; bg_type=&#8221;image&#8221; bg_image_url=&#8221;3004&#8243; bg_repeat=&#8221;repeat&#8221; bg_size=&#8221;auto&#8221; css=&#8221;.vc_custom_1418761916190{padding-top: 45px !important;padding-bottom: 45px !important;}&#8221;][vc_column][ivan_title align=&#8221;left&#8221; c_id=&#8221;.vc_1420999232012&#8243; title_css=&#8221;color:#aa6a6a;font-size:36px;&#8221;]Demande un devis[\/ivan_title][ivan_contact c_id=&#8221;.vc_1548434093893&#8243;]\n<div class=\"wpcf7 no-js\" id=\"wpcf7-f6320-o1\" lang=\"it-IT\" dir=\"ltr\">\n<div class=\"screen-reader-response\"><p role=\"status\" aria-live=\"polite\" aria-atomic=\"true\"><\/p> <ul><\/ul><\/div>\n<form action=\"\/cardetta\/wp-json\/wp\/v2\/pages\/3823#wpcf7-f6320-o1\" method=\"post\" class=\"wpcf7-form init\" aria-label=\"Modulo di contatto\" enctype=\"multipart\/form-data\" novalidate=\"novalidate\" data-status=\"init\">\n<div style=\"display: none;\">\n<input type=\"hidden\" name=\"_wpcf7\" value=\"6320\" \/>\n<input type=\"hidden\" name=\"_wpcf7_version\" value=\"5.9.7\" \/>\n<input type=\"hidden\" name=\"_wpcf7_locale\" value=\"it_IT\" \/>\n<input type=\"hidden\" name=\"_wpcf7_unit_tag\" value=\"wpcf7-f6320-o1\" \/>\n<input type=\"hidden\" name=\"_wpcf7_container_post\" value=\"0\" \/>\n<input type=\"hidden\" name=\"_wpcf7_posted_data_hash\" value=\"\" \/>\n<\/div>\n<div class=\"row\">\n\t<div class=\"field-wrap col-md-6 col-sm-12\">\n\t\t<p><span class=\"wpcf7-form-control-wrap\" data-name=\"name-upload\"><input size=\"40\" maxlength=\"400\" class=\"wpcf7-form-control wpcf7-text wpcf7-validates-as-required\" aria-required=\"true\" aria-invalid=\"false\" placeholder=\"Nom *\" value=\"\" type=\"text\" name=\"name-upload\" \/><\/span>\n\t\t<\/p>\n\t<\/div>\n\t<div class=\"field-wrap col-md-6 col-sm-12\">\n\t\t<p><span class=\"wpcf7-form-control-wrap\" data-name=\"email\"><input size=\"40\" maxlength=\"400\" class=\"wpcf7-form-control wpcf7-email wpcf7-validates-as-required wpcf7-text wpcf7-validates-as-email\" aria-required=\"true\" aria-invalid=\"false\" placeholder=\"Email *\" value=\"\" type=\"email\" name=\"email\" \/><\/span>\n\t\t<\/p>\n\t<\/div>\n\t<div class=\"field-wrap col-md-6 col-sm-12\">\n\t\t<p><strong>Joins ici le document \u00e0 traduire pour demander un devis.<\/strong><br \/>\nType de documents accept\u00e9s: .doc, .odt e .pdf.<br \/>\n<span class=\"wpcf7-form-control-wrap\" data-name=\"upload\"><input size=\"40\" class=\"wpcf7-form-control wpcf7-file\" accept=\".doc,.pdf,.odt\" aria-invalid=\"false\" type=\"file\" name=\"upload\" \/><\/span>\n\t\t<\/p>\n\t<\/div>\n\t<div class=\"field-wrap col-xs-12 col-sm-12 col-md-4\">\n\t\t<p><span class=\"wpcf7-form-control-wrap\" data-name=\"privacy\"><span class=\"wpcf7-form-control wpcf7-acceptance\"><span class=\"wpcf7-list-item\"><label><input type=\"checkbox\" name=\"privacy\" value=\"1\" aria-invalid=\"false\" \/><span class=\"wpcf7-list-item-label\"><strong>J'accepte les <a href=\"http:\/\/www.emanuela-cardetta.com\/politique-confidentialite\/\">conditions d'utilisation et de confidentialit\u00e9<\/a>.<\/strong>*<\/span><\/label><\/span><\/span><\/span>\n\t\t<\/p>\n\t<\/div>\n\t<div class=\"field-wrap col-xs-12 col-sm-12 col-md-2\">\n\t\t<p><input class=\"wpcf7-form-control wpcf7-submit has-spinner\" type=\"submit\" value=\"Invia\" \/>\n\t\t<\/p>\n\t<\/div>\n<\/div><div class=\"wpcf7-response-output\" aria-hidden=\"true\"><\/div>\n<\/form>\n<\/div>\n[\/ivan_contact][\/vc_column][\/vc_row]<\/p>\n","protected":false},"excerpt":{"rendered":"<p>[vc_row][vc_column][rev_slider_vc alias=&#8221;traduzione&#8221;][\/vc_column][\/vc_row][vc_row][vc_column][vc_column_text] [\/vc_column_text][\/vc_column][\/vc_row][vc_row css=&#8221;.vc_custom_1418719635433{padding-top: 45px !important;padding-bottom: 45px !important;}&#8221;][vc_column][ivan_title align=&#8221;left&#8221; c_id=&#8221;.vc_1421947916234&#8243; title_css=&#8221;color:#aa6a6a;font-size:36px;&#8221; sub=&#8221;Textes traduits avec pr\u00e9cision minutieuse et attention \u00e0 la terminologie et aux nuances de la langue&#8221;]Traduction[\/ivan_title][\/vc_column][\/vc_row][vc_row][vc_column][vc_column_text c_id=&#8221;.vc_1421948787371&#8243;]Aimerais-tu \u00e9largir ton march\u00e9 ou te faire conna\u00eetre dans d&#8217;autres pays ?\u00a0Je peux t&#8217;aider \u00e0 communiquer de la&#8230;<\/p>\n","protected":false},"author":2,"featured_media":0,"parent":0,"menu_order":0,"comment_status":"open","ping_status":"closed","template":"","meta":{"jetpack_post_was_ever_published":false,"footnotes":""},"class_list":["post-3823","page","type-page","status-publish","hentry"],"yoast_head":"<!-- This site is optimized with the Yoast SEO plugin v23.1 - https:\/\/yoast.com\/wordpress\/plugins\/seo\/ -->\n<title>Services de traduction<\/title>\n<meta name=\"description\" content=\"Services de traduction - italien, fran\u00e7ais, anglais, slovaque. Traduction asserment\u00e9e, de sous-titres, r\u00e9vision. Oenologie, tourisme, immigration\" \/>\n<meta name=\"robots\" content=\"index, follow, max-snippet:-1, max-image-preview:large, max-video-preview:-1\" \/>\n<link rel=\"canonical\" href=\"https:\/\/k-demo.it\/cardetta\/traduction-2\/\" \/>\n<meta property=\"og:locale\" content=\"it_IT\" \/>\n<meta property=\"og:type\" content=\"article\" \/>\n<meta property=\"og:title\" content=\"Services de traduction\" \/>\n<meta property=\"og:description\" content=\"Services de traduction - italien, fran\u00e7ais, anglais, slovaque. Traduction asserment\u00e9e, de sous-titres, r\u00e9vision. Oenologie, tourisme, immigration\" \/>\n<meta property=\"og:url\" content=\"https:\/\/k-demo.it\/cardetta\/traduction-2\/\" \/>\n<meta property=\"og:site_name\" content=\"Emanuela Cardetta\" \/>\n<meta property=\"article:modified_time\" content=\"2019-01-25T16:35:28+00:00\" \/>\n<meta name=\"twitter:card\" content=\"summary_large_image\" \/>\n<meta name=\"twitter:site\" content=\"@EmanuelaParole\" \/>\n<meta name=\"twitter:label1\" content=\"Tempo di lettura stimato\" \/>\n\t<meta name=\"twitter:data1\" content=\"3 minuti\" \/>\n<script type=\"application\/ld+json\" class=\"yoast-schema-graph\">{\"@context\":\"https:\/\/schema.org\",\"@graph\":[{\"@type\":\"WebPage\",\"@id\":\"https:\/\/k-demo.it\/cardetta\/traduction-2\/\",\"url\":\"https:\/\/k-demo.it\/cardetta\/traduction-2\/\",\"name\":\"Services de traduction\",\"isPartOf\":{\"@id\":\"https:\/\/k-demo.it\/cardetta\/#website\"},\"datePublished\":\"2015-01-11T13:56:50+00:00\",\"dateModified\":\"2019-01-25T16:35:28+00:00\",\"description\":\"Services de traduction - italien, fran\u00e7ais, anglais, slovaque. Traduction asserment\u00e9e, de sous-titres, r\u00e9vision. Oenologie, tourisme, immigration\",\"breadcrumb\":{\"@id\":\"https:\/\/k-demo.it\/cardetta\/traduction-2\/#breadcrumb\"},\"inLanguage\":\"it-IT\",\"potentialAction\":[{\"@type\":\"ReadAction\",\"target\":[\"https:\/\/k-demo.it\/cardetta\/traduction-2\/\"]}]},{\"@type\":\"BreadcrumbList\",\"@id\":\"https:\/\/k-demo.it\/cardetta\/traduction-2\/#breadcrumb\",\"itemListElement\":[{\"@type\":\"ListItem\",\"position\":1,\"name\":\"Home\",\"item\":\"https:\/\/k-demo.it\/cardetta\/homepage\/\"},{\"@type\":\"ListItem\",\"position\":2,\"name\":\"Traduction\"}]},{\"@type\":\"WebSite\",\"@id\":\"https:\/\/k-demo.it\/cardetta\/#website\",\"url\":\"https:\/\/k-demo.it\/cardetta\/\",\"name\":\"Emanuela Cardetta\",\"description\":\"Interprete e traduttrice\",\"potentialAction\":[{\"@type\":\"SearchAction\",\"target\":{\"@type\":\"EntryPoint\",\"urlTemplate\":\"https:\/\/k-demo.it\/cardetta\/?s={search_term_string}\"},\"query-input\":\"required name=search_term_string\"}],\"inLanguage\":\"it-IT\"}]}<\/script>\n<!-- \/ Yoast SEO plugin. -->","yoast_head_json":{"title":"Services de traduction","description":"Services de traduction - italien, fran\u00e7ais, anglais, slovaque. Traduction asserment\u00e9e, de sous-titres, r\u00e9vision. Oenologie, tourisme, immigration","robots":{"index":"index","follow":"follow","max-snippet":"max-snippet:-1","max-image-preview":"max-image-preview:large","max-video-preview":"max-video-preview:-1"},"canonical":"https:\/\/k-demo.it\/cardetta\/traduction-2\/","og_locale":"it_IT","og_type":"article","og_title":"Services de traduction","og_description":"Services de traduction - italien, fran\u00e7ais, anglais, slovaque. Traduction asserment\u00e9e, de sous-titres, r\u00e9vision. Oenologie, tourisme, immigration","og_url":"https:\/\/k-demo.it\/cardetta\/traduction-2\/","og_site_name":"Emanuela Cardetta","article_modified_time":"2019-01-25T16:35:28+00:00","twitter_card":"summary_large_image","twitter_site":"@EmanuelaParole","twitter_misc":{"Tempo di lettura stimato":"3 minuti"},"schema":{"@context":"https:\/\/schema.org","@graph":[{"@type":"WebPage","@id":"https:\/\/k-demo.it\/cardetta\/traduction-2\/","url":"https:\/\/k-demo.it\/cardetta\/traduction-2\/","name":"Services de traduction","isPartOf":{"@id":"https:\/\/k-demo.it\/cardetta\/#website"},"datePublished":"2015-01-11T13:56:50+00:00","dateModified":"2019-01-25T16:35:28+00:00","description":"Services de traduction - italien, fran\u00e7ais, anglais, slovaque. Traduction asserment\u00e9e, de sous-titres, r\u00e9vision. Oenologie, tourisme, immigration","breadcrumb":{"@id":"https:\/\/k-demo.it\/cardetta\/traduction-2\/#breadcrumb"},"inLanguage":"it-IT","potentialAction":[{"@type":"ReadAction","target":["https:\/\/k-demo.it\/cardetta\/traduction-2\/"]}]},{"@type":"BreadcrumbList","@id":"https:\/\/k-demo.it\/cardetta\/traduction-2\/#breadcrumb","itemListElement":[{"@type":"ListItem","position":1,"name":"Home","item":"https:\/\/k-demo.it\/cardetta\/homepage\/"},{"@type":"ListItem","position":2,"name":"Traduction"}]},{"@type":"WebSite","@id":"https:\/\/k-demo.it\/cardetta\/#website","url":"https:\/\/k-demo.it\/cardetta\/","name":"Emanuela Cardetta","description":"Interprete e traduttrice","potentialAction":[{"@type":"SearchAction","target":{"@type":"EntryPoint","urlTemplate":"https:\/\/k-demo.it\/cardetta\/?s={search_term_string}"},"query-input":"required name=search_term_string"}],"inLanguage":"it-IT"}]}},"lang":"fr","translations":{"fr":3823,"en":3401,"it":2958,"sk":3865},"jetpack_shortlink":"https:\/\/wp.me\/P4rV1K-ZF","jetpack_sharing_enabled":true,"jetpack-related-posts":[],"pll_sync_post":[],"post_mailing_queue_ids":[],"_links":{"self":[{"href":"https:\/\/k-demo.it\/cardetta\/wp-json\/wp\/v2\/pages\/3823","targetHints":{"allow":["GET"]}}],"collection":[{"href":"https:\/\/k-demo.it\/cardetta\/wp-json\/wp\/v2\/pages"}],"about":[{"href":"https:\/\/k-demo.it\/cardetta\/wp-json\/wp\/v2\/types\/page"}],"author":[{"embeddable":true,"href":"https:\/\/k-demo.it\/cardetta\/wp-json\/wp\/v2\/users\/2"}],"replies":[{"embeddable":true,"href":"https:\/\/k-demo.it\/cardetta\/wp-json\/wp\/v2\/comments?post=3823"}],"version-history":[{"count":17,"href":"https:\/\/k-demo.it\/cardetta\/wp-json\/wp\/v2\/pages\/3823\/revisions"}],"predecessor-version":[{"id":6501,"href":"https:\/\/k-demo.it\/cardetta\/wp-json\/wp\/v2\/pages\/3823\/revisions\/6501"}],"wp:attachment":[{"href":"https:\/\/k-demo.it\/cardetta\/wp-json\/wp\/v2\/media?parent=3823"}],"curies":[{"name":"wp","href":"https:\/\/api.w.org\/{rel}","templated":true}]}}