
{"id":3779,"date":"2015-01-10T10:34:33","date_gmt":"2015-01-10T10:34:33","guid":{"rendered":"http:\/\/www.emanuela-cardetta.com\/?page_id=3779"},"modified":"2019-01-25T16:35:38","modified_gmt":"2019-01-25T16:35:38","slug":"contact_fr","status":"publish","type":"page","link":"https:\/\/k-demo.it\/cardetta\/contact_fr\/","title":{"rendered":"Contact_fr"},"content":{"rendered":"<p>[vc_row css=&#8221;.vc_custom_1418727341525{padding-top: 45px !important;padding-bottom: 45px !important;}&#8221;][vc_column][ivan_title align=&#8221;left&#8221; c_id=&#8221;.vc_1420885348303&#8243; title_css=&#8221;color:#aa6a6a;font-size:36px;&#8221;]<\/p>\n<p>Contact<\/p>\n<p>[\/ivan_title][\/vc_column][\/vc_row][vc_row][vc_column width=&#8221;2\/3&#8243;][vc_column_text c_id=&#8221;.vc_1420886061554&#8243;]<\/p>\n<p style=\"text-align: justify;\">Pour avoir plus d&#8217;informations sur mes services ou pour un <strong>devis personnalis\u00e9 gratuit<\/strong>, contacte-moi par email, par t\u00e9l\u00e9phone ou \u00e0 travers ce formulaire avec l&#8217;indication du service dont tu as besoin.<\/p>\n<p style=\"text-align: justify;\">J&#8217;assure une <strong>r\u00e9ponse<\/strong> <strong>rapide<\/strong>\u00a0(24 heures maximum).<\/p>\n<p>[\/vc_column_text][\/vc_column][vc_column width=&#8221;1\/3&#8243;][vc_column_text c_id=&#8221;.vc_1477578386122&#8243;]<i class=\"fa fa-phone\"> <\/i><strong> T\u00e9l\u00e9phone \/ Whatsapp: <\/strong>+39 349 3698748<br \/>\n<i class=\"fa fa-envelope\"> <\/i><strong> Email: <\/strong><a href=\"mailto:info@emanuela-cardetta.com\">info@emanuela-cardetta.com<\/a><br \/>\n<i class=\"fa fa-skype\"> <\/i><strong> Skype: <\/strong>emanuela.cardetta<br \/>\n<i class=\"fa fa-home\"><\/i> <strong>Domicile<\/strong>: Udine, IT[\/vc_column_text][\/vc_column][\/vc_row][vc_row width=&#8221;full&#8221; bg_type=&#8221;image&#8221; bg_image_url=&#8221;3004&#8243; bg_repeat=&#8221;repeat&#8221; bg_size=&#8221;auto&#8221; css=&#8221;.vc_custom_1420886746459{padding-top: 45px !important;padding-bottom: 45px !important;}&#8221;][vc_column][ivan_contact c_id=&#8221;.vc_1548434101701&#8243;]\n<div class=\"wpcf7 no-js\" id=\"wpcf7-f6319-o1\" lang=\"it-IT\" dir=\"ltr\">\n<div class=\"screen-reader-response\"><p role=\"status\" aria-live=\"polite\" aria-atomic=\"true\"><\/p> <ul><\/ul><\/div>\n<form action=\"\/cardetta\/wp-json\/wp\/v2\/pages\/3779#wpcf7-f6319-o1\" method=\"post\" class=\"wpcf7-form init\" aria-label=\"Modulo di contatto\" enctype=\"multipart\/form-data\" novalidate=\"novalidate\" data-status=\"init\">\n<div style=\"display: none;\">\n<input type=\"hidden\" name=\"_wpcf7\" value=\"6319\" \/>\n<input type=\"hidden\" name=\"_wpcf7_version\" value=\"5.9.7\" \/>\n<input type=\"hidden\" name=\"_wpcf7_locale\" value=\"it_IT\" \/>\n<input type=\"hidden\" name=\"_wpcf7_unit_tag\" value=\"wpcf7-f6319-o1\" \/>\n<input type=\"hidden\" name=\"_wpcf7_container_post\" value=\"0\" \/>\n<input type=\"hidden\" name=\"_wpcf7_posted_data_hash\" value=\"\" \/>\n<\/div>\n<div class=\"row\">\n\t<div class=\"field-wrap col-md-6 col-sm-12\">\n\t\t<p><span class=\"wpcf7-form-control-wrap\" data-name=\"name-upload\"><input size=\"40\" maxlength=\"400\" class=\"wpcf7-form-control wpcf7-text wpcf7-validates-as-required\" aria-required=\"true\" aria-invalid=\"false\" placeholder=\"Nom *\" value=\"\" type=\"text\" name=\"name-upload\" \/><\/span>\n\t\t<\/p>\n\t<\/div>\n\t<div class=\"field-wrap col-md-6 col-sm-12\">\n\t\t<p><span class=\"wpcf7-form-control-wrap\" data-name=\"email\"><input size=\"40\" maxlength=\"400\" class=\"wpcf7-form-control wpcf7-email wpcf7-validates-as-required wpcf7-text wpcf7-validates-as-email\" aria-required=\"true\" aria-invalid=\"false\" placeholder=\"Email *\" value=\"\" type=\"email\" name=\"email\" \/><\/span>\n\t\t<\/p>\n\t<\/div>\n\t<div class=\"field-wrap col-md-6 col-sm-12\">\n\t\t<p><span class=\"wpcf7-form-control-wrap\" data-name=\"tel\"><input size=\"40\" maxlength=\"400\" class=\"wpcf7-form-control wpcf7-tel wpcf7-text wpcf7-validates-as-tel\" aria-invalid=\"false\" placeholder=\"T\u00e9l\u00e9phone\" value=\"\" type=\"tel\" name=\"tel\" \/><\/span>\n\t\t<\/p>\n\t<\/div>\n\t<div class=\"field-wrap col-md-6 col-sm-12\">\n\t\t<p><span class=\"wpcf7-form-control-wrap\" data-name=\"oggetto\"><input size=\"40\" maxlength=\"140\" class=\"wpcf7-form-control wpcf7-text\" aria-invalid=\"false\" placeholder=\"Sujet\" value=\"\" type=\"text\" name=\"oggetto\" \/><\/span>\n\t\t<\/p>\n\t<\/div>\n\t<div class=\"field-wrap col-md-12 col-sm-12\">\n\t\t<p><span class=\"wpcf7-form-control-wrap\" data-name=\"messaggio\"><textarea cols=\"40\" rows=\"3\" maxlength=\"300\" class=\"wpcf7-form-control wpcf7-textarea wpcf7-validates-as-required\" aria-required=\"true\" aria-invalid=\"false\" placeholder=\"Message\" name=\"messaggio\"><\/textarea><\/span>\n\t\t<\/p>\n\t<\/div>\n\t<div class=\"field-wrap col-md-6 col-sm-12\">\n\t\t<p><strong>Joins ici le document \u00e0 traduire pour demander un devis.<\/strong><br \/>\nType de documents accept\u00e9s: .doc, .odt e .pdf.<br \/>\n<span class=\"wpcf7-form-control-wrap\" data-name=\"upload\"><input size=\"40\" class=\"wpcf7-form-control wpcf7-file\" accept=\".doc,.pdf,.odt\" aria-invalid=\"false\" type=\"file\" name=\"upload\" \/><\/span>\n\t\t<\/p>\n\t<\/div>\n\t<div class=\"field-wrap col-xs-12 col-sm-12 col-md-4\">\n\t\t<p><span class=\"wpcf7-form-control-wrap\" data-name=\"privacy\"><span class=\"wpcf7-form-control wpcf7-acceptance\"><span class=\"wpcf7-list-item\"><label><input type=\"checkbox\" name=\"privacy\" value=\"1\" aria-invalid=\"false\" \/><span class=\"wpcf7-list-item-label\"><strong>J'accepte les <a href=\"http:\/\/www.emanuela-cardetta.com\/politique-confidentialite\/\">conditions d'utilisation et de confidentialit\u00e9<\/a>.<\/strong>*<\/span><\/label><\/span><\/span><\/span>\n\t\t<\/p>\n\t<\/div>\n\t<div class=\"field-wrap col-xs-12 col-sm-12 col-md-2\">\n\t\t<p><input class=\"wpcf7-form-control wpcf7-submit has-spinner\" type=\"submit\" value=\"Invia\" \/>\n\t\t<\/p>\n\t<\/div>\n<\/div><div class=\"wpcf7-response-output\" aria-hidden=\"true\"><\/div>\n<\/form>\n<\/div>\n[\/ivan_contact][\/vc_column][\/vc_row]<\/p>\n","protected":false},"excerpt":{"rendered":"<p>[vc_row css=&#8221;.vc_custom_1418727341525{padding-top: 45px !important;padding-bottom: 45px !important;}&#8221;][vc_column][ivan_title align=&#8221;left&#8221; c_id=&#8221;.vc_1420885348303&#8243; title_css=&#8221;color:#aa6a6a;font-size:36px;&#8221;] Contact [\/ivan_title][\/vc_column][\/vc_row][vc_row][vc_column width=&#8221;2\/3&#8243;][vc_column_text c_id=&#8221;.vc_1420886061554&#8243;] Pour avoir plus d&#8217;informations sur mes services ou pour un devis personnalis\u00e9 gratuit, contacte-moi par email, par t\u00e9l\u00e9phone ou \u00e0 travers ce formulaire avec l&#8217;indication du service dont tu as besoin. J&#8217;assure&#8230;<\/p>\n","protected":false},"author":2,"featured_media":0,"parent":0,"menu_order":0,"comment_status":"open","ping_status":"closed","template":"","meta":{"jetpack_post_was_ever_published":false,"footnotes":""},"class_list":["post-3779","page","type-page","status-publish","hentry"],"yoast_head":"<!-- This site is optimized with the Yoast SEO plugin v23.1 - https:\/\/yoast.com\/wordpress\/plugins\/seo\/ -->\n<title>Contact_fr - Emanuela Cardetta<\/title>\n<meta name=\"robots\" content=\"index, follow, max-snippet:-1, max-image-preview:large, max-video-preview:-1\" \/>\n<link rel=\"canonical\" href=\"https:\/\/k-demo.it\/cardetta\/contact_fr\/\" \/>\n<meta property=\"og:locale\" content=\"it_IT\" \/>\n<meta property=\"og:type\" content=\"article\" \/>\n<meta property=\"og:title\" content=\"Contact_fr - Emanuela Cardetta\" \/>\n<meta property=\"og:description\" content=\"[vc_row css=&#8221;.vc_custom_1418727341525{padding-top: 45px !important;padding-bottom: 45px !important;}&#8221;][vc_column][ivan_title align=&#8221;left&#8221; c_id=&#8221;.vc_1420885348303&#8243; title_css=&#8221;color:#aa6a6a;font-size:36px;&#8221;] Contact [\/ivan_title][\/vc_column][\/vc_row][vc_row][vc_column width=&#8221;2\/3&#8243;][vc_column_text c_id=&#8221;.vc_1420886061554&#8243;] Pour avoir plus d&#8217;informations sur mes services ou pour un devis personnalis\u00e9 gratuit, contacte-moi par email, par t\u00e9l\u00e9phone ou \u00e0 travers ce formulaire avec l&#8217;indication du service dont tu as besoin. J&#8217;assure...\" \/>\n<meta property=\"og:url\" content=\"https:\/\/k-demo.it\/cardetta\/contact_fr\/\" \/>\n<meta property=\"og:site_name\" content=\"Emanuela Cardetta\" \/>\n<meta property=\"article:modified_time\" content=\"2019-01-25T16:35:38+00:00\" \/>\n<meta name=\"twitter:card\" content=\"summary_large_image\" \/>\n<meta name=\"twitter:site\" content=\"@EmanuelaParole\" \/>\n<meta name=\"twitter:label1\" content=\"Tempo di lettura stimato\" \/>\n\t<meta name=\"twitter:data1\" content=\"1 minuto\" \/>\n<script type=\"application\/ld+json\" class=\"yoast-schema-graph\">{\"@context\":\"https:\/\/schema.org\",\"@graph\":[{\"@type\":\"WebPage\",\"@id\":\"https:\/\/k-demo.it\/cardetta\/contact_fr\/\",\"url\":\"https:\/\/k-demo.it\/cardetta\/contact_fr\/\",\"name\":\"Contact_fr - Emanuela Cardetta\",\"isPartOf\":{\"@id\":\"https:\/\/k-demo.it\/cardetta\/#website\"},\"datePublished\":\"2015-01-10T10:34:33+00:00\",\"dateModified\":\"2019-01-25T16:35:38+00:00\",\"breadcrumb\":{\"@id\":\"https:\/\/k-demo.it\/cardetta\/contact_fr\/#breadcrumb\"},\"inLanguage\":\"it-IT\",\"potentialAction\":[{\"@type\":\"ReadAction\",\"target\":[\"https:\/\/k-demo.it\/cardetta\/contact_fr\/\"]}]},{\"@type\":\"BreadcrumbList\",\"@id\":\"https:\/\/k-demo.it\/cardetta\/contact_fr\/#breadcrumb\",\"itemListElement\":[{\"@type\":\"ListItem\",\"position\":1,\"name\":\"Home\",\"item\":\"https:\/\/k-demo.it\/cardetta\/homepage\/\"},{\"@type\":\"ListItem\",\"position\":2,\"name\":\"Contact_fr\"}]},{\"@type\":\"WebSite\",\"@id\":\"https:\/\/k-demo.it\/cardetta\/#website\",\"url\":\"https:\/\/k-demo.it\/cardetta\/\",\"name\":\"Emanuela Cardetta\",\"description\":\"Interprete e traduttrice\",\"potentialAction\":[{\"@type\":\"SearchAction\",\"target\":{\"@type\":\"EntryPoint\",\"urlTemplate\":\"https:\/\/k-demo.it\/cardetta\/?s={search_term_string}\"},\"query-input\":\"required name=search_term_string\"}],\"inLanguage\":\"it-IT\"}]}<\/script>\n<!-- \/ Yoast SEO plugin. -->","yoast_head_json":{"title":"Contact_fr - Emanuela Cardetta","robots":{"index":"index","follow":"follow","max-snippet":"max-snippet:-1","max-image-preview":"max-image-preview:large","max-video-preview":"max-video-preview:-1"},"canonical":"https:\/\/k-demo.it\/cardetta\/contact_fr\/","og_locale":"it_IT","og_type":"article","og_title":"Contact_fr - Emanuela Cardetta","og_description":"[vc_row css=&#8221;.vc_custom_1418727341525{padding-top: 45px !important;padding-bottom: 45px !important;}&#8221;][vc_column][ivan_title align=&#8221;left&#8221; c_id=&#8221;.vc_1420885348303&#8243; title_css=&#8221;color:#aa6a6a;font-size:36px;&#8221;] Contact [\/ivan_title][\/vc_column][\/vc_row][vc_row][vc_column width=&#8221;2\/3&#8243;][vc_column_text c_id=&#8221;.vc_1420886061554&#8243;] Pour avoir plus d&#8217;informations sur mes services ou pour un devis personnalis\u00e9 gratuit, contacte-moi par email, par t\u00e9l\u00e9phone ou \u00e0 travers ce formulaire avec l&#8217;indication du service dont tu as besoin. J&#8217;assure...","og_url":"https:\/\/k-demo.it\/cardetta\/contact_fr\/","og_site_name":"Emanuela Cardetta","article_modified_time":"2019-01-25T16:35:38+00:00","twitter_card":"summary_large_image","twitter_site":"@EmanuelaParole","twitter_misc":{"Tempo di lettura stimato":"1 minuto"},"schema":{"@context":"https:\/\/schema.org","@graph":[{"@type":"WebPage","@id":"https:\/\/k-demo.it\/cardetta\/contact_fr\/","url":"https:\/\/k-demo.it\/cardetta\/contact_fr\/","name":"Contact_fr - Emanuela Cardetta","isPartOf":{"@id":"https:\/\/k-demo.it\/cardetta\/#website"},"datePublished":"2015-01-10T10:34:33+00:00","dateModified":"2019-01-25T16:35:38+00:00","breadcrumb":{"@id":"https:\/\/k-demo.it\/cardetta\/contact_fr\/#breadcrumb"},"inLanguage":"it-IT","potentialAction":[{"@type":"ReadAction","target":["https:\/\/k-demo.it\/cardetta\/contact_fr\/"]}]},{"@type":"BreadcrumbList","@id":"https:\/\/k-demo.it\/cardetta\/contact_fr\/#breadcrumb","itemListElement":[{"@type":"ListItem","position":1,"name":"Home","item":"https:\/\/k-demo.it\/cardetta\/homepage\/"},{"@type":"ListItem","position":2,"name":"Contact_fr"}]},{"@type":"WebSite","@id":"https:\/\/k-demo.it\/cardetta\/#website","url":"https:\/\/k-demo.it\/cardetta\/","name":"Emanuela Cardetta","description":"Interprete e traduttrice","potentialAction":[{"@type":"SearchAction","target":{"@type":"EntryPoint","urlTemplate":"https:\/\/k-demo.it\/cardetta\/?s={search_term_string}"},"query-input":"required name=search_term_string"}],"inLanguage":"it-IT"}]}},"lang":"fr","translations":{"fr":3779,"it":3088,"en":3438,"sk":3849},"jetpack_shortlink":"https:\/\/wp.me\/P4rV1K-YX","jetpack_sharing_enabled":true,"jetpack-related-posts":[],"pll_sync_post":[],"post_mailing_queue_ids":[],"_links":{"self":[{"href":"https:\/\/k-demo.it\/cardetta\/wp-json\/wp\/v2\/pages\/3779","targetHints":{"allow":["GET"]}}],"collection":[{"href":"https:\/\/k-demo.it\/cardetta\/wp-json\/wp\/v2\/pages"}],"about":[{"href":"https:\/\/k-demo.it\/cardetta\/wp-json\/wp\/v2\/types\/page"}],"author":[{"embeddable":true,"href":"https:\/\/k-demo.it\/cardetta\/wp-json\/wp\/v2\/users\/2"}],"replies":[{"embeddable":true,"href":"https:\/\/k-demo.it\/cardetta\/wp-json\/wp\/v2\/comments?post=3779"}],"version-history":[{"count":6,"href":"https:\/\/k-demo.it\/cardetta\/wp-json\/wp\/v2\/pages\/3779\/revisions"}],"predecessor-version":[{"id":6502,"href":"https:\/\/k-demo.it\/cardetta\/wp-json\/wp\/v2\/pages\/3779\/revisions\/6502"}],"wp:attachment":[{"href":"https:\/\/k-demo.it\/cardetta\/wp-json\/wp\/v2\/media?parent=3779"}],"curies":[{"name":"wp","href":"https:\/\/api.w.org\/{rel}","templated":true}]}}