
{"id":3512,"date":"2015-01-07T10:46:36","date_gmt":"2015-01-07T10:46:36","guid":{"rendered":"http:\/\/www.emanuela-cardetta.com\/?page_id=3512"},"modified":"2022-03-24T11:57:23","modified_gmt":"2022-03-24T11:57:23","slug":"accueil-2","status":"publish","type":"page","link":"https:\/\/k-demo.it\/cardetta\/accueil-2\/","title":{"rendered":"Accueil"},"content":{"rendered":"<p>[vc_row][vc_column][rev_slider_vc alias=&#8221;homepage&#8221;][\/vc_column][\/vc_row][vc_row width=&#8221;full&#8221; bg_color_row=&#8221;#ffffff&#8221; css=&#8221;.vc_custom_1421916835085{padding-top: 45px !important;padding-bottom: 45px !important;background-position: center !important;background-repeat: no-repeat !important;background-size: cover !important;}&#8221;][vc_column width=&#8221;1\/2&#8243;][vc_empty_space][ivan_title align=&#8221;left&#8221; c_id=&#8221;.vc_1421256422369&#8243; title_css=&#8221;color:#aa6a6a;font-size:36px;&#8221;]INTERPR\u00c8TE &#8211; TRADUCTRICE[\/ivan_title][ivan_title align=&#8221;left&#8221; c_id=&#8221;.vc_1421256429965&#8243; title_css=&#8221;color:#aa6a6a;font-size:32px;&#8221;]Italien Anglais Fran\u00e7ais Slovaque[\/ivan_title][vc_empty_space height=&#8221;40px&#8221;][vc_column_text c_id=&#8221;.vc_1421918687069&#8243; link_css=&#8221;font-family:Montserrat, &#8216;Helvetica Neue&#8217;, Helvetica, Arial, sans-serif;color:#aa6a6a;font-size:14px;&#8221; h2_css=&#8221;font-family:Montserrat, &#8216;Helvetica Neue&#8217;, Helvetica, Arial, sans-serif;color:#aa6a6a;&#8221;]<span style=\"color: #000000;\"><strong>Mon travail est de t\u2019aider \u00e0 surmonter les barri\u00e8res linguistiques<\/strong><\/span><\/p>\n<p style=\"text-align: justify;\">Je m\u2019appelle Emanuela Cardetta et je travaille comme interpr\u00e8te et traductrice freelance depuis 2009. J\u2019ai une ma\u00eetrise en Interpr\u00e9tation de Conf\u00e9rence et mes langues de travail sont l&#8217;italien (ma langue maternelle), l&#8217;anglais, le fran\u00e7ais et le slovaque.<\/p>\n<p style=\"text-align: justify;\">Au cours des derni\u00e8res ann\u00e9es, j\u2019ai eu l\u2019occasion de m\u2019occuper d\u2019un\u00a0large \u00e9ventail\u00a0de domaines, mais je me suis sp\u00e9cialis\u00e9e en particulier en oenologie, tourisme et immigration. Je vise toujours la meilleure qualit\u00e9 possible et mes atouts sont mon attitude professionnelle, ma pr\u00e9cision et ma ponctualit\u00e9.<\/p>\n<p>[\/vc_column_text][\/vc_column][vc_column width=&#8221;1\/2&#8243; offset=&#8221;vc_col-sm-offset-0&#8243;][vc_single_image image=&#8221;3590&#8243; img_size=&#8221;medium&#8221; alignment=&#8221;right&#8221; style=&#8221;vc_box_circle&#8221;][\/vc_column][\/vc_row][vc_row width=&#8221;full&#8221; bg_color_row=&#8221;#66a6a6&#8243; m_bottom=&#8221;0px&#8221; css=&#8221;.vc_custom_1420735653506{padding-top: 20px !important;padding-bottom: 20px !important;}&#8221;][vc_column][ivan_title c_id=&#8221;.vc_1421916360859&#8243; title_css=&#8221;color:#ffffff;font-size:36px;&#8221;]Mes services[\/ivan_title][\/vc_column][\/vc_row][vc_row][vc_column][vc_empty_space][\/vc_column][\/vc_row][vc_row][vc_column width=&#8221;1\/3&#8243;][vc_single_image image=&#8221;3286&#8243; alignment=&#8221;center&#8221; onclick=&#8221;custom_link&#8221; link=&#8221;http:\/\/www.emanuela-cardetta.com\/?page_id=2962&#8243;][vc_column_text c_id=&#8221;.vc_1421916623716&#8243;]<\/p>\n<h4 style=\"text-align: center;\"><strong>INTERPR\u00c9TATION<\/strong><\/h4>\n<p style=\"text-align: center;\">Communication fluide et \u00a0efficace<br \/>\nau cours de rencontres multilingues[\/vc_column_text][ivan_button link=&#8221;http:\/\/www.emanuela-cardetta.com\/interpretation\/&#8221; border_r=&#8221;round-square&#8221; align=&#8221;to-center&#8221; c_id=&#8221;.vc_1424122804542&#8243; btn_css=&#8221;color:#ffffff;background-color:#aa6a6a;&#8221;]INFORMATIONS[\/ivan_button][\/vc_column][vc_column width=&#8221;1\/3&#8243;][vc_single_image image=&#8221;3297&#8243; alignment=&#8221;center&#8221; onclick=&#8221;custom_link&#8221; link=&#8221;http:\/\/www.emanuela-cardetta.com\/?page_id=2958&#8243;][vc_column_text c_id=&#8221;.vc_1421918943549&#8243;]<\/p>\n<h4 style=\"text-align: center;\"><strong>TRADUCTION<\/strong><\/h4>\n<p style=\"text-align: center;\">\u00a0Textes traduits avec pr\u00e9cision minutieuse et attention \u00e0 la terminologie et aux nuances de la langue<\/p>\n<p>[\/vc_column_text][ivan_button link=&#8221;http:\/\/www.emanuela-cardetta.com\/traduction-2\/&#8221; border_r=&#8221;round-square&#8221; align=&#8221;to-center&#8221; c_id=&#8221;.vc_1424122830893&#8243; btn_css=&#8221;color:#ffffff;background-color:#aa6a6a;&#8221;]INFORMATIONS[\/ivan_button][\/vc_column][vc_column width=&#8221;1\/3&#8243;][vc_single_image image=&#8221;3298&#8243; alignment=&#8221;center&#8221; onclick=&#8221;custom_link&#8221; link=&#8221;http:\/\/www.emanuela-cardetta.com\/?page_id=2966&#8243;][vc_column_text c_id=&#8221;.vc_1421918623423&#8243;]<\/p>\n<h4 style=\"text-align: center;\"><strong>COURS DE LANGUE<\/strong><\/h4>\n<p style=\"text-align: center;\">Cours particuliers\u00a0pour\u00a0tous les niveaux avec une approche pratique, dynamique et personnalis\u00e9e<\/p>\n<p>[\/vc_column_text][ivan_button link=&#8221;http:\/\/www.emanuela-cardetta.com\/cours-de-langue-2\/&#8221; border_r=&#8221;round-square&#8221; align=&#8221;to-center&#8221; c_id=&#8221;.vc_1424122856173&#8243; btn_css=&#8221;color:#ffffff;background-color:#aa6a6a;&#8221;]INFORMATIONS[\/ivan_button][\/vc_column][\/vc_row][vc_row][vc_column][vc_empty_space height=&#8221;40px&#8221;][vc_row_inner][vc_column_inner][ivan_title c_id=&#8221;.vc_1421917000574&#8243; title_css=&#8221;color:#aa6a6a;font-size:36px;&#8221;]Pourquoi me choisir?[\/ivan_title][\/vc_column_inner][\/vc_row_inner][\/vc_column][\/vc_row][vc_row][vc_column width=&#8221;2\/3&#8243;][ivan_progress percent=&#8221;97&#8243; c_id=&#8221;.vc_1466069958278&#8243; inner_css=&#8221;background-color:#66a6a6;&#8221; title=&#8221;Pr\u00e9cision&#8221;][ivan_progress percent=&#8221;97&#8243; c_id=&#8221;.vc_1466069967123&#8243; inner_css=&#8221;background-color:#66a6a6;&#8221; title=&#8221;Ponctualit\u00e9&#8221;][ivan_progress percent=&#8221;97&#8243; c_id=&#8221;.vc_1466069973693&#8243; inner_css=&#8221;background-color:#66a6a6;&#8221; title=&#8221;Expertise&#8221;][ivan_progress percent=&#8221;92&#8243; c_id=&#8221;.vc_1434439609433&#8243; inner_css=&#8221;background-color:#66a6a6;&#8221; title=&#8221;Rapport qualit\u00e9 prix&#8221;][\/vc_column][vc_column width=&#8221;1\/3&#8243;][vc_empty_space height=&#8221;40px&#8221;][vc_column_text c_id=&#8221;.vc_1466069999216&#8243;]<\/p>\n<p align=\"JUSTIFY\">J&#8217;attache beaucoup d&#8217;importance \u00e0 la<strong>\u00a0<\/strong><strong>satisfaction de mes clients<\/strong>. Voil\u00e0 pouquoi, apr\u00e8s chaque service d&#8217;interpr\u00e9tation et de traduction et apr\u00e8s chaque cours de langue, je demande \u00e0 mes clients de r\u00e9pondre \u00e0 un petit questionnaire o\u00f9 ils me donnent leurs avis sur mon travail. Voici les r\u00e9sultats.<\/p>\n<p>[\/vc_column_text][\/vc_column][\/vc_row][vc_row width=&#8221;full&#8221; bg_color_row=&#8221;#aa6a6a&#8221; css=&#8221;.vc_custom_1418760926703{padding-top: 45px !important;padding-bottom: 25px !important;}&#8221;][vc_column][ivan_title c_id=&#8221;.vc_1418761044629&#8243; title_css=&#8221;color:#ffffff;font-size:36px;&#8221;]Ce que mes clients disent de moi[\/ivan_title][vc_empty_space height=&#8221;20px&#8221;][ivan_carousel ivan_columns=&#8221;3&#8243; ivan_columns_desktop=&#8221;3&#8243; ivan_columns_desktop_small=&#8221;2&#8243; ivan_columns_tablet=&#8221;2&#8243; ivan_columns_mobile=&#8221;1&#8243; margin=&#8221;normal&#8221; ivan_carousel_nav=&#8221;yes&#8221; ivan_carousel_bullets=&#8221;no&#8221; arrows_hover=&#8221;yes&#8221; arr_style=&#8221;style-opaque-box&#8221; c_id=&#8221;.vc_1420735184693&#8243; block_css=&#8221;padding-bottom:40px;&#8221; navigation_css=&#8221;height:340px;&#8221;][ivan_testimonial image_id=&#8221;2883&#8243; c_id=&#8221;.vc_1420735409739&#8243; author_css=&#8221;color:#ffffff;&#8221; desc_css=&#8221;color:#ffffff;&#8221; img_css=&#8221;margin-right:30px;&#8221; author=&#8221;Responsabile marketing azienda, 02\/12\/2014&#8243; el_class=&#8221;ivan-testimonial boxed-left light-bg&#8221;]Molto precisa e professionale, sia per la terminologia che ha utilizzato, che per il comportamento. Siamo molto soddisfatti.[\/ivan_testimonial][ivan_testimonial image_id=&#8221;2883&#8243; c_id=&#8221;.vc_1420735426151&#8243; author_css=&#8221;color:#ffffff;&#8221; desc_css=&#8221;color:#ffffff;&#8221; img_css=&#8221;margin-right:30px;&#8221; author=&#8221;Responsabile di un&#8217;associazione, 04\/12\/2013&#8243; el_class=&#8221;ivan-testimonial boxed-left light-bg&#8221;]Emanuela Cardetta ha collaborato con professionalit\u00e0 e competenza in qualit\u00e0 di interprete di conferenza prestando il servizio di interpretazione simultanea italiano-francese[\/ivan_testimonial][ivan_testimonial image_id=&#8221;2883&#8243; c_id=&#8221;.vc_1420735433271&#8243; author_css=&#8221;color:#ffffff;&#8221; desc_css=&#8221;color:#ffffff;&#8221; img_css=&#8221;margin-right:30px;&#8221; author=&#8221;Responsabile di associazione, 22\/04\/2010&#8243; el_class=&#8221;ivan-testimonial boxed-left light-bg&#8221;]La dott. Emanuela Cardetta ha svolto attivit\u00e0 di interpretazione simultanea italiano-inglese in occasione di una conferenza della nostra associazione. Giudizio sul servizio prestato: ottimo.[\/ivan_testimonial][ivan_testimonial image_id=&#8221;2883&#8243; c_id=&#8221;.vc_1420735444532&#8243; author_css=&#8221;color:#ffffff;&#8221; desc_css=&#8221;color:#ffffff;&#8221; img_css=&#8221;margin-right:30px;&#8221; author=&#8221;Event organiser of an association, 17\/07\/2011&#8243; el_class=&#8221;ivan-testimonial boxed-left light-bg&#8221;]Ms Cardetta has tackled her work with expertise and diligence. We have been very satisfied with her interpreting skills and highly recommend Ms Cardetta for interpreting assignments. She also has a very friendly disposition and is excellent at working in a dynamic environment and participating in team projects.[\/ivan_testimonial][ivan_testimonial image_id=&#8221;2883&#8243; c_id=&#8221;.vc_1420735449673&#8243; author_css=&#8221;color:#ffffff;&#8221; desc_css=&#8221;color:#ffffff;&#8221; img_css=&#8221;margin-right:30px;&#8221; author=&#8221;Emma Bonino, 11\/06\/2010&#8243; el_class=&#8221;ivan-testimonial boxed-left light-bg&#8221;]Emanuela Cardetta ha collaborato brillantemente e con competenza ai lavori del Consiglio Generale del Partito Radicale. Ha effettuato la traduzione simultanea italiano-francese nei tre giorni della conferenza (\u2026) con apprezzamento e soddisfazione unanime.[\/ivan_testimonial][ivan_testimonial image_id=&#8221;2883&#8243; c_id=&#8221;.vc_1420735457006&#8243; author_css=&#8221;color:#ffffff;&#8221; desc_css=&#8221;color:#ffffff;&#8221; img_css=&#8221;margin-right:30px;&#8221; author=&#8221;Responsabile di un&#8217;associazione, 14\/11\/2013&#8243; el_class=&#8221;ivan-testimonial boxed-left light-bg&#8221;]La dott.ssa Cardetta ha prestato servizio presso il nostro centro come interprete e traduttrice dall&#8217;italiano all&#8217;inglese e dall&#8217;inglese all&#8217;italiano. (\u2026) La dottoressa Cardetta ha svolto questi incarichi con professionalit\u00e0 e precisione, riscontrando pareri e valutazioni positive.[\/ivan_testimonial][\/ivan_carousel][vc_empty_space height=&#8221;20px&#8221;][\/vc_column][\/vc_row][vc_row css=&#8221;.vc_custom_1418634541102{padding-top: 45px !important;padding-bottom: 45px !important;}&#8221;][vc_column width=&#8221;1\/5&#8243;][vc_column_text c_id=&#8221;.vc_1463471889565&#8243;]<\/p>\n<h1 style=\"text-align: center;\">MES CHIFFRES<\/h1>\n<p>[\/vc_column_text][\/vc_column][vc_column width=&#8221;1\/5&#8243;][ivan_counter sub=&#8221;Ann\u00e9es d&#8217;exp\u00e9rience&#8221; ico=&#8221;fa fa-briefcase&#8221; animated=&#8221;yes&#8221; start=&#8221;0&#8243; duration=&#8221;3&#8243; c_id=&#8221;.vc_1618219027117&#8243; icon_css=&#8221;color:#aa6a6a;&#8221;]12[\/ivan_counter][\/vc_column][vc_column width=&#8221;1\/5&#8243;][ivan_counter sub=&#8221;Journ\u00e9es d&#8217;interpr\u00e9tation&#8221; ico=&#8221;fa fa-calendar&#8221; animated=&#8221;yes&#8221; start=&#8221;0&#8243; duration=&#8221;3&#8243; c_id=&#8221;.vc_1648123031066&#8243; icon_css=&#8221;color:#aa6a6a;&#8221;]500[\/ivan_counter][\/vc_column][vc_column width=&#8221;1\/5&#8243;][ivan_counter sub=&#8221;Mots traduits&#8221; ico=&#8221;fa fa-keyboard-o&#8221; animated=&#8221;yes&#8221; start=&#8221;0&#8243; duration=&#8221;3.5&#8243; c_id=&#8221;.vc_1648123039683&#8243; icon_css=&#8221;color:#aa6a6a;&#8221;]1.200.000[\/ivan_counter][\/vc_column][vc_column width=&#8221;1\/5&#8243;][ivan_counter sub=&#8221;Heures de cours&#8221; ico=&#8221;fa fa-clock-o&#8221; animated=&#8221;yes&#8221; start=&#8221;0&#8243; duration=&#8221;4&#8243; c_id=&#8221;.vc_1618219087625&#8243; icon_css=&#8221;color:#aa6a6a;&#8221;]850[\/ivan_counter][\/vc_column][\/vc_row][vc_row width=&#8221;full&#8221; bg_type=&#8221;image&#8221; bg_color_row=&#8221;#f2f2f2&#8243; bg_image_url=&#8221;3004&#8243; bg_repeat=&#8221;repeat&#8221; bg_size=&#8221;auto&#8221; css=&#8221;.vc_custom_1418759670695{padding-top: 30px !important;padding-bottom: 20px !important;}&#8221;][vc_column][ivan_title align=&#8221;left&#8221; c_id=&#8221;.vc_1421086140846&#8243; title_css=&#8221;color:#aa6a6a;&#8221;]Contacte-moi[\/ivan_title][ivan_contact c_id=&#8221;.vc_1635155325940&#8243;]\n<div class=\"wpcf7 no-js\" id=\"wpcf7-f7057-o1\" lang=\"it-IT\" dir=\"ltr\">\n<div class=\"screen-reader-response\"><p role=\"status\" aria-live=\"polite\" aria-atomic=\"true\"><\/p> <ul><\/ul><\/div>\n<form action=\"\/cardetta\/wp-json\/wp\/v2\/pages\/3512#wpcf7-f7057-o1\" method=\"post\" class=\"wpcf7-form init\" aria-label=\"Modulo di contatto\" novalidate=\"novalidate\" data-status=\"init\">\n<div style=\"display: none;\">\n<input type=\"hidden\" name=\"_wpcf7\" value=\"7057\" \/>\n<input type=\"hidden\" name=\"_wpcf7_version\" value=\"5.9.7\" \/>\n<input type=\"hidden\" name=\"_wpcf7_locale\" value=\"it_IT\" \/>\n<input type=\"hidden\" name=\"_wpcf7_unit_tag\" value=\"wpcf7-f7057-o1\" \/>\n<input type=\"hidden\" name=\"_wpcf7_container_post\" value=\"0\" \/>\n<input type=\"hidden\" name=\"_wpcf7_posted_data_hash\" value=\"\" \/>\n<\/div>\n<div class=\"row\">\n\t<div class=\"field-wrap col-md-6 col-sm-12\">\n\t\t<p><span class=\"wpcf7-form-control-wrap\" data-name=\"name-upload\"><input size=\"40\" maxlength=\"400\" class=\"wpcf7-form-control wpcf7-text wpcf7-validates-as-required\" aria-required=\"true\" aria-invalid=\"false\" placeholder=\"Nom *\" value=\"\" type=\"text\" name=\"name-upload\" \/><\/span>\n\t\t<\/p>\n\t<\/div>\n\t<div class=\"field-wrap col-md-6 col-sm-12\">\n\t\t<p><span class=\"wpcf7-form-control-wrap\" data-name=\"email\"><input size=\"40\" maxlength=\"400\" class=\"wpcf7-form-control wpcf7-email wpcf7-validates-as-required wpcf7-text wpcf7-validates-as-email\" aria-required=\"true\" aria-invalid=\"false\" placeholder=\"Email *\" value=\"\" type=\"email\" name=\"email\" \/><\/span>\n\t\t<\/p>\n\t<\/div>\n\t<div class=\"field-wrap col-md-6 col-sm-12\">\n\t\t<p><span class=\"wpcf7-form-control-wrap\" data-name=\"tel\"><input size=\"40\" maxlength=\"400\" class=\"wpcf7-form-control wpcf7-tel wpcf7-text wpcf7-validates-as-tel\" aria-invalid=\"false\" placeholder=\"T\u00e9l\u00e9phone\" value=\"\" type=\"tel\" name=\"tel\" \/><\/span>\n\t\t<\/p>\n\t<\/div>\n\t<div class=\"field-wrap col-md-6 col-sm-12\">\n\t\t<p><span class=\"wpcf7-form-control-wrap\" data-name=\"oggetto\"><input size=\"40\" maxlength=\"140\" class=\"wpcf7-form-control wpcf7-text\" aria-invalid=\"false\" placeholder=\"Demande\" value=\"\" type=\"text\" name=\"oggetto\" \/><\/span>\n\t\t<\/p>\n\t<\/div>\n\t<div class=\"field-wrap col-xs-12 col-sm-12 col-md-4\">\n\t\t<p><span class=\"wpcf7-form-control-wrap\" data-name=\"privacy\"><span class=\"wpcf7-form-control wpcf7-acceptance\"><span class=\"wpcf7-list-item\"><label><input type=\"checkbox\" name=\"privacy\" value=\"1\" aria-invalid=\"false\" \/><span class=\"wpcf7-list-item-label\"><strong>J'accepte les <a href=\"http:\/\/www.emanuela-cardetta.com\/politique-confidentialite\/\">conditions d'utilisation et de confidentialit\u00e9<\/a>.<\/strong>*<\/span><\/label><\/span><\/span><\/span>\n\t\t<\/p>\n\t<\/div>\n\t<div class=\"field-wrap col-xs-12 col-sm-12 col-md-2\">\n\t\t<p><input class=\"wpcf7-form-control wpcf7-submit has-spinner\" type=\"submit\" value=\"Invia\" \/>\n\t\t<\/p>\n\t<\/div>\n<\/div><div class=\"wpcf7-response-output\" aria-hidden=\"true\"><\/div>\n<\/form>\n<\/div>\n[\/ivan_contact][\/vc_column][\/vc_row]<\/p>\n","protected":false},"excerpt":{"rendered":"<p>[vc_row][vc_column][rev_slider_vc alias=&#8221;homepage&#8221;][\/vc_column][\/vc_row][vc_row width=&#8221;full&#8221; bg_color_row=&#8221;#ffffff&#8221; css=&#8221;.vc_custom_1421916835085{padding-top: 45px !important;padding-bottom: 45px !important;background-position: center !important;background-repeat: no-repeat !important;background-size: cover !important;}&#8221;][vc_column width=&#8221;1\/2&#8243;][vc_empty_space][ivan_title align=&#8221;left&#8221; c_id=&#8221;.vc_1421256422369&#8243; title_css=&#8221;color:#aa6a6a;font-size:36px;&#8221;]INTERPR\u00c8TE &#8211; TRADUCTRICE[\/ivan_title][ivan_title align=&#8221;left&#8221; c_id=&#8221;.vc_1421256429965&#8243; title_css=&#8221;color:#aa6a6a;font-size:32px;&#8221;]Italien Anglais Fran\u00e7ais Slovaque[\/ivan_title][vc_empty_space height=&#8221;40px&#8221;][vc_column_text c_id=&#8221;.vc_1421918687069&#8243; link_css=&#8221;font-family:Montserrat, &#8216;Helvetica Neue&#8217;, Helvetica, Arial, sans-serif;color:#aa6a6a;font-size:14px;&#8221; h2_css=&#8221;font-family:Montserrat, &#8216;Helvetica Neue&#8217;, Helvetica, Arial, sans-serif;color:#aa6a6a;&#8221;]Mon travail est de t\u2019aider&#8230;<\/p>\n","protected":false},"author":2,"featured_media":0,"parent":0,"menu_order":0,"comment_status":"open","ping_status":"closed","template":"","meta":{"jetpack_post_was_ever_published":false,"footnotes":""},"class_list":["post-3512","page","type-page","status-publish","hentry"],"yoast_head":"<!-- This site is optimized with the Yoast SEO plugin v23.1 - https:\/\/yoast.com\/wordpress\/plugins\/seo\/ -->\n<title>Interpr\u00e8te et traductrice, italien, fran\u00e7ais, anglais, slovaque<\/title>\n<meta name=\"description\" content=\"Interpr\u00e8te et traductrice - Italien, Fran\u00e7ais, Anglais, Slovaque. Interpr\u00e9tation, traduction, cours de langue. Sp\u00e9cialisations: vin, tourisme, immigration\" \/>\n<meta name=\"robots\" content=\"index, follow, max-snippet:-1, max-image-preview:large, max-video-preview:-1\" \/>\n<link rel=\"canonical\" href=\"https:\/\/k-demo.it\/cardetta\/accueil-2\/\" \/>\n<meta property=\"og:locale\" content=\"it_IT\" \/>\n<meta property=\"og:type\" content=\"article\" \/>\n<meta property=\"og:title\" content=\"Interpr\u00e8te et traductrice, italien, fran\u00e7ais, anglais, slovaque\" \/>\n<meta property=\"og:description\" content=\"Interpr\u00e8te et traductrice - Italien, Fran\u00e7ais, Anglais, Slovaque. Interpr\u00e9tation, traduction, cours de langue. Sp\u00e9cialisations: vin, tourisme, immigration\" \/>\n<meta property=\"og:url\" content=\"https:\/\/k-demo.it\/cardetta\/accueil-2\/\" \/>\n<meta property=\"og:site_name\" content=\"Emanuela Cardetta\" \/>\n<meta property=\"article:modified_time\" content=\"2022-03-24T11:57:23+00:00\" \/>\n<meta name=\"twitter:card\" content=\"summary_large_image\" \/>\n<meta name=\"twitter:site\" content=\"@EmanuelaParole\" \/>\n<meta name=\"twitter:label1\" content=\"Tempo di lettura stimato\" \/>\n\t<meta name=\"twitter:data1\" content=\"4 minuti\" \/>\n<script type=\"application\/ld+json\" class=\"yoast-schema-graph\">{\"@context\":\"https:\/\/schema.org\",\"@graph\":[{\"@type\":\"WebPage\",\"@id\":\"https:\/\/k-demo.it\/cardetta\/accueil-2\/\",\"url\":\"https:\/\/k-demo.it\/cardetta\/accueil-2\/\",\"name\":\"Interpr\u00e8te et traductrice, italien, fran\u00e7ais, anglais, slovaque\",\"isPartOf\":{\"@id\":\"https:\/\/k-demo.it\/cardetta\/#website\"},\"datePublished\":\"2015-01-07T10:46:36+00:00\",\"dateModified\":\"2022-03-24T11:57:23+00:00\",\"description\":\"Interpr\u00e8te et traductrice - Italien, Fran\u00e7ais, Anglais, Slovaque. Interpr\u00e9tation, traduction, cours de langue. Sp\u00e9cialisations: vin, tourisme, immigration\",\"breadcrumb\":{\"@id\":\"https:\/\/k-demo.it\/cardetta\/accueil-2\/#breadcrumb\"},\"inLanguage\":\"it-IT\",\"potentialAction\":[{\"@type\":\"ReadAction\",\"target\":[\"https:\/\/k-demo.it\/cardetta\/accueil-2\/\"]}]},{\"@type\":\"BreadcrumbList\",\"@id\":\"https:\/\/k-demo.it\/cardetta\/accueil-2\/#breadcrumb\",\"itemListElement\":[{\"@type\":\"ListItem\",\"position\":1,\"name\":\"Home\",\"item\":\"https:\/\/k-demo.it\/cardetta\/homepage\/\"},{\"@type\":\"ListItem\",\"position\":2,\"name\":\"Accueil\"}]},{\"@type\":\"WebSite\",\"@id\":\"https:\/\/k-demo.it\/cardetta\/#website\",\"url\":\"https:\/\/k-demo.it\/cardetta\/\",\"name\":\"Emanuela Cardetta\",\"description\":\"Interprete e traduttrice\",\"potentialAction\":[{\"@type\":\"SearchAction\",\"target\":{\"@type\":\"EntryPoint\",\"urlTemplate\":\"https:\/\/k-demo.it\/cardetta\/?s={search_term_string}\"},\"query-input\":\"required name=search_term_string\"}],\"inLanguage\":\"it-IT\"}]}<\/script>\n<!-- \/ Yoast SEO plugin. -->","yoast_head_json":{"title":"Interpr\u00e8te et traductrice, italien, fran\u00e7ais, anglais, slovaque","description":"Interpr\u00e8te et traductrice - Italien, Fran\u00e7ais, Anglais, Slovaque. Interpr\u00e9tation, traduction, cours de langue. Sp\u00e9cialisations: vin, tourisme, immigration","robots":{"index":"index","follow":"follow","max-snippet":"max-snippet:-1","max-image-preview":"max-image-preview:large","max-video-preview":"max-video-preview:-1"},"canonical":"https:\/\/k-demo.it\/cardetta\/accueil-2\/","og_locale":"it_IT","og_type":"article","og_title":"Interpr\u00e8te et traductrice, italien, fran\u00e7ais, anglais, slovaque","og_description":"Interpr\u00e8te et traductrice - Italien, Fran\u00e7ais, Anglais, Slovaque. Interpr\u00e9tation, traduction, cours de langue. Sp\u00e9cialisations: vin, tourisme, immigration","og_url":"https:\/\/k-demo.it\/cardetta\/accueil-2\/","og_site_name":"Emanuela Cardetta","article_modified_time":"2022-03-24T11:57:23+00:00","twitter_card":"summary_large_image","twitter_site":"@EmanuelaParole","twitter_misc":{"Tempo di lettura stimato":"4 minuti"},"schema":{"@context":"https:\/\/schema.org","@graph":[{"@type":"WebPage","@id":"https:\/\/k-demo.it\/cardetta\/accueil-2\/","url":"https:\/\/k-demo.it\/cardetta\/accueil-2\/","name":"Interpr\u00e8te et traductrice, italien, fran\u00e7ais, anglais, slovaque","isPartOf":{"@id":"https:\/\/k-demo.it\/cardetta\/#website"},"datePublished":"2015-01-07T10:46:36+00:00","dateModified":"2022-03-24T11:57:23+00:00","description":"Interpr\u00e8te et traductrice - Italien, Fran\u00e7ais, Anglais, Slovaque. Interpr\u00e9tation, traduction, cours de langue. Sp\u00e9cialisations: vin, tourisme, immigration","breadcrumb":{"@id":"https:\/\/k-demo.it\/cardetta\/accueil-2\/#breadcrumb"},"inLanguage":"it-IT","potentialAction":[{"@type":"ReadAction","target":["https:\/\/k-demo.it\/cardetta\/accueil-2\/"]}]},{"@type":"BreadcrumbList","@id":"https:\/\/k-demo.it\/cardetta\/accueil-2\/#breadcrumb","itemListElement":[{"@type":"ListItem","position":1,"name":"Home","item":"https:\/\/k-demo.it\/cardetta\/homepage\/"},{"@type":"ListItem","position":2,"name":"Accueil"}]},{"@type":"WebSite","@id":"https:\/\/k-demo.it\/cardetta\/#website","url":"https:\/\/k-demo.it\/cardetta\/","name":"Emanuela Cardetta","description":"Interprete e traduttrice","potentialAction":[{"@type":"SearchAction","target":{"@type":"EntryPoint","urlTemplate":"https:\/\/k-demo.it\/cardetta\/?s={search_term_string}"},"query-input":"required name=search_term_string"}],"inLanguage":"it-IT"}]}},"lang":"fr","translations":{"fr":3512,"en":3328,"it":2774,"sk":3840},"jetpack_shortlink":"https:\/\/wp.me\/P4rV1K-UE","jetpack_sharing_enabled":true,"jetpack-related-posts":[],"pll_sync_post":[],"post_mailing_queue_ids":[],"_links":{"self":[{"href":"https:\/\/k-demo.it\/cardetta\/wp-json\/wp\/v2\/pages\/3512","targetHints":{"allow":["GET"]}}],"collection":[{"href":"https:\/\/k-demo.it\/cardetta\/wp-json\/wp\/v2\/pages"}],"about":[{"href":"https:\/\/k-demo.it\/cardetta\/wp-json\/wp\/v2\/types\/page"}],"author":[{"embeddable":true,"href":"https:\/\/k-demo.it\/cardetta\/wp-json\/wp\/v2\/users\/2"}],"replies":[{"embeddable":true,"href":"https:\/\/k-demo.it\/cardetta\/wp-json\/wp\/v2\/comments?post=3512"}],"version-history":[{"count":61,"href":"https:\/\/k-demo.it\/cardetta\/wp-json\/wp\/v2\/pages\/3512\/revisions"}],"predecessor-version":[{"id":7127,"href":"https:\/\/k-demo.it\/cardetta\/wp-json\/wp\/v2\/pages\/3512\/revisions\/7127"}],"wp:attachment":[{"href":"https:\/\/k-demo.it\/cardetta\/wp-json\/wp\/v2\/media?parent=3512"}],"curies":[{"name":"wp","href":"https:\/\/api.w.org\/{rel}","templated":true}]}}