
{"id":3105,"date":"2014-12-16T11:44:20","date_gmt":"2014-12-16T11:44:20","guid":{"rendered":"http:\/\/www.emanuela-cardetta.com\/?page_id=3105"},"modified":"2018-08-31T09:18:53","modified_gmt":"2018-08-31T09:18:53","slug":"trattamento-dei-cookie","status":"publish","type":"page","link":"https:\/\/k-demo.it\/cardetta\/trattamento-dei-cookie\/","title":{"rendered":"Cookie Policy"},"content":{"rendered":"<p><!--\n\n\n<h1><span style=\"color: #aa6a6a;\">Trattamento della privacy e cookie<\/span><\/h1>\n\n\n<strong>INFORMATIVA AI SENSI DELL\u2019ART.13 D.LGS N.196\/2003 \u201cCODICE PRIVACY\u201d<\/strong>\n\nAi sensi dell\u2019articolo 13 del D.lgs n.196\/2003, Le\/Vi forniamo le seguenti informazioni:\n1. I dati personali da voi forniti o acquisiti nell\u2019ambito della nostra attivit\u00e0 saranno trattati e salvati secondo le vigenti norme, con massima trasparenza e riservatezza.\n2. Il trattamento di tali dati personali sar\u00e0 finalizzato agli adempimenti degli obblighi di legge, contrattuali o derivanti da richieste o da incarichi conferiti dall\u2019interessato.\n3. I dati personali potranno essere utilizzati ai fini d\u2019invio di materiale informativo e pubblicitario o per comunicazioni riguardanti prodotti, servizi e\/o eventi illustrati in questo portale. I dati personali potranno essere utilizzati anche per il compimento di ricerche di mercato.\n4. Il trattamento pu\u00f2 essere effettuato anche e soprattutto con l\u2019ausilio di strumenti informatici con modalit\u00e0 idonee a garantire la sicurezza e la riservatezza dei dati.\n5. L\u2019autorizzazione all\u2019utilizzo dei dati \u00e8 facoltativa, tuttavia l\u2019eventuale rifiuto a fornirci, in tutto o in parte, i vostri dati personali o l\u2019autorizzazione al trattamento potrebbe comportare la mancata o parziale esecuzione del contratto ovvero l\u2019impossibilit\u00e0 di soddisfare le vostre richieste. Si rammenta, che il conferimento dei dati e il consenso al loro trattamento sono obbligatori al fine di poter inviare le informazioni richieste e le comunicazioni pubblicitarie come previsto dall\u2019art. 3.\n6. I dati potranno essere comunicati, esclusivamente per le finalit\u00e0 sopra indicate, a soggetti determinati al fine di adempiere agli obblighi di cui sopra.\n7. Il titolare del trattamento dei dati personali \u00e8 Emanuela Cardetta - P.I. 02761500301 - info@emanuelacardetta.com.\n8. Al titolare del trattamento potrete rivolgervi per far valere i vostri diritti cos\u00ec come previsto dall\u2019articolo 7 del D.lgs n.196\/2003. Di seguito riproduciamo tale articolo per vostra conoscenza.\n\n<strong>Art. 7 \u00a0Diritto di accesso ai dati personali ed altri diritti<\/strong>\n\n1. L'interessato ha diritto di ottenere la conferma dell'esistenza o meno di dati personali che lo riguardano, anche se non ancora registrati, e la loro comunicazione in forma intelligibile.\n2. L\u2019interessato ha diritto di ottenere l\u2019indicazione:\na) dell\u2019origine dei dati personali;\nb) delle finalit\u00e0 e modalit\u00e0 del trattamento;\nc) della logica applicata in caso di trattamento effettuato con l\u2019ausilio di strumenti elettronici;\nd) degli estremi identificativi del titolare, dei responsabili e del rappresentante designato ai sensi dell\u2019articolo 5, comma 2;\ne) dei soggetti o delle categorie di soggetti ai quali i dati personali possono essere comunicati o che possono venirne a conoscenza in qualit\u00e0 di rappresentante designato nel territorio dello Stato, di responsabili o incaricati.\n3. L\u2019interessato ha diritto di ottenere:\na) l'aggiornamento, la rettificazione ovvero, quando vi ha interesse, l'integrazione dei dati;\nb) la cancellazione, la trasformazione in forma anonima o il blocco dei dati trattati in violazione di legge, compresi quelli di cui non \u00e8 necessaria la conservazione in relazione agli scopi per i quali i dati sono stati raccolti o successivamente trattati;\nc) l'attestazione che le operazioni di cui alle lettere a) e b) sono state portate a conoscenza, anche per quanto riguarda il loro contenuto, di coloro ai quali i dati sono stati comunicati o diffusi, eccettuato il caso in cui tale adempimento si rivela impossibile o comporta un impiego di mezzi manifestamente sproporzionato rispetto al diritto tutelato.\n4. L\u2019interessato ha diritto di opporsi, in tutto o in parte:\na) per motivi legittimi al trattamento dei dati personali che lo riguardano, ancorch\u00e9 pertinenti allo scopo della raccolta;\nb) al trattamento di dati personali che lo riguardano a fini di invio di materiale pubblicitario o di vendita diretta o per il compimento di ricerche di mercato o di comunicazione commerciale.\n\n&nbsp;\n--><\/p>\n<p>Qui di seguito trovi la cookie policy che descrive l\u2019utilizzo dei cookie da parte di questo sito.<\/p>\n<p><a href=\"https:\/\/www.iubenda.com\/privacy-policy\/56844652\/cookie-policy\" class=\"iubenda-white no-brand iubenda-embed iub-body-embed\" title=\"Cookie Policy\">Cookie Policy<\/a><\/p>\n<p><script type=\"text\/javascript\">(function (w,d) {var loader = function () {var s = d.createElement(\"script\"), tag = d.getElementsByTagName(\"script\")[0]; s.src=\"https:\/\/cdn.iubenda.com\/iubenda.js\"; tag.parentNode.insertBefore(s,tag);}; if(w.addEventListener){w.addEventListener(\"load\", loader, false);}else if(w.attachEvent){w.attachEvent(\"onload\", loader);}else{w.onload = loader;}})(window, document);<\/script> <\/p>\n<p><!--\n\n\n<h1>Informativa estesa sull'uso dei cookie<\/h1>\n\n\n\n\n<p style=\"text-align: justify;\">Il presente sito web utilizza cookie tecnici per garantire il corretto funzionamento delle procedure e migliorare l'esperienza di uso delle applicazioni online. Il presente documento fornisce informazioni sull'uso dei cookie e di tecnologie similari, su come sono utilizzati dal sito e su come gestirli.<\/p>\n\n\n\n\n\n<h4 style=\"text-align: justify;\">Definizioni<\/h4>\n\n\n\n\n<p style=\"text-align: justify;\">I cookie sono piccoli file di testo che i siti visitati dagli utenti inviano ai loro terminali, ove vengono memorizzati per essere poi ritrasmessi agli stessi siti alla visita successiva. I cookie delle c.d. \"terze parti\" vengono, invece, impostati da un sito web diverso da quello che l'utente sta visitando. Questo perch\u00e9 su ogni sito possono essere presenti elementi (immagini, mappe, suoni, specifici link a pagine web di altri domini, ecc.) che risiedono su server diversi da quello del sito visitato.<\/p>\n\n\n\n\n\n<h4 style=\"text-align: justify;\">Tipologie di cookie<\/h4>\n\n\n\n\n<p style=\"text-align: justify;\">In base alle caratteristiche e all'utilizzo dei cookie si possono distinguere diverse categorie:<\/p>\n\n\n\n\n<p style=\"text-align: justify;\">- <strong>Cookie tecnici<\/strong>.\nI cookie tecnici sono quelli utilizzati al solo fine di \"effettuare la trasmissione di una comunicazione su una rete di comunicazione elettronica, o nella misura strettamente necessaria al fornitore di un servizio della societ\u00e0 dell'informazione esplicitamente richiesto dall'abbonato o dall'utente a erogare tale servizio\" (cfr. art. 122, comma 1, del Codice).\nEssi non vengono utilizzati per scopi ulteriori e sono normalmente installati direttamente dal titolare o gestore del sito web. Possono essere suddivisi in cookie di navigazione o di sessione, che garantiscono la normale navigazione e fruizione del sito web; cookie analytics, assimilati ai cookie tecnici laddove utilizzati direttamente dal gestore del sito per raccogliere informazioni, in forma aggregata, sul numero degli utenti e su come questi visitano il sito stesso; cookie di funzionalit\u00e0, che permettono all'utente la navigazione in funzione di una serie di criteri selezionati al fine di migliorare il servizio reso allo stesso. Per l'installazione di tali cookie non \u00e8 richiesto il preventivo consenso degli utenti, mentre resta fermo l'obbligo di dare l'informativa ai sensi dell'art. 13 del Codice, che il gestore del sito, qualora utilizzi soltanto tali dispositivi, potr\u00e0 fornire con le modalit\u00e0 che ritiene pi\u00f9 idonee.<\/p>\n\n\n\n\n<p style=\"text-align: justify;\">- <strong>Cookie di profilazione<\/strong>.\nI cookie di profilazione sono volti a creare profili relativi all'utente e vengono utilizzati al fine di inviare messaggi pubblicitari in linea con le preferenze manifestate dallo stesso nell'ambito della navigazione in rete. In ragione della particolare invasivit\u00e0 che tali dispositivi possono avere nell'ambito della sfera privata degli utenti, la normativa europea e italiana prevede che l'utente debba essere adeguatamente informato sull'uso degli stessi ed esprimere cos\u00ec il proprio valido consenso.\nAd essi si riferisce l'art. 122 del Codice laddove prevede che \"l'archiviazione delle informazioni nell'apparecchio terminale di un contraente o di un utente o l'accesso a informazioni gi\u00e0 archiviate sono consentiti unicamente a condizione che il contraente o l'utente abbia espresso il proprio consenso dopo essere stato informato con le modalit\u00e0 semplificate di cui all'articolo 13, comma 3\" (art. 122, comma 1, del Codice). Il presente sito non utilizza cookie di profilazione.<\/p>\n\n\n\n\n\n<h4 style=\"text-align: justify;\">Cookie di \"terze parti\"<\/h4>\n\n\n\n\n<p style=\"text-align: justify;\">Visitando il presente sito web si potrebbero ricevere cookie da siti gestiti da altre organizzazioni (\"terze parti\"). Un esempio \u00e8 rappresentato dalla presenza dei \"social plugin\" per Twitter o LinkedIn, oppure sistemi di visualizzazione di contenuti multimediali embedded (integrati) come ad esempio Youtube, Flikr. Si tratta di parti generate direttamente dai suddetti siti ed integrati nella pagina web del sito ospitante visitato. La presenza di questi plugin comporta la trasmissione di cookie da e verso tutti i siti gestiti da terze parti. La gestione delle informazioni raccolte da \"terze parti\" \u00e8 disciplinata dalle relative informative cui si prega di fare riferimento. Per garantire una maggiore trasparenza e comodit\u00e0, si riportano qui di seguito gli indirizzi web delle diverse informative e delle modalit\u00e0 per la gestione dei cookie.<\/p>\n\n\n\n\n<p style=\"text-align: justify;\">Twitter informative: <a href=\"https:\/\/support.twitter.com\/articles\/20170514\">https:\/\/support.twitter.com\/articles\/20170514<\/a>\nTwitter (configurazione): <a href=\"https:\/\/twitter.com\/settings\/security\">https:\/\/twitter.com\/settings\/security<\/a>\nLinkedin informativa: <a href=\"https:\/\/www.linkedin.com\/legal\/cookie-policy\">https:\/\/www.linkedin.com\/legal\/cookie-policy<\/a>\nLinkedin (configurazione): <a href=\"https:\/\/www.linkedin.com\/settings\/\">https:\/\/www.linkedin.com\/settings\/<\/a>\nYoutube\\Google+ informativa: <a href=\"http:\/\/www.google.it\/intl\/it\/policies\/technologies\/cookies\/\">http:\/\/www.google.it\/intl\/it\/policies\/technologies\/cookies\/<\/a>\nYoutube\\Google+ (configurazione): <a href=\"http:\/\/www.google.it\/intl\/it\/policies\/technologies\/managing\/\">http:\/\/www.google.it\/intl\/it\/policies\/technologies\/managing\/<\/a>\nPinterest informativa\\configurazione <a href=\"https:\/\/about.pinterest.com\/it\/privacy-policy\">https:\/\/about.pinterest.com\/it\/privacy-policy<\/a>\nFlikr\\Yahoo informativa <a href=\"http:\/\/info.yahoo.com\/privacy\/it\/yahoo\/cookies\/details.html\">http:\/\/info.yahoo.com\/privacy\/it\/yahoo\/cookies\/details.html<\/a>\nFlikr\\Yahoo (configurazione) <a href=\"http:\/\/info.yahoo.com\/privacy\/it\/yahoo\/opt_out\/targeting\/details.html\">http:\/\/info.yahoo.com\/privacy\/it\/yahoo\/opt_out\/targeting\/details.html<\/a><\/p>\n\n\n\n\n\n<h4 style=\"text-align: justify;\">Cookie analytics<\/h4>\n\n\n\n\n<h4 style=\"text-align: justify;\"><\/h4>\n\n\n\n\n<h4 style=\"text-align: justify;\">Google Analytics<\/h4>\n\n\n\n\n<p style=\"text-align: justify;\">Il sito include anche componenti trasmesse da Google Analytics, un servizio di analisi del traffico web fornito da Google, Inc. (\"Google\"). Tali cookie sono usati al solo fine di monitorare e migliorare le prestazioni del sito. Per ulteriori informazioni, si rinvia al link di seguito indicato:<\/p>\n\n\n\n\n<p style=\"text-align: justify;\"><a href=\"https:\/\/www.google.it\/policies\/privacy\/partners\/\">https:\/\/www.google.it\/policies\/privacy\/partners\/<\/a><\/p>\n\n\n\n\n<p style=\"text-align: justify;\">L'utente pu\u00f2 disabilitare in modo selettivo l'azione di Google Analytics installando sul proprio browser la componente di opt-out fornito da Google. Per disabilitare l'azione di Google Analytics, si rinvia al link di seguito indicato:<\/p>\n\n\n\n\n<p style=\"text-align: justify;\"><a href=\"https:\/\/tools.google.com\/dlpage\/gaoptout\">https:\/\/tools.google.com\/dlpage\/gaoptout<\/a><\/p>\n\n\n\n\n\n<h4 style=\"text-align: justify;\">Durata dei cookie<\/h4>\n\n\n\n\n<p style=\"text-align: justify;\">Alcuni cookie (cookie di sessione) restano attivi solo fino alla chiusura del browser o all'esecuzione dell'eventuale comando di logout. Altri cookie \"sopravvivono\" alla chiusura del browser e sono disponibili anche in successive visite dell'utente. Questi cookie sono detti persistenti e la loro durata \u00e8 fissata dal server al momento della loro creazione. In alcuni casi \u00e8 fissata una scadenza, in altri casi la durata \u00e8 illimitata.<\/p>\n\n\n\n\n\n<h4 style=\"text-align: justify;\">Gestione dei cookie<\/h4>\n\n\n\n\n<p style=\"text-align: justify;\">L'utente pu\u00f2 decidere se accettare o meno i cookie utilizzando le impostazioni del proprio browser.\nAttenzione: con la disabilitazione totale o parziale dei cookie tecnici potrebbe compromettere l'utilizzo ottimale del sito.\nLa disabilitazione dei cookie \"terze parti\" non pregiudica in alcun modo la navigabilit\u00e0.\nL'impostazione pu\u00f2 essere definita in modo specifico per i diversi siti e applicazioni web. Inoltre i browser consentono di definire impostazioni diverse per i cookie \"proprietari\" e per quelli di \"terze parti\". A titolo di esempio, in Firefox, attraverso il menu Strumenti-&gt;Opzioni-&gt;Privacy, \u00e8 possibile accedere ad un pannello di controllo dove \u00e8 possibile definire se accettare o meno i diversi tipi di cookie e procedere alla loro rimozione. In internet \u00e8 facilmente reperibile la documentazione su come impostare le regole di gestione dei cookies per il proprio browser, a titolo di esempio si riportano alcuni indirizzi relativi ai principali browser:<\/p>\n\n\nChrome: <a href=\"https:\/\/support.google.com\/chrome\/answer\/95647?hl=it\">https:\/\/support.google.com\/chrome\/answer\/95647?hl=it<\/a>\nFirefox: <a href=\"https:\/\/support.mozilla.org\/it\/kb\/Gestione%20dei%20cookie\">https:\/\/support.mozilla.org\/it\/kb\/Gestione%20dei%20cookie<\/a>\nInternet Explorer: <a href=\"http:\/\/windows.microsoft.com\/it-it\/windows7\/how-to-manage-cookies-in-internet-explorer-9\">http:\/\/windows.microsoft.com\/it-it\/windows7\/how-to-manage-cookies-in-internet-explorer-9<\/a>\nOpera: <a href=\"http:\/\/help.opera.com\/Windows\/10.00\/it\/cookies.html\">http:\/\/help.opera.com\/Windows\/10.00\/it\/cookies.html<\/a>\nSafari: <a href=\"http:\/\/support.apple.com\/kb\/HT1677?viewlocale=it_IT\">http:\/\/support.apple.com\/kb\/HT1677?viewlocale=it_IT<\/a>\n--><\/p>\n<p>L&#8217;utente pu\u00f2 anche revocare il consenso all&#8217;utilizzo dei cookie cliccando il bottone &#8220;Revoca consenso cookie&#8221; che trova qui di seguito:<\/p>\n<p>[cookie-control]<\/p>\n","protected":false},"excerpt":{"rendered":"<p>Qui di seguito trovi la cookie policy che descrive l\u2019utilizzo dei cookie da parte di questo sito. Cookie Policy L&#8217;utente pu\u00f2 anche revocare il consenso all&#8217;utilizzo dei cookie cliccando il bottone &#8220;Revoca consenso cookie&#8221; che trova qui di seguito: [cookie-control]<\/p>\n","protected":false},"author":2,"featured_media":0,"parent":0,"menu_order":0,"comment_status":"open","ping_status":"closed","template":"","meta":{"jetpack_post_was_ever_published":false,"footnotes":""},"class_list":["post-3105","page","type-page","status-publish","hentry"],"yoast_head":"<!-- This site is optimized with the Yoast SEO plugin v23.1 - https:\/\/yoast.com\/wordpress\/plugins\/seo\/ -->\n<title>Cookie Policy - Emanuela Cardetta<\/title>\n<meta name=\"robots\" content=\"index, follow, max-snippet:-1, max-image-preview:large, max-video-preview:-1\" \/>\n<link rel=\"canonical\" href=\"https:\/\/k-demo.it\/cardetta\/trattamento-dei-cookie\/\" \/>\n<meta property=\"og:locale\" content=\"it_IT\" \/>\n<meta property=\"og:type\" content=\"article\" \/>\n<meta property=\"og:title\" content=\"Cookie Policy - Emanuela Cardetta\" \/>\n<meta property=\"og:description\" content=\"Qui di seguito trovi la cookie policy che descrive l\u2019utilizzo dei cookie da parte di questo sito. Cookie Policy L&#8217;utente pu\u00f2 anche revocare il consenso all&#8217;utilizzo dei cookie cliccando il bottone &#8220;Revoca consenso cookie&#8221; che trova qui di seguito: [cookie-control]\" \/>\n<meta property=\"og:url\" content=\"https:\/\/k-demo.it\/cardetta\/trattamento-dei-cookie\/\" \/>\n<meta property=\"og:site_name\" content=\"Emanuela Cardetta\" \/>\n<meta property=\"article:modified_time\" content=\"2018-08-31T09:18:53+00:00\" \/>\n<meta name=\"twitter:card\" content=\"summary_large_image\" \/>\n<meta name=\"twitter:site\" content=\"@EmanuelaParole\" \/>\n<script type=\"application\/ld+json\" class=\"yoast-schema-graph\">{\"@context\":\"https:\/\/schema.org\",\"@graph\":[{\"@type\":\"WebPage\",\"@id\":\"https:\/\/k-demo.it\/cardetta\/trattamento-dei-cookie\/\",\"url\":\"https:\/\/k-demo.it\/cardetta\/trattamento-dei-cookie\/\",\"name\":\"Cookie Policy - Emanuela Cardetta\",\"isPartOf\":{\"@id\":\"https:\/\/k-demo.it\/cardetta\/#website\"},\"datePublished\":\"2014-12-16T11:44:20+00:00\",\"dateModified\":\"2018-08-31T09:18:53+00:00\",\"breadcrumb\":{\"@id\":\"https:\/\/k-demo.it\/cardetta\/trattamento-dei-cookie\/#breadcrumb\"},\"inLanguage\":\"it-IT\",\"potentialAction\":[{\"@type\":\"ReadAction\",\"target\":[\"https:\/\/k-demo.it\/cardetta\/trattamento-dei-cookie\/\"]}]},{\"@type\":\"BreadcrumbList\",\"@id\":\"https:\/\/k-demo.it\/cardetta\/trattamento-dei-cookie\/#breadcrumb\",\"itemListElement\":[{\"@type\":\"ListItem\",\"position\":1,\"name\":\"Home\",\"item\":\"https:\/\/k-demo.it\/cardetta\/homepage\/\"},{\"@type\":\"ListItem\",\"position\":2,\"name\":\"Cookie Policy\"}]},{\"@type\":\"WebSite\",\"@id\":\"https:\/\/k-demo.it\/cardetta\/#website\",\"url\":\"https:\/\/k-demo.it\/cardetta\/\",\"name\":\"Emanuela Cardetta\",\"description\":\"Interprete e traduttrice\",\"potentialAction\":[{\"@type\":\"SearchAction\",\"target\":{\"@type\":\"EntryPoint\",\"urlTemplate\":\"https:\/\/k-demo.it\/cardetta\/?s={search_term_string}\"},\"query-input\":\"required name=search_term_string\"}],\"inLanguage\":\"it-IT\"}]}<\/script>\n<!-- \/ Yoast SEO plugin. -->","yoast_head_json":{"title":"Cookie Policy - Emanuela Cardetta","robots":{"index":"index","follow":"follow","max-snippet":"max-snippet:-1","max-image-preview":"max-image-preview:large","max-video-preview":"max-video-preview:-1"},"canonical":"https:\/\/k-demo.it\/cardetta\/trattamento-dei-cookie\/","og_locale":"it_IT","og_type":"article","og_title":"Cookie Policy - Emanuela Cardetta","og_description":"Qui di seguito trovi la cookie policy che descrive l\u2019utilizzo dei cookie da parte di questo sito. Cookie Policy L&#8217;utente pu\u00f2 anche revocare il consenso all&#8217;utilizzo dei cookie cliccando il bottone &#8220;Revoca consenso cookie&#8221; che trova qui di seguito: [cookie-control]","og_url":"https:\/\/k-demo.it\/cardetta\/trattamento-dei-cookie\/","og_site_name":"Emanuela Cardetta","article_modified_time":"2018-08-31T09:18:53+00:00","twitter_card":"summary_large_image","twitter_site":"@EmanuelaParole","schema":{"@context":"https:\/\/schema.org","@graph":[{"@type":"WebPage","@id":"https:\/\/k-demo.it\/cardetta\/trattamento-dei-cookie\/","url":"https:\/\/k-demo.it\/cardetta\/trattamento-dei-cookie\/","name":"Cookie Policy - Emanuela Cardetta","isPartOf":{"@id":"https:\/\/k-demo.it\/cardetta\/#website"},"datePublished":"2014-12-16T11:44:20+00:00","dateModified":"2018-08-31T09:18:53+00:00","breadcrumb":{"@id":"https:\/\/k-demo.it\/cardetta\/trattamento-dei-cookie\/#breadcrumb"},"inLanguage":"it-IT","potentialAction":[{"@type":"ReadAction","target":["https:\/\/k-demo.it\/cardetta\/trattamento-dei-cookie\/"]}]},{"@type":"BreadcrumbList","@id":"https:\/\/k-demo.it\/cardetta\/trattamento-dei-cookie\/#breadcrumb","itemListElement":[{"@type":"ListItem","position":1,"name":"Home","item":"https:\/\/k-demo.it\/cardetta\/homepage\/"},{"@type":"ListItem","position":2,"name":"Cookie Policy"}]},{"@type":"WebSite","@id":"https:\/\/k-demo.it\/cardetta\/#website","url":"https:\/\/k-demo.it\/cardetta\/","name":"Emanuela Cardetta","description":"Interprete e traduttrice","potentialAction":[{"@type":"SearchAction","target":{"@type":"EntryPoint","urlTemplate":"https:\/\/k-demo.it\/cardetta\/?s={search_term_string}"},"query-input":"required name=search_term_string"}],"inLanguage":"it-IT"}]}},"lang":"it","translations":{"it":3105,"en":6242,"fr":6245,"sk":6462},"jetpack_shortlink":"https:\/\/wp.me\/P4rV1K-O5","jetpack_sharing_enabled":true,"jetpack-related-posts":[],"pll_sync_post":[],"post_mailing_queue_ids":[],"_links":{"self":[{"href":"https:\/\/k-demo.it\/cardetta\/wp-json\/wp\/v2\/pages\/3105","targetHints":{"allow":["GET"]}}],"collection":[{"href":"https:\/\/k-demo.it\/cardetta\/wp-json\/wp\/v2\/pages"}],"about":[{"href":"https:\/\/k-demo.it\/cardetta\/wp-json\/wp\/v2\/types\/page"}],"author":[{"embeddable":true,"href":"https:\/\/k-demo.it\/cardetta\/wp-json\/wp\/v2\/users\/2"}],"replies":[{"embeddable":true,"href":"https:\/\/k-demo.it\/cardetta\/wp-json\/wp\/v2\/comments?post=3105"}],"version-history":[{"count":22,"href":"https:\/\/k-demo.it\/cardetta\/wp-json\/wp\/v2\/pages\/3105\/revisions"}],"predecessor-version":[{"id":6241,"href":"https:\/\/k-demo.it\/cardetta\/wp-json\/wp\/v2\/pages\/3105\/revisions\/6241"}],"wp:attachment":[{"href":"https:\/\/k-demo.it\/cardetta\/wp-json\/wp\/v2\/media?parent=3105"}],"curies":[{"name":"wp","href":"https:\/\/api.w.org\/{rel}","templated":true}]}}